{"id":4630,"date":"2025-01-23T11:31:14","date_gmt":"2025-01-23T11:31:14","guid":{"rendered":"https:\/\/ec.itmonks.dev\/pt\/?page_id=4630"},"modified":"2025-07-17T11:49:15","modified_gmt":"2025-07-17T11:49:15","slug":"codigo-de-conduta","status":"publish","type":"page","link":"https:\/\/ec.itmonks.dev\/pt\/condicoes\/codigo-de-conduta\/","title":{"rendered":"C\u00f3digo de Conduta"},"content":{"rendered":"\n<div class=\"wp-block-group alignwide has-global-padding is-layout-constrained wp-block-group-is-layout-constrained\" style=\"padding-top:var(--wp--preset--spacing--xs);padding-bottom:var(--wp--preset--spacing--xs)\">\n<div class=\"wp-block-group alignwide has-global-padding is-content-justification-left is-layout-constrained wp-container-core-group-is-layout-12dd3699 wp-block-group-is-layout-constrained\"><div class=\"yoast-breadcrumbs\"><span><span><a href=\"https:\/\/ecenglish.com\/pt\/\">Home<\/a><\/span> <svg viewBox=\"0 0 4 6\" xmlns=\"http:\/\/www.w3.org\/2000\/svg\"><path d=\"M.863 1.78a.659.659 0 0 1 0-.937.673.673 0 0 1 .946 0l1.976 1.96a.727.727 0 0 1 0 1.032l-1.97 1.953a.673.673 0 0 1-1.091-.215.659.659 0 0 1 .145-.723l1.545-1.531L.863 1.78Z\"\/><\/svg> <span><a href=\"https:\/\/ecenglish.com\/pt\/condicoes\/\">Policy Documents<\/a><\/span> <svg viewBox=\"0 0 4 6\" xmlns=\"http:\/\/www.w3.org\/2000\/svg\"><path d=\"M.863 1.78a.659.659 0 0 1 0-.937.673.673 0 0 1 .946 0l1.976 1.96a.727.727 0 0 1 0 1.032l-1.97 1.953a.673.673 0 0 1-1.091-.215.659.659 0 0 1 .145-.723l1.545-1.531L.863 1.78Z\"\/><\/svg> <span class=\"breadcrumb_last\" aria-current=\"page\">C\u00f3digo de Conduta<\/span><\/span><\/div><\/div>\n<\/div>\n\n\n\n<div class=\"wp-block-group alignwide has-global-padding is-layout-constrained wp-block-group-is-layout-constrained\" style=\"margin-top:var(--wp--preset--spacing--xxl);margin-bottom:var(--wp--preset--spacing--xxl)\">\n<div class=\"wp-block-group alignwide is-layout-flow wp-container-core-group-is-layout-07b55995 wp-block-group-is-layout-flow\" style=\"margin-top:0;margin-bottom:0\">\n<h1 class=\"wp-block-heading\"><strong><strong>C\u00f3digo de Conduta do Estudante da E<\/strong><\/strong>C<\/h1>\n\n\n\n<p style=\"padding-top:var(--wp--preset--spacing--s);padding-bottom:var(--wp--preset--spacing--s)\" class=\"\">A EC est\u00e1 comprometida em promover um ambiente de aprendizagem que reflita os valores de respeito, dignidade, honestidade, integridade, toler\u00e2ncia, igualdade e diversidade. Esperamos que os alunos matriculados na EC se comportem de forma madura, respeitosa e cooperativa em todos os momentos. Professores, equipe administrativa e alunos contribuem para criar um ambiente de aprendizagem positivo na sala de aula e no campus.<\/p>\n\n\n\n<p class=\"\">Espera-se que os alunos:<\/p>\n\n\n\n<ul class=\"wp-block-list\">\n<li>respeitar a equipe da EC, os professores, os colegas e suas propriedades e se comportar de maneira respons\u00e1vel<\/li>\n<\/ul>\n\n\n\n<ul class=\"wp-block-list\">\n<li>evitar linguagem ou a\u00e7\u00f5es que possam prejudicar ou causar danos a outra pessoa na escola<\/li>\n<\/ul>\n\n\n\n<ul class=\"wp-block-list\">\n<li>identificar-se quando questionado por um membro da equipe da EC<\/li>\n<\/ul>\n\n\n\n<ul class=\"wp-block-list\">\n<li>frequentar as aulas regularmente e chegar na hora certa, de acordo com a Pol\u00edtica de Frequ\u00eancia da EC\u00a0<\/li>\n<\/ul>\n\n\n\n<ul class=\"wp-block-list\">\n<li>conclua o dever de casa no prazo, ajude e crie um ambiente de aprendizagem produtivo durante a aula&nbsp;<\/li>\n<\/ul>\n\n\n\n<ul class=\"wp-block-list\">\n<li>guarde os celulares na aula quando solicitado<\/li>\n<\/ul>\n\n\n\n<ul class=\"wp-block-list\">\n<li>evitar a\u00e7\u00f5es que possam danificar o ambiente escolar ou violar leis locais e\/ou nacionais&nbsp;<\/li>\n<\/ul>\n\n\n\n<ul class=\"wp-block-list\">\n<li>obedecer aos sinais e leis de proibi\u00e7\u00e3o de fumar e fumar apenas em \u00e1reas designadas para fumantes&nbsp;&nbsp;<\/li>\n<\/ul>\n\n\n\n<ul class=\"wp-block-list\">\n<li>evite jogar lixo no ch\u00e3o colocando todas as pontas de cigarro nos cinzeiros e todo o resto do lixo nas latas de lixo \u2013 tanto dentro quanto fora do pr\u00e9dio da escola&nbsp;<\/li>\n<\/ul>\n\n\n\n<ul class=\"wp-block-list\">\n<li>seja respeitoso com as pessoas que entram\/saem do pr\u00e9dio ou andam nas cal\u00e7adas do lado de fora do pr\u00e9dio<\/li>\n\n\n\n<li>fale ingl\u00eas apenas na escola, incluindo salas de aula, corredores, escrit\u00f3rios e salas de estar dos alunos<\/li>\n<\/ul>\n<\/div>\n<\/div>\n","protected":false},"excerpt":{"rendered":"<p>C\u00f3digo de Conduta do Estudante da EC A EC est\u00e1 comprometida em promover um ambiente de aprendizagem que reflita os<\/p>\n","protected":false},"author":9,"featured_media":0,"parent":4215,"menu_order":0,"comment_status":"closed","ping_status":"closed","template":"","meta":{"_acf_changed":false,"_trash_the_other_posts":false,"footnotes":""},"page_category":[],"activity_category":[],"activity_location":[],"course_category":[],"destination_age_group":[],"destination_category":[],"lesson_category":[],"class_list":["post-4630","page","type-page","status-publish","hentry"],"acf":[],"yoast_head":"<!-- This site is optimized with the Yoast SEO plugin v26.8 - https:\/\/yoast.com\/product\/yoast-seo-wordpress\/ -->\n<title>C\u00f3digo de Conduta do Aluno - Escolas de L\u00edngua Inglesa da EC<\/title>\n<meta name=\"description\" content=\"Pol\u00edtica de c\u00f3digo de conduta para estudantes que frequentam as escolas de l\u00ednguas da EC\u202f\" \/>\n<meta name=\"robots\" content=\"noindex, follow, max-snippet:-1, max-image-preview:large, max-video-preview:-1\" \/>\n<meta property=\"og:locale\" content=\"en_US\" \/>\n<meta property=\"og:type\" content=\"article\" \/>\n<meta property=\"og:title\" content=\"C\u00f3digo de Conduta do Aluno - Escolas de L\u00edngua Inglesa da EC\" \/>\n<meta property=\"og:description\" content=\"Pol\u00edtica de c\u00f3digo de conduta para estudantes que frequentam as escolas de l\u00ednguas da EC\u202f\" \/>\n<meta property=\"og:url\" content=\"https:\/\/ecenglish.com\/pt\/condicoes\/codigo-de-conduta\/\" \/>\n<meta property=\"og:site_name\" content=\"EC English ( PT )\" \/>\n<meta property=\"article:modified_time\" content=\"2025-07-17T11:49:15+00:00\" \/>\n<meta name=\"twitter:card\" content=\"summary_large_image\" \/>\n<meta name=\"twitter:label1\" content=\"Est. reading time\" \/>\n\t<meta name=\"twitter:data1\" content=\"2 minutes\" \/>\n<script type=\"application\/ld+json\" class=\"yoast-schema-graph\">{\"@context\":\"https:\/\/schema.org\",\"@graph\":[{\"@type\":\"WebPage\",\"@id\":\"https:\/\/ecenglish.com\/pt\/condicoes\/codigo-de-conduta\/\",\"url\":\"https:\/\/ecenglish.com\/pt\/condicoes\/codigo-de-conduta\/\",\"name\":\"C\u00f3digo de Conduta do Aluno - Escolas de L\u00edngua Inglesa da EC\",\"isPartOf\":{\"@id\":\"https:\/\/ec.itmonks.dev\/pt\/#website\"},\"datePublished\":\"2025-01-23T11:31:14+00:00\",\"dateModified\":\"2025-07-17T11:49:15+00:00\",\"description\":\"Pol\u00edtica de c\u00f3digo de conduta para estudantes que frequentam as escolas de l\u00ednguas da EC\u202f\",\"breadcrumb\":{\"@id\":\"https:\/\/ecenglish.com\/pt\/condicoes\/codigo-de-conduta\/#breadcrumb\"},\"inLanguage\":\"en-US\",\"potentialAction\":[{\"@type\":\"ReadAction\",\"target\":[\"https:\/\/ecenglish.com\/pt\/condicoes\/codigo-de-conduta\/\"]}]},{\"@type\":\"BreadcrumbList\",\"@id\":\"https:\/\/ecenglish.com\/pt\/condicoes\/codigo-de-conduta\/#breadcrumb\",\"itemListElement\":[{\"@type\":\"ListItem\",\"position\":1,\"name\":\"Home\",\"item\":\"https:\/\/ecenglish.com\/pt\/\"},{\"@type\":\"ListItem\",\"position\":2,\"name\":\"Policy Documents\",\"item\":\"https:\/\/ecenglish.com\/pt\/condicoes\/\"},{\"@type\":\"ListItem\",\"position\":3,\"name\":\"C\u00f3digo de Conduta\"}]},{\"@type\":\"WebSite\",\"@id\":\"https:\/\/ec.itmonks.dev\/pt\/#website\",\"url\":\"https:\/\/ec.itmonks.dev\/pt\/\",\"name\":\"EC English ( PT )\",\"description\":\"\",\"potentialAction\":[{\"@type\":\"SearchAction\",\"target\":{\"@type\":\"EntryPoint\",\"urlTemplate\":\"https:\/\/ec.itmonks.dev\/pt\/?s={search_term_string}\"},\"query-input\":{\"@type\":\"PropertyValueSpecification\",\"valueRequired\":true,\"valueName\":\"search_term_string\"}}],\"inLanguage\":\"en-US\"}]}<\/script>\n<!-- \/ Yoast SEO plugin. -->","yoast_head_json":{"title":"C\u00f3digo de Conduta do Aluno - Escolas de L\u00edngua Inglesa da EC","description":"Pol\u00edtica de c\u00f3digo de conduta para estudantes que frequentam as escolas de l\u00ednguas da EC\u202f","robots":{"index":"noindex","follow":"follow","max-snippet":"max-snippet:-1","max-image-preview":"max-image-preview:large","max-video-preview":"max-video-preview:-1"},"og_locale":"en_US","og_type":"article","og_title":"C\u00f3digo de Conduta do Aluno - Escolas de L\u00edngua Inglesa da EC","og_description":"Pol\u00edtica de c\u00f3digo de conduta para estudantes que frequentam as escolas de l\u00ednguas da EC\u202f","og_url":"https:\/\/ecenglish.com\/pt\/condicoes\/codigo-de-conduta\/","og_site_name":"EC English ( PT )","article_modified_time":"2025-07-17T11:49:15+00:00","twitter_card":"summary_large_image","twitter_misc":{"Est. reading time":"2 minutes"},"schema":{"@context":"https:\/\/schema.org","@graph":[{"@type":"WebPage","@id":"https:\/\/ecenglish.com\/pt\/condicoes\/codigo-de-conduta\/","url":"https:\/\/ecenglish.com\/pt\/condicoes\/codigo-de-conduta\/","name":"C\u00f3digo de Conduta do Aluno - Escolas de L\u00edngua Inglesa da EC","isPartOf":{"@id":"https:\/\/ec.itmonks.dev\/pt\/#website"},"datePublished":"2025-01-23T11:31:14+00:00","dateModified":"2025-07-17T11:49:15+00:00","description":"Pol\u00edtica de c\u00f3digo de conduta para estudantes que frequentam as escolas de l\u00ednguas da EC\u202f","breadcrumb":{"@id":"https:\/\/ecenglish.com\/pt\/condicoes\/codigo-de-conduta\/#breadcrumb"},"inLanguage":"en-US","potentialAction":[{"@type":"ReadAction","target":["https:\/\/ecenglish.com\/pt\/condicoes\/codigo-de-conduta\/"]}]},{"@type":"BreadcrumbList","@id":"https:\/\/ecenglish.com\/pt\/condicoes\/codigo-de-conduta\/#breadcrumb","itemListElement":[{"@type":"ListItem","position":1,"name":"Home","item":"https:\/\/ecenglish.com\/pt\/"},{"@type":"ListItem","position":2,"name":"Policy Documents","item":"https:\/\/ecenglish.com\/pt\/condicoes\/"},{"@type":"ListItem","position":3,"name":"C\u00f3digo de Conduta"}]},{"@type":"WebSite","@id":"https:\/\/ec.itmonks.dev\/pt\/#website","url":"https:\/\/ec.itmonks.dev\/pt\/","name":"EC English ( PT )","description":"","potentialAction":[{"@type":"SearchAction","target":{"@type":"EntryPoint","urlTemplate":"https:\/\/ec.itmonks.dev\/pt\/?s={search_term_string}"},"query-input":{"@type":"PropertyValueSpecification","valueRequired":true,"valueName":"search_term_string"}}],"inLanguage":"en-US"}]}},"_links":{"self":[{"href":"https:\/\/ec.itmonks.dev\/pt\/wp-json\/wp\/v2\/pages\/4630","targetHints":{"allow":["GET"]}}],"collection":[{"href":"https:\/\/ec.itmonks.dev\/pt\/wp-json\/wp\/v2\/pages"}],"about":[{"href":"https:\/\/ec.itmonks.dev\/pt\/wp-json\/wp\/v2\/types\/page"}],"author":[{"embeddable":true,"href":"https:\/\/ec.itmonks.dev\/pt\/wp-json\/wp\/v2\/users\/9"}],"replies":[{"embeddable":true,"href":"https:\/\/ec.itmonks.dev\/pt\/wp-json\/wp\/v2\/comments?post=4630"}],"version-history":[{"count":5,"href":"https:\/\/ec.itmonks.dev\/pt\/wp-json\/wp\/v2\/pages\/4630\/revisions"}],"predecessor-version":[{"id":17205,"href":"https:\/\/ec.itmonks.dev\/pt\/wp-json\/wp\/v2\/pages\/4630\/revisions\/17205"}],"up":[{"embeddable":true,"href":"https:\/\/ec.itmonks.dev\/pt\/wp-json\/wp\/v2\/pages\/4215"}],"wp:attachment":[{"href":"https:\/\/ec.itmonks.dev\/pt\/wp-json\/wp\/v2\/media?parent=4630"}],"wp:term":[{"taxonomy":"page_category","embeddable":true,"href":"https:\/\/ec.itmonks.dev\/pt\/wp-json\/wp\/v2\/page_category?post=4630"},{"taxonomy":"activity_category","embeddable":true,"href":"https:\/\/ec.itmonks.dev\/pt\/wp-json\/wp\/v2\/activity_category?post=4630"},{"taxonomy":"activity_location","embeddable":true,"href":"https:\/\/ec.itmonks.dev\/pt\/wp-json\/wp\/v2\/activity_location?post=4630"},{"taxonomy":"course_category","embeddable":true,"href":"https:\/\/ec.itmonks.dev\/pt\/wp-json\/wp\/v2\/course_category?post=4630"},{"taxonomy":"destination_age_group","embeddable":true,"href":"https:\/\/ec.itmonks.dev\/pt\/wp-json\/wp\/v2\/destination_age_group?post=4630"},{"taxonomy":"destination_category","embeddable":true,"href":"https:\/\/ec.itmonks.dev\/pt\/wp-json\/wp\/v2\/destination_category?post=4630"},{"taxonomy":"lesson_category","embeddable":true,"href":"https:\/\/ec.itmonks.dev\/pt\/wp-json\/wp\/v2\/lesson_category?post=4630"}],"curies":[{"name":"wp","href":"https:\/\/api.w.org\/{rel}","templated":true}]}}