{"id":4217,"date":"2025-01-21T16:01:02","date_gmt":"2025-01-21T16:01:02","guid":{"rendered":"https:\/\/ec.itmonks.dev\/pt\/?page_id=4217"},"modified":"2025-03-07T15:55:00","modified_gmt":"2025-03-07T15:55:00","slug":"menores-de-18-anos","status":"publish","type":"page","link":"https:\/\/ec.itmonks.dev\/pt\/condicoes\/menores-de-18-anos\/","title":{"rendered":"Menores de 18 anos nas escolas EC"},"content":{"rendered":"\n<div class=\"wp-block-group alignwide has-global-padding is-layout-constrained wp-block-group-is-layout-constrained\" style=\"padding-top:var(--wp--preset--spacing--xs);padding-bottom:var(--wp--preset--spacing--xs)\">\n<div class=\"wp-block-group alignwide has-global-padding is-content-justification-left is-layout-constrained wp-container-core-group-is-layout-12dd3699 wp-block-group-is-layout-constrained\"><div class=\"yoast-breadcrumbs\"><span><span><a href=\"https:\/\/ecenglish.com\/pt\/\">Home<\/a><\/span> <svg viewBox=\"0 0 4 6\" xmlns=\"http:\/\/www.w3.org\/2000\/svg\"><path d=\"M.863 1.78a.659.659 0 0 1 0-.937.673.673 0 0 1 .946 0l1.976 1.96a.727.727 0 0 1 0 1.032l-1.97 1.953a.673.673 0 0 1-1.091-.215.659.659 0 0 1 .145-.723l1.545-1.531L.863 1.78Z\"\/><\/svg> <span><a href=\"https:\/\/ecenglish.com\/pt\/condicoes\/\">Policy Documents<\/a><\/span> <svg viewBox=\"0 0 4 6\" xmlns=\"http:\/\/www.w3.org\/2000\/svg\"><path d=\"M.863 1.78a.659.659 0 0 1 0-.937.673.673 0 0 1 .946 0l1.976 1.96a.727.727 0 0 1 0 1.032l-1.97 1.953a.673.673 0 0 1-1.091-.215.659.659 0 0 1 .145-.723l1.545-1.531L.863 1.78Z\"\/><\/svg> <span class=\"breadcrumb_last\" aria-current=\"page\">Menores de 18 anos nas escolas EC<\/span><\/span><\/div><\/div>\n<\/div>\n\n\n\n<div class=\"wp-block-group alignwide has-global-padding is-layout-constrained wp-block-group-is-layout-constrained\" style=\"margin-top:var(--wp--preset--spacing--xxl);margin-bottom:var(--wp--preset--spacing--xxl)\">\n<div class=\"wp-block-group alignwide is-layout-flow wp-container-core-group-is-layout-07b55995 wp-block-group-is-layout-flow\" style=\"margin-top:0;margin-bottom:0\">\n<h1 class=\"wp-block-heading\"><strong><strong>Pol\u00edtica para menores de 18 anos nas escolas da EC do Reino Unido<\/strong><\/strong><\/h1>\n\n\n\n<p style=\"padding-top:var(--wp--preset--spacing--s);padding-bottom:var(--wp--preset--spacing--s)\" class=\"\">Embora os Centros e cursos da EC sejam projetados principalmente para alunos com 18 anos ou mais, recebemos alunos com 16 anos ou mais em todos os nossos centros do Reino Unido. No entanto, observe que a EC n\u00e3o fornece supervis\u00e3o 24 horas. As viagens de ida e volta para a escola ser\u00e3o sem supervis\u00e3o e \u00e0s custas do aluno. Para a seguran\u00e7a do aluno, as casas de fam\u00edlia s\u00e3o obrigadas a relatar as chegadas ap\u00f3s o toque de recolher \u00e0 noite, 7 dias por semana, e os professores sinalizar\u00e3o quaisquer aus\u00eancias dentro de 30 minutos do in\u00edcio da aula para confirmar o paradeiro do aluno. Os alunos menores de 18 anos que frequentam um centro da EC e desejam reservar acomoda\u00e7\u00e3o com a EC s\u00e3o obrigados a ficar em acomoda\u00e7\u00f5es de meia pens\u00e3o (os alunos precisar\u00e3o comprar seu pr\u00f3prio almo\u00e7o, que custar\u00e1 at\u00e9 \u00a3 6,00 por dia).<\/p>\n\n\n\n<p class=\"\">As notas a seguir foram preparadas para Pais e Respons\u00e1veis \u200b\u200bde alunos menores de 18 anos para ajud\u00e1-los a entender o que esperar quando seus filhos vierem estudar na EC. Os pais\/respons\u00e1veis \u200b\u200bs\u00e3o solicitados a ler estas notas antes de inscrever seus filhos para estudar em nossos centros.<\/p>\n\n\n\n<p class=\"\">Indu\u00e7\u00e3o para alunos menores de 18 anos<\/p>\n\n\n\n<p class=\"\">Quando vierem estudar conosco, os alunos menores de 18 anos receber\u00e3o uma indu\u00e7\u00e3o pelos membros designados da equipe do centro respons\u00e1veis \u200b\u200bpor menores de 18 anos. Essa indu\u00e7\u00e3o inclui informa\u00e7\u00f5es importantes, como regras da escola e do Reino Unido sobre menores de 18 anos, hor\u00e1rios de toque de recolher, n\u00fameros de emerg\u00eancia, bem como os servi\u00e7os de suporte fornecidos pela EC e com quem os alunos podem falar se precisarem de ajuda.<\/p>\n\n\n\n<p class=\"\">O toque de recolher para jovens de 16 a 17 anos \u00e9 23:00<\/p>\n\n\n\n<p class=\"\">Estudantes menores de 18 anos receber\u00e3o um folheto informativo quando vierem estudar na EC.<\/p>\n\n\n\n<p class=\"\">Encontros semanais para alunos menores de 18 anos<\/p>\n\n\n\n<p class=\"\">Os alunos menores de 18 anos que frequentam um centro EC ter\u00e3o uma reuni\u00e3o semanal com os membros designados da equipe do centro respons\u00e1veis \u200b\u200bpor menores de 18 anos para verificar seu bem-estar. Esta reuni\u00e3o tamb\u00e9m \u00e9 uma oportunidade para discutir quaisquer problemas ou perguntas que os alunos possam ter.<\/p>\n\n\n\n<p class=\"\">Consentimento parental para menores de 18 anos que estudam no Reino Unido<\/p>\n\n\n\n<p class=\"\">Pais\/respons\u00e1veis \u200b\u200bde alunos menores de 18 anos estudando em centros da EC ser\u00e3o solicitados a preencher um formul\u00e1rio de permiss\u00e3o parental e consentimento m\u00e9dico no momento da reserva.<\/p>\n\n\n\n<p class=\"\">Viagem para menores de 18 anos estudando no Reino Unido<\/p>\n\n\n\n<p class=\"\">A EC exige que os alunos de 16 e 17 anos que chegarem ao Reino Unido entre 20h e 8h tenham traslados do aeroporto organizados pela escola na chegada. Recomendamos que os alunos de 16 e 17 anos que chegarem fora desse hor\u00e1rio reservem os traslados do aeroporto organizados pela escola. No entanto, n\u00e3o insistimos, desde que a escola receba os detalhes da viagem do aluno com anteced\u00eancia (hor\u00e1rios e n\u00fameros de voo), n\u00famero de telefone de contato e confirma\u00e7\u00e3o de como o aluno ir\u00e1 do aeroporto at\u00e9 sua acomoda\u00e7\u00e3o e seu hor\u00e1rio previsto de chegada ao local de destino. A EC tamb\u00e9m recomenda que os alunos de 16 e 17 anos reservem os traslados do aeroporto na partida.<\/p>\n\n\n\n<p class=\"\">Salvaguarda e Prote\u00e7\u00e3o da Crian\u00e7a<\/p>\n\n\n\n<p class=\"\">A EC UK tem uma Pol\u00edtica de Salvaguarda e Prote\u00e7\u00e3o Infantil e uma Pol\u00edtica de Seguran\u00e7a Eletr\u00f4nica para a prote\u00e7\u00e3o dos alunos, incluindo aqueles menores de 18 anos que estudam em nossos centros.<\/p>\n\n\n\n<p class=\"\"><a href=\"https:\/\/ec.itmonks.dev\/pt\/wp-content\/uploads\/sites\/11\/2025\/02\/ec-safety-and-child-protection-policy_v2.22.pdf\">Pol\u00edtica de salvaguarda e prote\u00e7\u00e3o \u00e0 crian\u00e7a &#8211; Reino Unido<\/a><\/p>\n\n\n\n<p class=\"\"><a href=\"https:\/\/ec.itmonks.dev\/pt\/wp-content\/uploads\/sites\/11\/2025\/02\/esafety_policy_uk.pdf\" target=\"_blank\" rel=\"noreferrer noopener\">Pol\u00edtica de seguran\u00e7a eletr\u00f4nica do Reino Unido<\/a><\/p>\n\n\n\n<p class=\"\"><a href=\"https:\/\/ec.itmonks.dev\/pt\/wp-content\/uploads\/sites\/11\/2025\/02\/safeguarding_who_brighton.pdf\" target=\"_blank\" rel=\"noreferrer noopener\">Brighton &#8211; Salvaguarda e Preven\u00e7\u00e3o &#8211; Quem \u00e9 Quem<\/a><\/p>\n\n\n\n<p class=\"\"><a href=\"https:\/\/ec.itmonks.dev\/pt\/wp-content\/uploads\/sites\/11\/2025\/02\/safeguarding_who_bristol.pdf\" target=\"_blank\" rel=\"noreferrer noopener\">Bristol &#8211; Salvaguarda e Preven\u00e7\u00e3o &#8211; Quem \u00e9 Quem<\/a><\/p>\n\n\n\n<p class=\"\"><a href=\"https:\/\/ec.itmonks.dev\/pt\/wp-content\/uploads\/sites\/11\/2025\/02\/safeguarding_who_cambridge.pdf\" target=\"_blank\" rel=\"noreferrer noopener\">Cambridge &#8211; Salvaguarda e Preven\u00e7\u00e3o &#8211; Quem \u00e9 Quem<\/a><\/p>\n\n\n\n<p class=\"\"><a href=\"https:\/\/ec.itmonks.dev\/pt\/wp-content\/uploads\/sites\/11\/2025\/02\/safeguarding_who_cambridge.pdf\">Londres &#8211; Salvaguarda e Preven\u00e7\u00e3o &#8211; Quem \u00e9 Quem<\/a><\/p>\n\n\n\n<p class=\"\"><a href=\"https:\/\/ec.itmonks.dev\/pt\/wp-content\/uploads\/sites\/11\/2025\/02\/safeguarding_who_manchester.pdf\">Manchester &#8211; Salvaguarda e Preven\u00e7\u00e3o &#8211; Quem \u00e9 Quem<\/a><\/p>\n\n\n\n<p class=\"\"><a href=\"https:\/\/ec.itmonks.dev\/pt\/wp-content\/uploads\/sites\/11\/2025\/02\/parentalconsentform.pdf\">Formul\u00e1rio de autoriza\u00e7\u00e3o parental<\/a><\/p>\n<\/div>\n<\/div>\n","protected":false},"excerpt":{"rendered":"<p>Pol\u00edtica para menores de 18 anos nas escolas da EC do Reino Unido Embora os Centros e cursos da EC<\/p>\n","protected":false},"author":9,"featured_media":0,"parent":4215,"menu_order":0,"comment_status":"closed","ping_status":"closed","template":"","meta":{"_acf_changed":false,"_trash_the_other_posts":false,"footnotes":""},"page_category":[],"activity_category":[],"activity_location":[],"course_category":[],"destination_age_group":[],"destination_category":[],"lesson_category":[],"class_list":["post-4217","page","type-page","status-publish","hentry"],"acf":[],"yoast_head":"<!-- This site is optimized with the Yoast SEO plugin v26.8 - https:\/\/yoast.com\/product\/yoast-seo-wordpress\/ -->\n<title>Documentos de pol\u00edtica Reino Unido Menores de 18 anos - EC<\/title>\n<meta name=\"description\" content=\"Documentos de pol\u00edtica do Reino Unido para menores de 18 anos na EC English UK\" \/>\n<meta name=\"robots\" content=\"noindex, follow, max-snippet:-1, max-image-preview:large, max-video-preview:-1\" \/>\n<meta property=\"og:locale\" content=\"en_US\" \/>\n<meta property=\"og:type\" content=\"article\" \/>\n<meta property=\"og:title\" content=\"Documentos de pol\u00edtica Reino Unido Menores de 18 anos - EC\" \/>\n<meta property=\"og:description\" content=\"Documentos de pol\u00edtica do Reino Unido para menores de 18 anos na EC English UK\" \/>\n<meta property=\"og:url\" content=\"https:\/\/ecenglish.com\/pt\/condicoes\/menores-de-18-anos\/\" \/>\n<meta property=\"og:site_name\" content=\"EC English ( PT )\" \/>\n<meta property=\"article:modified_time\" content=\"2025-03-07T15:55:00+00:00\" \/>\n<meta name=\"twitter:card\" content=\"summary_large_image\" \/>\n<meta name=\"twitter:label1\" content=\"Est. reading time\" \/>\n\t<meta name=\"twitter:data1\" content=\"6 minutes\" \/>\n<script type=\"application\/ld+json\" class=\"yoast-schema-graph\">{\"@context\":\"https:\/\/schema.org\",\"@graph\":[{\"@type\":\"WebPage\",\"@id\":\"https:\/\/ecenglish.com\/pt\/condicoes\/menores-de-18-anos\/\",\"url\":\"https:\/\/ecenglish.com\/pt\/condicoes\/menores-de-18-anos\/\",\"name\":\"Documentos de pol\u00edtica Reino Unido Menores de 18 anos - EC\",\"isPartOf\":{\"@id\":\"https:\/\/ec.itmonks.dev\/pt\/#website\"},\"datePublished\":\"2025-01-21T16:01:02+00:00\",\"dateModified\":\"2025-03-07T15:55:00+00:00\",\"description\":\"Documentos de pol\u00edtica do Reino Unido para menores de 18 anos na EC English UK\",\"breadcrumb\":{\"@id\":\"https:\/\/ecenglish.com\/pt\/condicoes\/menores-de-18-anos\/#breadcrumb\"},\"inLanguage\":\"en-US\",\"potentialAction\":[{\"@type\":\"ReadAction\",\"target\":[\"https:\/\/ecenglish.com\/pt\/condicoes\/menores-de-18-anos\/\"]}]},{\"@type\":\"BreadcrumbList\",\"@id\":\"https:\/\/ecenglish.com\/pt\/condicoes\/menores-de-18-anos\/#breadcrumb\",\"itemListElement\":[{\"@type\":\"ListItem\",\"position\":1,\"name\":\"Home\",\"item\":\"https:\/\/ecenglish.com\/pt\/\"},{\"@type\":\"ListItem\",\"position\":2,\"name\":\"Policy Documents\",\"item\":\"https:\/\/ecenglish.com\/pt\/condicoes\/\"},{\"@type\":\"ListItem\",\"position\":3,\"name\":\"Menores de 18 anos nas escolas EC\"}]},{\"@type\":\"WebSite\",\"@id\":\"https:\/\/ec.itmonks.dev\/pt\/#website\",\"url\":\"https:\/\/ec.itmonks.dev\/pt\/\",\"name\":\"EC English ( PT )\",\"description\":\"\",\"potentialAction\":[{\"@type\":\"SearchAction\",\"target\":{\"@type\":\"EntryPoint\",\"urlTemplate\":\"https:\/\/ec.itmonks.dev\/pt\/?s={search_term_string}\"},\"query-input\":{\"@type\":\"PropertyValueSpecification\",\"valueRequired\":true,\"valueName\":\"search_term_string\"}}],\"inLanguage\":\"en-US\"}]}<\/script>\n<!-- \/ Yoast SEO plugin. -->","yoast_head_json":{"title":"Documentos de pol\u00edtica Reino Unido Menores de 18 anos - EC","description":"Documentos de pol\u00edtica do Reino Unido para menores de 18 anos na EC English UK","robots":{"index":"noindex","follow":"follow","max-snippet":"max-snippet:-1","max-image-preview":"max-image-preview:large","max-video-preview":"max-video-preview:-1"},"og_locale":"en_US","og_type":"article","og_title":"Documentos de pol\u00edtica Reino Unido Menores de 18 anos - EC","og_description":"Documentos de pol\u00edtica do Reino Unido para menores de 18 anos na EC English UK","og_url":"https:\/\/ecenglish.com\/pt\/condicoes\/menores-de-18-anos\/","og_site_name":"EC English ( PT )","article_modified_time":"2025-03-07T15:55:00+00:00","twitter_card":"summary_large_image","twitter_misc":{"Est. reading time":"6 minutes"},"schema":{"@context":"https:\/\/schema.org","@graph":[{"@type":"WebPage","@id":"https:\/\/ecenglish.com\/pt\/condicoes\/menores-de-18-anos\/","url":"https:\/\/ecenglish.com\/pt\/condicoes\/menores-de-18-anos\/","name":"Documentos de pol\u00edtica Reino Unido Menores de 18 anos - EC","isPartOf":{"@id":"https:\/\/ec.itmonks.dev\/pt\/#website"},"datePublished":"2025-01-21T16:01:02+00:00","dateModified":"2025-03-07T15:55:00+00:00","description":"Documentos de pol\u00edtica do Reino Unido para menores de 18 anos na EC English UK","breadcrumb":{"@id":"https:\/\/ecenglish.com\/pt\/condicoes\/menores-de-18-anos\/#breadcrumb"},"inLanguage":"en-US","potentialAction":[{"@type":"ReadAction","target":["https:\/\/ecenglish.com\/pt\/condicoes\/menores-de-18-anos\/"]}]},{"@type":"BreadcrumbList","@id":"https:\/\/ecenglish.com\/pt\/condicoes\/menores-de-18-anos\/#breadcrumb","itemListElement":[{"@type":"ListItem","position":1,"name":"Home","item":"https:\/\/ecenglish.com\/pt\/"},{"@type":"ListItem","position":2,"name":"Policy Documents","item":"https:\/\/ecenglish.com\/pt\/condicoes\/"},{"@type":"ListItem","position":3,"name":"Menores de 18 anos nas escolas EC"}]},{"@type":"WebSite","@id":"https:\/\/ec.itmonks.dev\/pt\/#website","url":"https:\/\/ec.itmonks.dev\/pt\/","name":"EC English ( PT )","description":"","potentialAction":[{"@type":"SearchAction","target":{"@type":"EntryPoint","urlTemplate":"https:\/\/ec.itmonks.dev\/pt\/?s={search_term_string}"},"query-input":{"@type":"PropertyValueSpecification","valueRequired":true,"valueName":"search_term_string"}}],"inLanguage":"en-US"}]}},"_links":{"self":[{"href":"https:\/\/ec.itmonks.dev\/pt\/wp-json\/wp\/v2\/pages\/4217","targetHints":{"allow":["GET"]}}],"collection":[{"href":"https:\/\/ec.itmonks.dev\/pt\/wp-json\/wp\/v2\/pages"}],"about":[{"href":"https:\/\/ec.itmonks.dev\/pt\/wp-json\/wp\/v2\/types\/page"}],"author":[{"embeddable":true,"href":"https:\/\/ec.itmonks.dev\/pt\/wp-json\/wp\/v2\/users\/9"}],"replies":[{"embeddable":true,"href":"https:\/\/ec.itmonks.dev\/pt\/wp-json\/wp\/v2\/comments?post=4217"}],"version-history":[{"count":10,"href":"https:\/\/ec.itmonks.dev\/pt\/wp-json\/wp\/v2\/pages\/4217\/revisions"}],"predecessor-version":[{"id":14399,"href":"https:\/\/ec.itmonks.dev\/pt\/wp-json\/wp\/v2\/pages\/4217\/revisions\/14399"}],"up":[{"embeddable":true,"href":"https:\/\/ec.itmonks.dev\/pt\/wp-json\/wp\/v2\/pages\/4215"}],"wp:attachment":[{"href":"https:\/\/ec.itmonks.dev\/pt\/wp-json\/wp\/v2\/media?parent=4217"}],"wp:term":[{"taxonomy":"page_category","embeddable":true,"href":"https:\/\/ec.itmonks.dev\/pt\/wp-json\/wp\/v2\/page_category?post=4217"},{"taxonomy":"activity_category","embeddable":true,"href":"https:\/\/ec.itmonks.dev\/pt\/wp-json\/wp\/v2\/activity_category?post=4217"},{"taxonomy":"activity_location","embeddable":true,"href":"https:\/\/ec.itmonks.dev\/pt\/wp-json\/wp\/v2\/activity_location?post=4217"},{"taxonomy":"course_category","embeddable":true,"href":"https:\/\/ec.itmonks.dev\/pt\/wp-json\/wp\/v2\/course_category?post=4217"},{"taxonomy":"destination_age_group","embeddable":true,"href":"https:\/\/ec.itmonks.dev\/pt\/wp-json\/wp\/v2\/destination_age_group?post=4217"},{"taxonomy":"destination_category","embeddable":true,"href":"https:\/\/ec.itmonks.dev\/pt\/wp-json\/wp\/v2\/destination_category?post=4217"},{"taxonomy":"lesson_category","embeddable":true,"href":"https:\/\/ec.itmonks.dev\/pt\/wp-json\/wp\/v2\/lesson_category?post=4217"}],"curies":[{"name":"wp","href":"https:\/\/api.w.org\/{rel}","templated":true}]}}