{"id":4632,"date":"2025-01-23T11:32:38","date_gmt":"2025-01-23T11:32:38","guid":{"rendered":"https:\/\/ec.itmonks.dev\/it\/?page_id=4632"},"modified":"2025-03-20T10:18:31","modified_gmt":"2025-03-20T10:18:31","slug":"politica-di-accoglienza","status":"publish","type":"page","link":"https:\/\/ec.itmonks.dev\/it\/politiche\/politica-di-accoglienza\/","title":{"rendered":"Politica di alloggio"},"content":{"rendered":"\n<div class=\"wp-block-group alignwide has-global-padding is-layout-constrained wp-block-group-is-layout-constrained\" style=\"padding-top:var(--wp--preset--spacing--xs);padding-bottom:var(--wp--preset--spacing--xs)\">\n<div class=\"wp-block-group alignwide has-global-padding is-content-justification-left is-layout-constrained wp-container-core-group-is-layout-12dd3699 wp-block-group-is-layout-constrained\"><div class=\"yoast-breadcrumbs\"><span><span><a href=\"https:\/\/ecenglish.com\/it\/\">Home<\/a><\/span> <svg viewBox=\"0 0 4 6\" xmlns=\"http:\/\/www.w3.org\/2000\/svg\"><path d=\"M.863 1.78a.659.659 0 0 1 0-.937.673.673 0 0 1 .946 0l1.976 1.96a.727.727 0 0 1 0 1.032l-1.97 1.953a.673.673 0 0 1-1.091-.215.659.659 0 0 1 .145-.723l1.545-1.531L.863 1.78Z\"\/><\/svg> <span><a href=\"https:\/\/ecenglish.com\/it\/politiche\/\">Policy Documents<\/a><\/span> <svg viewBox=\"0 0 4 6\" xmlns=\"http:\/\/www.w3.org\/2000\/svg\"><path d=\"M.863 1.78a.659.659 0 0 1 0-.937.673.673 0 0 1 .946 0l1.976 1.96a.727.727 0 0 1 0 1.032l-1.97 1.953a.673.673 0 0 1-1.091-.215.659.659 0 0 1 .145-.723l1.545-1.531L.863 1.78Z\"\/><\/svg> <span class=\"breadcrumb_last\" aria-current=\"page\">Politica di alloggio<\/span><\/span><\/div><\/div>\n<\/div>\n\n\n\n<div class=\"wp-block-group alignwide has-global-padding is-layout-constrained wp-block-group-is-layout-constrained\" style=\"margin-top:var(--wp--preset--spacing--xxl);margin-bottom:var(--wp--preset--spacing--xxl)\">\n<div class=\"wp-block-group alignwide is-layout-flow wp-container-core-group-is-layout-07b55995 wp-block-group-is-layout-flow\" style=\"margin-top:0;margin-bottom:0\">\n<h1 class=\"wp-block-heading\"><strong>Politica di alloggio<\/strong><\/h1>\n\n\n\n<h2 class=\"wp-block-heading\"><strong>Termini e condizioni per gli studenti EC<\/strong><\/h2>\n\n\n\n<p class=\"\">POLITICHE DI ALLOGGIO&nbsp;<\/p>\n\n\n\n<ul class=\"wp-block-list\">\n<li>Agli studenti che arrivano in famiglia o in residenza tra le 22.00 e le 08.00 potrebbe essere chiesto di prenotare una sistemazione alternativa in un hotel per la prima notte a causa dell&#8217;arrivo in ritardo\/anticipo presso la sistemazione. Alcune opzioni di sistemazione potrebbero addebitare supplementi\/tariffe per arrivo in ritardo. Queste informazioni sono disponibili al momento della prenotazione.<\/li>\n\n\n\n<li>Un deposito rimborsabile per l&#8217;alloggio potrebbe essere addebitato all&#8217;arrivo agli studenti che prendono un alloggio residenziale. Si prega di notare che le tariffe del deposito variano in base alla sede della scuola e la tariffa e la procedura sono elencate nella scheda informativa Residence.<\/li>\n\n\n\n<li>Una settimana parziale tra 3 e 6 notti verr\u00e0 addebitata come una settimana di alloggio. I soggiorni di 1 o 2 notti sono soggetti a disponibilit\u00e0 e si applicheranno prezzi a notte.<\/li>\n\n\n\n<li>Ove possibile, saranno soddisfatte esigenze alimentari particolari. La disponibilit\u00e0 e le eventuali tariffe applicabili saranno confermate su richiesta.<\/li>\n\n\n\n<li>L&#8217;EC pu\u00f2 avvalersi di partner attentamente selezionati per ospitare gli studenti presso famiglie ospitanti idonee.<\/li>\n\n\n\n<li>Qualora l&#8217;EC riceva un esito positivo alla domanda di visto meno di 7 giorni lavorativi prima dell&#8217;arrivo, l&#8217;EC si riserva il diritto di offrire una sistemazione alternativa, che potrebbe comportare costi aggiuntivi.<\/li>\n\n\n\n<li>Qualora la data di arrivo dovesse essere posticipata a causa del ritardo nelle richieste di visto, la CE non potr\u00e0 garantire l&#8217;assegnazione dell&#8217;alloggio originale.<\/li>\n\n\n\n<li>Qualora EC abbia sostenuto spese per la prenotazione dell&#8217;alloggio per lo studente a causa di modifiche allo stato del visto, EC si riserva il diritto di addebitare tali spese.<\/li>\n\n\n\n<li>Le estensioni dell&#8217;alloggio dopo l&#8217;arrivo sono soggette a disponibilit\u00e0 e non possono essere garantite. Si prega di notare che le estensioni dell&#8217;ultimo minuto potrebbero essere soggette a un aumento di prezzo.<\/li>\n\n\n\n<li>Le richieste di sistemazione per il prossimo anno solare saranno quotate alle tariffe dell&#8217;anno successivo. Se EC interrompe l&#8217;offerta del prodotto di sistemazione confermato, le scuole offriranno un&#8217;alternativa comparabile.<\/li>\n\n\n\n<li>Le richieste di alloggio con almeno 2 anni di anticipo possono essere confermate solo per l&#8217;alloggio in famiglia e saranno confermate alle tariffe dell&#8217;anno successivo.<\/li>\n\n\n\n<li>La tariffa annuale di prenotazione per i rinvii pu\u00f2 essere garantita solo fino a 12 mesi dalla data di inizio della prenotazione originale. Nel caso in cui EC interrompa l&#8217;offerta del prodotto di alloggio confermato, le scuole offriranno un&#8217;alternativa comparabile. Se la prenotazione viene ulteriormente rinviata, si applicheranno nuove tariffe e agli studenti verr\u00e0 chiesto di pagare la differenza per qualsiasi upgrade.<\/li>\n\n\n\n<li>Non garantiamo sistemazioni condivise da un solo genere. Tuttavia, gli studenti che condividono la stessa camera da letto saranno dello stesso genere. Possono essere fatte eccezioni per coppie adulte o fratelli che viaggiano verso una famiglia ospitante\/residenza chiedendo di essere sistemati nella stessa stanza. La richiesta di fratelli di genere misto di condividere la stessa famiglia ospitante in cui uno o entrambi sono minorenni pu\u00f2 essere ammessa caso per caso.<\/li>\n\n\n\n<li>Le scuole faranno ogni sforzo per garantire che agli studenti non venga assegnata la condivisione di una stanza\/appartamento con parlanti della stessa lingua. Tuttavia, ci\u00f2 \u00e8 basato sulla disponibilit\u00e0 e potrebbe non essere operativamente possibile. Piani di pagamento disponibili per studenti a lungo termine<\/li>\n<\/ul>\n\n\n\n<p class=\"\"><strong>POLITICHE DI ALLOGGIO PER MINORI (SOTTO I 18 ANNI)<\/strong>&nbsp;<\/p>\n\n\n\n<ul class=\"wp-block-list\">\n<li>Se si soggiorna in una sistemazione EC, il minore di 18 anni (U18) deve soggiornare nella stessa stanza del genitore o tutore.<\/li>\n\n\n\n<li>La richiesta che fratelli di genere misto condividano la stessa famiglia ospitante, qualora uno o entrambi siano minorenni, pu\u00f2 essere ammissibile caso per caso.<\/li>\n\n\n\n<li>I minorenni sono tenuti a prenotare un soggiorno in famiglia con mezza pensione con EC per tutta la durata del loro soggiorno fino al compimento dei 18 anni. Camera doppia se due studenti che viaggiano insieme sono dello stesso sesso. Saranno fatte eccezioni solo quando i minorenni soggiornano in una sistemazione con i genitori o tutori legali di et\u00e0 pari o superiore a 25 anni (come designato e confermato tramite il modulo di consenso dei genitori fornito). Gli studenti che hanno prenotato un corso per adulti e che non viaggiano con un genitore o tutore e che arrivano o partono tra le 20:00 e le 8:00 sono tenuti ad acquistare i trasferimenti tramite EC<\/li>\n<\/ul>\n\n\n\n<p class=\"\"><strong>ESPULSIONE<\/strong>&nbsp;<\/p>\n\n\n\n<p class=\"\">EC si riserva il diritto di espellere studenti da un corso EC e\/o da un alloggio EC per comportamento inaccettabile o illegale o per mancanza di frequenza. Non verr\u00e0 effettuato alcun rimborso e tutte le tasse non pagate diventeranno immediatamente esigibili (esclusi gli Stati Uniti e Vancouver). Il rimpatrio \u00e8 a spese dello studente. Gli studenti espulsi da un corso EC non hanno pi\u00f9 diritto all&#8217;alloggio EC. Saranno applicate le politiche di rimborso dell&#8217;alloggio. EC ha una politica di tolleranza zero per discriminazione, bullismo e molestie sul posto di lavoro, in classe e negli alloggi. EC si aspetta che gli studenti si comportino in modo rispettoso nei confronti di coloro che li circondano. La condotta inappropriata include, ma non \u00e8 limitata a:<\/p>\n\n\n\n<ol class=\"wp-block-list\">\n<li>interruzioni dell&#8217;ambiente di apprendimento o dell&#8217;ambiente di vita fornito dalla CE (ad esempio, uso di parolacce, molestie, ecc.)<\/li>\n<\/ol>\n\n\n\n<p class=\"\">2. distruzione deliberata, uso improprio o furto di propriet\u00e0 dell&#8217;EC, di alloggi dell&#8217;EC o di propriet\u00e0 di compagni di classe, famiglie ospitanti o coinquilini.<\/p>\n\n\n\n<p class=\"\">3. violenza o minacce di violenza verso persone o propriet\u00e0 di studenti o personale scolastico.<\/p>\n\n\n\n<p class=\"\">4. molestie sessuali, comprese avances indesiderate o qualsiasi altro comportamento inappropriato di natura sessuale.<\/p>\n\n\n\n<p class=\"\">5. uso improprio della posta elettronica o dell&#8217;accesso a Internet.<\/p>\n\n\n\n<p class=\"\">6. mancato rispetto delle leggi sul copyright.<\/p>\n\n\n\n<p class=\"\">7. uso di droghe (inclusa la marijuana ove legale) o alcol nei locali della CE, compresi gli alloggi della CE e\/o quando si \u00e8 minorenni<\/p>\n\n\n\n<p class=\"\"><strong>DANNI ALLA PROPRIET\u00c0<\/strong>&nbsp;<\/p>\n\n\n\n<p class=\"\">Gli studenti devono pagare l&#8217;intero costo di qualsiasi danno arrecato alla propriet\u00e0. Possono essere applicati depositi cauzionali per alcune opzioni di alloggio. Questi sono pagabili al momento del check-in o il primo giorno di scuola.<\/p>\n\n\n\n<p class=\"\"><strong>RESPONSABILIT\u00c0<\/strong>&nbsp;<\/p>\n\n\n\n<p class=\"\">EC e il suo personale e rappresentanti non saranno responsabili per perdite, danni o lesioni a persone o propriet\u00e0 in qualunque modo causati, eccetto nei casi in cui la responsabilit\u00e0 sia espressamente imposta dalla legge. EC non sar\u00e0 responsabile nel caso in cui un servizio contrattualmente fornito da EC diventi impossibile da fornire per qualsiasi ragione o causa al di fuori del controllo di EC.<\/p>\n\n\n\n<p class=\"\"><strong>ANNULLAMENTO DELL&#8217;ALLOGGIO PRIMA DELL&#8217;ARRIVO<\/strong>&nbsp;<\/p>\n\n\n\n<p class=\"\">Agli studenti che annullano o posticipano 14 giorni o meno prima delle date di sistemazione, per motivi diversi dal rifiuto del visto, verr\u00e0 addebitata una quota di due settimane di sistemazione alla tariffa indicata nel listino prezzi per la sistemazione prenotata e la quota di collocamento della sistemazione. La sistemazione prenotata tramite EC che non \u00e8 soggetta ai termini di cancellazione standard deve essere annullata o posticipata secondo i termini di cancellazione indicati al momento della prenotazione per evitare una penale di cancellazione, che potrebbe ammontare all&#8217;intero costo del soggiorno. Si prega inoltre di fare riferimento ai Termini e condizioni per ogni residenza, disponibili sulle schede informative pertinenti reperibili su ecenglish.com o di verificare con il proprio rappresentante EC.<\/p>\n\n\n\n<p class=\"\"><strong>ANNULLAMENTO DELL&#8217;ALLOGGIO, RIDUZIONE DOPO L&#8217;ARRIVO O &#8220;NO SHOW&#8221;<\/strong>&nbsp;<\/p>\n\n\n\n<p class=\"\">Gli studenti che lasciano il loro alloggio devono dare preavviso scritto 4 settimane prima della cessazione. Se non viene fornito il preavviso di 4 settimane, verr\u00e0 applicata una penale di cancellazione pari a 4 settimane del costo dell&#8217;alloggio. Dopo aver dedotto il prezzo dell&#8217;alloggio utilizzato alla tariffa indicata nel listino prezzi, incluso il periodo di preavviso richiesto addebitato alla stessa tariffa, agli studenti verranno rimborsati i costi di alloggio rimanenti. Nota: alcune opzioni di alloggio potrebbero essere soggette a spese di cancellazione alternative. Qualora queste differissero da quelle sopra indicate, gli studenti saranno informati al momento della prenotazione. Si prega inoltre di fare riferimento ai Termini e condizioni per ciascuna residenza, disponibili nelle schede informative pertinenti presenti sul sito dei nostri partner o di verificare con il proprio rappresentante EC.<\/p>\n\n\n\n<p class=\"\"><strong>MODIFICHE ALLA SISTEMAZIONE<\/strong>&nbsp;<\/p>\n\n\n\n<p class=\"\">EC si riserva il diritto di addebitare una commissione amministrativa pari a $ 150\/50 GBP\/80 EUR ogni volta che la sistemazione viene modificata o posticipata dopo che EC ha confermato la sistemazione richiesta.&nbsp;<\/p>\n<\/div>\n<\/div>\n","protected":false},"excerpt":{"rendered":"<p>Politica di alloggio Termini e condizioni per gli studenti EC POLITICHE DI ALLOGGIO&nbsp; POLITICHE DI ALLOGGIO PER MINORI (SOTTO I<\/p>\n","protected":false},"author":9,"featured_media":0,"parent":4215,"menu_order":0,"comment_status":"closed","ping_status":"closed","template":"","meta":{"_acf_changed":false,"_trash_the_other_posts":false,"footnotes":""},"page_category":[],"activity_category":[],"activity_location":[],"course_category":[],"destination_age_group":[],"destination_category":[],"lesson_category":[],"class_list":["post-4632","page","type-page","status-publish","hentry"],"acf":[],"yoast_head":"<!-- This site is optimized with the Yoast SEO plugin v26.8 - https:\/\/yoast.com\/product\/yoast-seo-wordpress\/ -->\n<title>Politica di alloggio EC English - EC English Schools<\/title>\n<meta name=\"description\" content=\"Politica di alloggio Termini e condizioni di EC English per gli studenti EC\" \/>\n<meta name=\"robots\" content=\"noindex, follow, max-snippet:-1, max-image-preview:large, max-video-preview:-1\" \/>\n<meta property=\"og:locale\" content=\"en_US\" \/>\n<meta property=\"og:type\" content=\"article\" \/>\n<meta property=\"og:title\" content=\"Politica di alloggio EC English - EC English Schools\" \/>\n<meta property=\"og:description\" content=\"Politica di alloggio Termini e condizioni di EC English per gli studenti EC\" \/>\n<meta property=\"og:url\" content=\"https:\/\/ecenglish.com\/it\/politiche\/politica-di-accoglienza\/\" \/>\n<meta property=\"og:site_name\" content=\"EC English ( IT )\" \/>\n<meta property=\"article:modified_time\" content=\"2025-03-20T10:18:31+00:00\" \/>\n<meta name=\"twitter:card\" content=\"summary_large_image\" \/>\n<meta name=\"twitter:label1\" content=\"Est. reading time\" \/>\n\t<meta name=\"twitter:data1\" content=\"6 minutes\" \/>\n<script type=\"application\/ld+json\" class=\"yoast-schema-graph\">{\"@context\":\"https:\/\/schema.org\",\"@graph\":[{\"@type\":\"WebPage\",\"@id\":\"https:\/\/ecenglish.com\/it\/politiche\/politica-di-accoglienza\/\",\"url\":\"https:\/\/ecenglish.com\/it\/politiche\/politica-di-accoglienza\/\",\"name\":\"Politica di alloggio EC English - EC English Schools\",\"isPartOf\":{\"@id\":\"https:\/\/ec.itmonks.dev\/it\/#website\"},\"datePublished\":\"2025-01-23T11:32:38+00:00\",\"dateModified\":\"2025-03-20T10:18:31+00:00\",\"description\":\"Politica di alloggio Termini e condizioni di EC English per gli studenti EC\",\"breadcrumb\":{\"@id\":\"https:\/\/ecenglish.com\/it\/politiche\/politica-di-accoglienza\/#breadcrumb\"},\"inLanguage\":\"en-US\",\"potentialAction\":[{\"@type\":\"ReadAction\",\"target\":[\"https:\/\/ecenglish.com\/it\/politiche\/politica-di-accoglienza\/\"]}]},{\"@type\":\"BreadcrumbList\",\"@id\":\"https:\/\/ecenglish.com\/it\/politiche\/politica-di-accoglienza\/#breadcrumb\",\"itemListElement\":[{\"@type\":\"ListItem\",\"position\":1,\"name\":\"Home\",\"item\":\"https:\/\/ecenglish.com\/it\/\"},{\"@type\":\"ListItem\",\"position\":2,\"name\":\"Policy Documents\",\"item\":\"https:\/\/ecenglish.com\/it\/politiche\/\"},{\"@type\":\"ListItem\",\"position\":3,\"name\":\"Politica di alloggio\"}]},{\"@type\":\"WebSite\",\"@id\":\"https:\/\/ec.itmonks.dev\/it\/#website\",\"url\":\"https:\/\/ec.itmonks.dev\/it\/\",\"name\":\"EC English ( IT )\",\"description\":\"\",\"potentialAction\":[{\"@type\":\"SearchAction\",\"target\":{\"@type\":\"EntryPoint\",\"urlTemplate\":\"https:\/\/ec.itmonks.dev\/it\/?s={search_term_string}\"},\"query-input\":{\"@type\":\"PropertyValueSpecification\",\"valueRequired\":true,\"valueName\":\"search_term_string\"}}],\"inLanguage\":\"en-US\"}]}<\/script>\n<!-- \/ Yoast SEO plugin. -->","yoast_head_json":{"title":"Politica di alloggio EC English - EC English Schools","description":"Politica di alloggio Termini e condizioni di EC English per gli studenti EC","robots":{"index":"noindex","follow":"follow","max-snippet":"max-snippet:-1","max-image-preview":"max-image-preview:large","max-video-preview":"max-video-preview:-1"},"og_locale":"en_US","og_type":"article","og_title":"Politica di alloggio EC English - EC English Schools","og_description":"Politica di alloggio Termini e condizioni di EC English per gli studenti EC","og_url":"https:\/\/ecenglish.com\/it\/politiche\/politica-di-accoglienza\/","og_site_name":"EC English ( IT )","article_modified_time":"2025-03-20T10:18:31+00:00","twitter_card":"summary_large_image","twitter_misc":{"Est. reading time":"6 minutes"},"schema":{"@context":"https:\/\/schema.org","@graph":[{"@type":"WebPage","@id":"https:\/\/ecenglish.com\/it\/politiche\/politica-di-accoglienza\/","url":"https:\/\/ecenglish.com\/it\/politiche\/politica-di-accoglienza\/","name":"Politica di alloggio EC English - EC English Schools","isPartOf":{"@id":"https:\/\/ec.itmonks.dev\/it\/#website"},"datePublished":"2025-01-23T11:32:38+00:00","dateModified":"2025-03-20T10:18:31+00:00","description":"Politica di alloggio Termini e condizioni di EC English per gli studenti EC","breadcrumb":{"@id":"https:\/\/ecenglish.com\/it\/politiche\/politica-di-accoglienza\/#breadcrumb"},"inLanguage":"en-US","potentialAction":[{"@type":"ReadAction","target":["https:\/\/ecenglish.com\/it\/politiche\/politica-di-accoglienza\/"]}]},{"@type":"BreadcrumbList","@id":"https:\/\/ecenglish.com\/it\/politiche\/politica-di-accoglienza\/#breadcrumb","itemListElement":[{"@type":"ListItem","position":1,"name":"Home","item":"https:\/\/ecenglish.com\/it\/"},{"@type":"ListItem","position":2,"name":"Policy Documents","item":"https:\/\/ecenglish.com\/it\/politiche\/"},{"@type":"ListItem","position":3,"name":"Politica di alloggio"}]},{"@type":"WebSite","@id":"https:\/\/ec.itmonks.dev\/it\/#website","url":"https:\/\/ec.itmonks.dev\/it\/","name":"EC English ( IT )","description":"","potentialAction":[{"@type":"SearchAction","target":{"@type":"EntryPoint","urlTemplate":"https:\/\/ec.itmonks.dev\/it\/?s={search_term_string}"},"query-input":{"@type":"PropertyValueSpecification","valueRequired":true,"valueName":"search_term_string"}}],"inLanguage":"en-US"}]}},"_links":{"self":[{"href":"https:\/\/ec.itmonks.dev\/it\/wp-json\/wp\/v2\/pages\/4632","targetHints":{"allow":["GET"]}}],"collection":[{"href":"https:\/\/ec.itmonks.dev\/it\/wp-json\/wp\/v2\/pages"}],"about":[{"href":"https:\/\/ec.itmonks.dev\/it\/wp-json\/wp\/v2\/types\/page"}],"author":[{"embeddable":true,"href":"https:\/\/ec.itmonks.dev\/it\/wp-json\/wp\/v2\/users\/9"}],"replies":[{"embeddable":true,"href":"https:\/\/ec.itmonks.dev\/it\/wp-json\/wp\/v2\/comments?post=4632"}],"version-history":[{"count":5,"href":"https:\/\/ec.itmonks.dev\/it\/wp-json\/wp\/v2\/pages\/4632\/revisions"}],"predecessor-version":[{"id":16150,"href":"https:\/\/ec.itmonks.dev\/it\/wp-json\/wp\/v2\/pages\/4632\/revisions\/16150"}],"up":[{"embeddable":true,"href":"https:\/\/ec.itmonks.dev\/it\/wp-json\/wp\/v2\/pages\/4215"}],"wp:attachment":[{"href":"https:\/\/ec.itmonks.dev\/it\/wp-json\/wp\/v2\/media?parent=4632"}],"wp:term":[{"taxonomy":"page_category","embeddable":true,"href":"https:\/\/ec.itmonks.dev\/it\/wp-json\/wp\/v2\/page_category?post=4632"},{"taxonomy":"activity_category","embeddable":true,"href":"https:\/\/ec.itmonks.dev\/it\/wp-json\/wp\/v2\/activity_category?post=4632"},{"taxonomy":"activity_location","embeddable":true,"href":"https:\/\/ec.itmonks.dev\/it\/wp-json\/wp\/v2\/activity_location?post=4632"},{"taxonomy":"course_category","embeddable":true,"href":"https:\/\/ec.itmonks.dev\/it\/wp-json\/wp\/v2\/course_category?post=4632"},{"taxonomy":"destination_age_group","embeddable":true,"href":"https:\/\/ec.itmonks.dev\/it\/wp-json\/wp\/v2\/destination_age_group?post=4632"},{"taxonomy":"destination_category","embeddable":true,"href":"https:\/\/ec.itmonks.dev\/it\/wp-json\/wp\/v2\/destination_category?post=4632"},{"taxonomy":"lesson_category","embeddable":true,"href":"https:\/\/ec.itmonks.dev\/it\/wp-json\/wp\/v2\/lesson_category?post=4632"}],"curies":[{"name":"wp","href":"https:\/\/api.w.org\/{rel}","templated":true}]}}