{"id":4632,"date":"2025-01-23T11:32:38","date_gmt":"2025-01-23T11:32:38","guid":{"rendered":"https:\/\/ec.itmonks.dev\/fr\/?page_id=4632"},"modified":"2025-03-20T10:15:14","modified_gmt":"2025-03-20T10:15:14","slug":"politique-hebergement","status":"publish","type":"page","link":"https:\/\/ec.itmonks.dev\/fr\/privacy-policy\/politique-hebergement\/","title":{"rendered":"Politique d&#8217;h\u00e9bergement"},"content":{"rendered":"\n<div class=\"wp-block-group alignwide has-global-padding is-layout-constrained wp-block-group-is-layout-constrained\" style=\"padding-top:var(--wp--preset--spacing--xs);padding-bottom:var(--wp--preset--spacing--xs)\">\n<div class=\"wp-block-group alignwide has-global-padding is-content-justification-left is-layout-constrained wp-container-core-group-is-layout-12dd3699 wp-block-group-is-layout-constrained\"><div class=\"yoast-breadcrumbs\"><span><span><a href=\"https:\/\/ecenglish.com\/fr\/\">Home<\/a><\/span> <svg viewBox=\"0 0 4 6\" xmlns=\"http:\/\/www.w3.org\/2000\/svg\"><path d=\"M.863 1.78a.659.659 0 0 1 0-.937.673.673 0 0 1 .946 0l1.976 1.96a.727.727 0 0 1 0 1.032l-1.97 1.953a.673.673 0 0 1-1.091-.215.659.659 0 0 1 .145-.723l1.545-1.531L.863 1.78Z\"\/><\/svg> <span><a href=\"https:\/\/ecenglish.com\/fr\/privacy-policy\/\">Policy Documents<\/a><\/span> <svg viewBox=\"0 0 4 6\" xmlns=\"http:\/\/www.w3.org\/2000\/svg\"><path d=\"M.863 1.78a.659.659 0 0 1 0-.937.673.673 0 0 1 .946 0l1.976 1.96a.727.727 0 0 1 0 1.032l-1.97 1.953a.673.673 0 0 1-1.091-.215.659.659 0 0 1 .145-.723l1.545-1.531L.863 1.78Z\"\/><\/svg> <span class=\"breadcrumb_last\" aria-current=\"page\">Politique d&#8217;h\u00e9bergement<\/span><\/span><\/div><\/div>\n<\/div>\n\n\n\n<div class=\"wp-block-group alignwide has-global-padding is-layout-constrained wp-block-group-is-layout-constrained\" style=\"margin-top:var(--wp--preset--spacing--xxl);margin-bottom:var(--wp--preset--spacing--xxl)\">\n<div class=\"wp-block-group alignwide is-layout-flow wp-container-core-group-is-layout-07b55995 wp-block-group-is-layout-flow\" style=\"margin-top:0;margin-bottom:0\">\n<h1 class=\"wp-block-heading\"><strong><strong><strong>Politique d&#8217;h\u00e9bergement<\/strong><\/strong><\/strong><\/h1>\n\n\n\n<h2 class=\"wp-block-heading\"><strong>Conditions g\u00e9n\u00e9rales pour les \u00e9tudiants de l&#8217;EC<\/strong><\/h2>\n\n\n\n<p class=\"\">POLITIQUES D&#8217;H\u00c9BERGEMENT&nbsp;<\/p>\n\n\n\n<ul class=\"wp-block-list\">\n<li>Les \u00e9tudiants arrivant en famille d&#8217;accueil ou en r\u00e9sidence entre 22h et 8h pourront \u00eatre invit\u00e9s \u00e0 r\u00e9server un autre h\u00e9bergement \u00e0 l&#8217;h\u00f4tel pour leur premi\u00e8re nuit en raison d&#8217;une arriv\u00e9e tardive ou anticip\u00e9e. Certains h\u00e9bergements peuvent facturer des frais suppl\u00e9mentaires pour arriv\u00e9e tardive. Ces informations sont disponibles au moment de la r\u00e9servation.<\/li>\n\n\n\n<li>Une caution remboursable peut \u00eatre demand\u00e9e \u00e0 l&#8217;arriv\u00e9e aux \u00e9tudiants h\u00e9berg\u00e9s en r\u00e9sidence. Veuillez noter que les frais de caution varient selon l&#8217;\u00e9tablissement. Les frais et la proc\u00e9dure sont d\u00e9taill\u00e9s dans la fiche d&#8217;information de la r\u00e9sidence.<\/li>\n\n\n\n<li>Une semaine partielle de 3 \u00e0 6 nuits sera factur\u00e9e comme une semaine d&#8217;h\u00e9bergement. Les s\u00e9jours d&#8217;une ou deux nuits sont soumis \u00e0 disponibilit\u00e9 et le tarif \u00e0 la nuit\u00e9e s&#8217;applique.<\/li>\n\n\n\n<li>Dans la mesure du possible, les r\u00e9gimes alimentaires particuliers seront pris en compte. La disponibilit\u00e9 et les \u00e9ventuels frais applicables seront confirm\u00e9s sur demande.<\/li>\n\n\n\n<li>EC peut faire appel \u00e0 des partenaires soigneusement s\u00e9lectionn\u00e9s pour h\u00e9berger les \u00e9tudiants aupr\u00e8s de fournisseurs d&#8217;h\u00e9bergement en famille d&#8217;accueil appropri\u00e9s.<\/li>\n\n\n\n<li>Si EC re\u00e7oit des r\u00e9sultats positifs pour sa demande de visa moins de 7 jours ouvrables avant l&#8217;arriv\u00e9e, EC se r\u00e9serve le droit de proposer un autre h\u00e9bergement, ce qui peut entra\u00eener des frais suppl\u00e9mentaires.<\/li>\n\n\n\n<li>Si le jour d&#8217;arriv\u00e9e est report\u00e9 en raison de demandes de visa tardives, EC ne peut pas garantir l&#8217;attribution initiale du logement.<\/li>\n\n\n\n<li>Si EC a encouru des frais lors de la r\u00e9servation du logement pour l&#8217;\u00e9tudiant en raison de changements de statut de visa, EC se r\u00e9serve le droit de r\u00e9percuter ces frais.<\/li>\n\n\n\n<li>Les prolongations d&#8217;h\u00e9bergement apr\u00e8s l&#8217;arriv\u00e9e sont soumises \u00e0 disponibilit\u00e9 et ne peuvent \u00eatre garanties. Veuillez noter que les prolongations de derni\u00e8re minute peuvent entra\u00eener une augmentation de prix.<\/li>\n\n\n\n<li>Les demandes d&#8217;am\u00e9nagement pour l&#8217;ann\u00e9e civile suivante seront factur\u00e9es aux tarifs de l&#8217;ann\u00e9e suivante. Si EC cesse de proposer l&#8217;am\u00e9nagement confirm\u00e9, les \u00e9coles proposeront une alternative comparable.<\/li>\n\n\n\n<li>Les demandes d&#8217;h\u00e9bergement pour 2 ann\u00e9es civiles ou plus \u00e0 l&#8217;avance ne peuvent \u00eatre confirm\u00e9es que pour les s\u00e9jours en famille d&#8217;accueil qui seront confirm\u00e9s aux tarifs de l&#8217;ann\u00e9e suivante.<\/li>\n\n\n\n<li>Le tarif annuel de r\u00e9servation pour les reports n&#8217;est garanti que pour une dur\u00e9e maximale de 12 mois \u00e0 compter de la date de d\u00e9but de la r\u00e9servation initiale. Si EC cesse de proposer le logement confirm\u00e9, les \u00e9tablissements proposeront une alternative comparable. En cas de report suppl\u00e9mentaire, de nouveaux tarifs s&#8217;appliqueront et les \u00e9tudiants devront payer la diff\u00e9rence pour tout surclassement.<\/li>\n\n\n\n<li>Nous ne garantissons pas de colocation mixte. Cependant, les \u00e9tudiants partageant la m\u00eame chambre seront du m\u00eame sexe. Des exceptions peuvent \u00eatre faites pour les couples adultes ou les fr\u00e8res et s\u0153urs s\u00e9journant en famille d&#8217;accueil ou en r\u00e9sidence et souhaitant partager la m\u00eame chambre. La colocation mixte de fr\u00e8res et s\u0153urs, dont l&#8217;un ou les deux sont mineurs, peut \u00eatre autoris\u00e9e au cas par cas.<\/li>\n\n\n\n<li>Les \u00e9tablissements mettront tout en \u0153uvre pour que les \u00e9l\u00e8ves ne soient pas plac\u00e9s dans une chambre ou un appartement avec des personnes parlant la m\u00eame langue. Cette option est toutefois soumise aux disponibilit\u00e9s et peut ne pas \u00eatre op\u00e9rationnellement possible. Des \u00e9ch\u00e9anciers de paiement sont disponibles pour les \u00e9tudiants de longue dur\u00e9e.<\/li>\n<\/ul>\n\n\n\n<p class=\"\"><strong>POLITIQUES D&#8217;H\u00c9BERGEMENT POUR LES MINEURS (MOINS DE 18 ANS)<\/strong>&nbsp;<\/p>\n\n\n\n<ul class=\"wp-block-list\">\n<li>Lors d&#8217;un s\u00e9jour dans un logement EC, les moins de 18 ans (U18) doivent r\u00e9sider dans la m\u00eame chambre que le parent ou le tuteur.<\/li>\n\n\n\n<li>La demande de partage du m\u00eame h\u00e9bergement par des fr\u00e8res et s\u0153urs de sexe mixte lorsque l&#8217;un ou les deux sont mineurs peut \u00eatre autoris\u00e9e au cas par cas.<\/li>\n\n\n\n<li>Les mineurs doivent r\u00e9server un h\u00e9bergement en demi-pension chez l&#8217;habitant aupr\u00e8s d&#8217;EC jusqu&#8217;\u00e0 leurs 18 ans. Une chambre double est \u00e9galement disponible si deux \u00e9tudiants voyageant ensemble sont du m\u00eame sexe. Des exceptions sont possibles uniquement si les mineurs logent chez leurs parents ou tuteurs l\u00e9gaux \u00e2g\u00e9s de 25 ans ou plus (indiqu\u00e9s et confirm\u00e9s par le formulaire d&#8217;autorisation parentale fourni). Les \u00e9tudiants inscrits \u00e0 un cours pour adultes, ne voyageant pas avec un parent ou un tuteur et arrivant ou partant entre 20h00 et 8h00 doivent r\u00e9server leurs transferts aupr\u00e8s d&#8217;EC.<\/li>\n<\/ul>\n\n\n\n<p class=\"\"><strong>EXPULSION<\/strong>&nbsp;<\/p>\n\n\n\n<p class=\"\">EC se r\u00e9serve le droit d&#8217;expulser des \u00e9tudiants d&#8217;un cours EC et\/ou d&#8217;un logement EC en cas de comportement inacceptable ou ill\u00e9gal, ou d&#8217;absence. Aucun remboursement ne sera accord\u00e9 et les frais impay\u00e9s seront imm\u00e9diatement exigibles (hors \u00c9tats-Unis et Vancouver). Le rapatriement est \u00e0 la charge de l&#8217;\u00e9tudiant. Les \u00e9tudiants expuls\u00e9s d&#8217;un cours EC ne sont plus admissibles au logement EC. Les politiques de remboursement du logement s&#8217;appliqueront. EC applique une politique de tol\u00e9rance z\u00e9ro en mati\u00e8re de discrimination, d&#8217;intimidation et de harc\u00e8lement sur le lieu de travail, en classe et dans les logements. EC attend des \u00e9tudiants qu&#8217;ils se comportent de mani\u00e8re respectueuse envers leur entourage. Les comportements inappropri\u00e9s incluent, sans s&#8217;y limiter&nbsp;:<\/p>\n\n\n\n<ol class=\"wp-block-list\">\n<li>perturbations de l&#8217;environnement d&#8217;apprentissage ou du milieu de vie fourni par l&#8217;EC (c.-\u00e0-d. utilisation de blasph\u00e8mes, harc\u00e8lement, etc.)<\/li>\n<\/ol>\n\n\n\n<p class=\"\">2. destruction d\u00e9lib\u00e9r\u00e9e, mauvaise utilisation ou vol de biens de l&#8217;EC, de logements de l&#8217;EC ou de biens de camarades de classe, d&#8217;h\u00f4tes d&#8217;accueil ou de colocataires.<\/p>\n\n\n\n<p class=\"\">3. violence ou menaces de violence envers les personnes ou les biens des \u00e9l\u00e8ves ou du personnel de l\u2019\u00e9cole.<\/p>\n\n\n\n<p class=\"\">4. le harc\u00e8lement sexuel, y compris les avances non d\u00e9sir\u00e9es ou tout autre comportement inappropri\u00e9 de nature sexuelle.<\/p>\n\n\n\n<p class=\"\">5. utilisation abusive du courrier \u00e9lectronique ou de l\u2019acc\u00e8s \u00e0 Internet.<\/p>\n\n\n\n<p class=\"\">6. non-respect des lois sur le droit d\u2019auteur.<\/p>\n\n\n\n<p class=\"\">7. consommation de drogues (y compris la marijuana l\u00e0 o\u00f9 c&#8217;est l\u00e9gal) ou d&#8217;alcool dans les locaux de la CE, y compris les logements de la CE et\/ou lorsque les mineurs<\/p>\n\n\n\n<p class=\"\"><strong>DOMMAGES MAT\u00c9RIELS<\/strong>&nbsp;<\/p>\n\n\n\n<p class=\"\">Les \u00e9tudiants doivent payer l&#8217;int\u00e9gralit\u00e9 des dommages caus\u00e9s aux biens. Une caution peut s&#8217;appliquer \u00e0 certains h\u00e9bergements. Elle est payable \u00e0 l&#8217;arriv\u00e9e ou le premier jour de cours.<\/p>\n\n\n\n<p class=\"\"><strong>RESPONSABILIT\u00c9<\/strong>&nbsp;<\/p>\n\n\n\n<p class=\"\">EC, son personnel et ses repr\u00e9sentants ne seront pas responsables des pertes, dommages ou blessures caus\u00e9s aux personnes ou aux biens, quelle qu&#8217;en soit la cause, sauf si la responsabilit\u00e9 est express\u00e9ment pr\u00e9vue par la loi. EC ne sera pas responsable si un service contract\u00e9 par EC devient impossible \u00e0 fournir pour une raison ou une cause ind\u00e9pendante de sa volont\u00e9.<\/p>\n\n\n\n<p class=\"\"><strong>ANNULATION D&#8217;H\u00c9BERGEMENT AVANT L&#8217;ARRIV\u00c9E<\/strong>&nbsp;<\/p>\n\n\n\n<p class=\"\">Les \u00e9tudiants annulant ou reportant leur s\u00e9jour 14 jours ou moins avant la date pr\u00e9vue de leur h\u00e9bergement, pour des raisons autres qu&#8217;un refus de visa, se verront facturer des frais d&#8217;h\u00e9bergement de deux semaines, au tarif indiqu\u00e9 dans la liste des tarifs pour l&#8217;h\u00e9bergement r\u00e9serv\u00e9 et les frais de placement. Tout h\u00e9bergement r\u00e9serv\u00e9 via EC et non soumis aux conditions d&#8217;annulation standard doit \u00eatre annul\u00e9 ou report\u00e9 conform\u00e9ment aux conditions d&#8217;annulation indiqu\u00e9es au moment de la r\u00e9servation afin d&#8217;\u00e9viter des frais d&#8217;annulation pouvant s&#8217;\u00e9lever au montant total du s\u00e9jour. Veuillez \u00e9galement consulter les conditions g\u00e9n\u00e9rales de chaque r\u00e9sidence, disponibles dans les fiches d&#8217;information correspondantes sur ecenglish.com, ou vous renseigner aupr\u00e8s de votre repr\u00e9sentant EC.<\/p>\n\n\n\n<p class=\"\"><strong>ANNULATION D&#8217;H\u00c9BERGEMENT, R\u00c9DUCTION APR\u00c8S L&#8217;ARRIV\u00c9E OU \u00ab NO SHOWS \u00bb<\/strong>&nbsp;<\/p>\n\n\n\n<p class=\"\">Les \u00e9tudiants quittant leur logement doivent pr\u00e9venir par \u00e9crit 4 semaines avant la date de r\u00e9siliation. \u00c0 d\u00e9faut de pr\u00e9avis de 4 semaines, des frais d&#8217;annulation \u00e9quivalents \u00e0 4 semaines du co\u00fbt du logement seront appliqu\u00e9s. Apr\u00e8s d\u00e9duction du prix du logement utilis\u00e9 au tarif indiqu\u00e9 dans la liste des prix, y compris le pr\u00e9avis requis factur\u00e9 au m\u00eame tarif, les \u00e9tudiants seront rembours\u00e9s du reste du co\u00fbt du logement. Remarque&nbsp;: certaines options d&#8217;h\u00e9bergement peuvent \u00eatre soumises \u00e0 des frais d&#8217;annulation diff\u00e9rents. En cas de diff\u00e9rence avec les frais indiqu\u00e9s ci-dessus, les \u00e9tudiants en seront inform\u00e9s au moment de la r\u00e9servation. Veuillez \u00e9galement consulter les conditions g\u00e9n\u00e9rales de chaque r\u00e9sidence, disponibles dans les fiches d&#8217;information correspondantes sur le site de nos partenaires, ou contacter votre repr\u00e9sentant EC.<\/p>\n\n\n\n<p class=\"\"><strong>MODIFICATIONS DE L&#8217;H\u00c9BERGEMENT<\/strong>&nbsp;<\/p>\n\n\n\n<p style=\"padding-top:var(--wp--preset--spacing--s);padding-bottom:var(--wp--preset--spacing--s)\" class=\"\">EC se r\u00e9serve le droit de facturer des frais administratifs de 150 $\/50 GBP\/80 EUR chaque fois que l&#8217;h\u00e9bergement est modifi\u00e9 ou report\u00e9 apr\u00e8s qu&#8217;EC a confirm\u00e9 l&#8217;h\u00e9bergement demand\u00e9.&nbsp; de 150 $\/50 GBP\/80 EUR chaque fois que l&#8217;h\u00e9bergement est modifi\u00e9 ou report\u00e9 apr\u00e8s qu&#8217;EC a confirm\u00e9 l&#8217;h\u00e9bergement demand\u00e9.\u00a0\u00a0<\/p>\n\n\n\n<p style=\"padding-top:var(--wp--preset--spacing--s);padding-bottom:var(--wp--preset--spacing--s)\" class=\"\"><\/p>\n<\/div>\n<\/div>\n","protected":false},"excerpt":{"rendered":"<p>Politique d&#8217;h\u00e9bergement Conditions g\u00e9n\u00e9rales pour les \u00e9tudiants de l&#8217;EC POLITIQUES D&#8217;H\u00c9BERGEMENT&nbsp; POLITIQUES D&#8217;H\u00c9BERGEMENT POUR LES MINEURS (MOINS DE 18 ANS)&nbsp;<\/p>\n","protected":false},"author":9,"featured_media":0,"parent":4215,"menu_order":0,"comment_status":"closed","ping_status":"closed","template":"","meta":{"_acf_changed":false,"_trash_the_other_posts":false,"footnotes":""},"page_category":[],"activity_category":[],"activity_location":[],"course_category":[],"destination_age_group":[],"destination_category":[],"lesson_category":[],"class_list":["post-4632","page","type-page","status-publish","hentry"],"acf":[],"yoast_head":"<!-- This site is optimized with the Yoast SEO plugin v26.8 - https:\/\/yoast.com\/product\/yoast-seo-wordpress\/ -->\n<title>Politique d&#039;h\u00e9bergement CE Anglais<\/title>\n<meta name=\"description\" content=\"Politique d&#039;h\u00e9bergement Conditions g\u00e9n\u00e9rales pour les \u00e9tudiants de l&#039;EC\" \/>\n<meta name=\"robots\" content=\"noindex, follow, max-snippet:-1, max-image-preview:large, max-video-preview:-1\" \/>\n<meta property=\"og:locale\" content=\"en_US\" \/>\n<meta property=\"og:type\" content=\"article\" \/>\n<meta property=\"og:title\" content=\"Politique d&#039;h\u00e9bergement CE Anglais\" \/>\n<meta property=\"og:description\" content=\"Politique d&#039;h\u00e9bergement Conditions g\u00e9n\u00e9rales pour les \u00e9tudiants de l&#039;EC\" \/>\n<meta property=\"og:url\" content=\"https:\/\/ecenglish.com\/fr\/privacy-policy\/politique-hebergement\/\" \/>\n<meta property=\"og:site_name\" content=\"EC English ( FR )\" \/>\n<meta property=\"article:modified_time\" content=\"2025-03-20T10:15:14+00:00\" \/>\n<meta name=\"twitter:card\" content=\"summary_large_image\" \/>\n<meta name=\"twitter:label1\" content=\"Est. reading time\" \/>\n\t<meta name=\"twitter:data1\" content=\"6 minutes\" \/>\n<script type=\"application\/ld+json\" class=\"yoast-schema-graph\">{\"@context\":\"https:\/\/schema.org\",\"@graph\":[{\"@type\":\"WebPage\",\"@id\":\"https:\/\/ecenglish.com\/fr\/privacy-policy\/politique-hebergement\/\",\"url\":\"https:\/\/ecenglish.com\/fr\/privacy-policy\/politique-hebergement\/\",\"name\":\"Politique d'h\u00e9bergement CE Anglais\",\"isPartOf\":{\"@id\":\"https:\/\/ec.itmonks.dev\/fr\/#website\"},\"datePublished\":\"2025-01-23T11:32:38+00:00\",\"dateModified\":\"2025-03-20T10:15:14+00:00\",\"description\":\"Politique d'h\u00e9bergement Conditions g\u00e9n\u00e9rales pour les \u00e9tudiants de l'EC\",\"breadcrumb\":{\"@id\":\"https:\/\/ecenglish.com\/fr\/privacy-policy\/politique-hebergement\/#breadcrumb\"},\"inLanguage\":\"en-US\",\"potentialAction\":[{\"@type\":\"ReadAction\",\"target\":[\"https:\/\/ecenglish.com\/fr\/privacy-policy\/politique-hebergement\/\"]}]},{\"@type\":\"BreadcrumbList\",\"@id\":\"https:\/\/ecenglish.com\/fr\/privacy-policy\/politique-hebergement\/#breadcrumb\",\"itemListElement\":[{\"@type\":\"ListItem\",\"position\":1,\"name\":\"Home\",\"item\":\"https:\/\/ecenglish.com\/fr\/\"},{\"@type\":\"ListItem\",\"position\":2,\"name\":\"Policy Documents\",\"item\":\"https:\/\/ecenglish.com\/fr\/privacy-policy\/\"},{\"@type\":\"ListItem\",\"position\":3,\"name\":\"Politique d&#8217;h\u00e9bergement\"}]},{\"@type\":\"WebSite\",\"@id\":\"https:\/\/ec.itmonks.dev\/fr\/#website\",\"url\":\"https:\/\/ec.itmonks.dev\/fr\/\",\"name\":\"EC English ( FR )\",\"description\":\"\",\"potentialAction\":[{\"@type\":\"SearchAction\",\"target\":{\"@type\":\"EntryPoint\",\"urlTemplate\":\"https:\/\/ec.itmonks.dev\/fr\/?s={search_term_string}\"},\"query-input\":{\"@type\":\"PropertyValueSpecification\",\"valueRequired\":true,\"valueName\":\"search_term_string\"}}],\"inLanguage\":\"en-US\"}]}<\/script>\n<!-- \/ Yoast SEO plugin. -->","yoast_head_json":{"title":"Politique d'h\u00e9bergement CE Anglais","description":"Politique d'h\u00e9bergement Conditions g\u00e9n\u00e9rales pour les \u00e9tudiants de l'EC","robots":{"index":"noindex","follow":"follow","max-snippet":"max-snippet:-1","max-image-preview":"max-image-preview:large","max-video-preview":"max-video-preview:-1"},"og_locale":"en_US","og_type":"article","og_title":"Politique d'h\u00e9bergement CE Anglais","og_description":"Politique d'h\u00e9bergement Conditions g\u00e9n\u00e9rales pour les \u00e9tudiants de l'EC","og_url":"https:\/\/ecenglish.com\/fr\/privacy-policy\/politique-hebergement\/","og_site_name":"EC English ( FR )","article_modified_time":"2025-03-20T10:15:14+00:00","twitter_card":"summary_large_image","twitter_misc":{"Est. reading time":"6 minutes"},"schema":{"@context":"https:\/\/schema.org","@graph":[{"@type":"WebPage","@id":"https:\/\/ecenglish.com\/fr\/privacy-policy\/politique-hebergement\/","url":"https:\/\/ecenglish.com\/fr\/privacy-policy\/politique-hebergement\/","name":"Politique d'h\u00e9bergement CE Anglais","isPartOf":{"@id":"https:\/\/ec.itmonks.dev\/fr\/#website"},"datePublished":"2025-01-23T11:32:38+00:00","dateModified":"2025-03-20T10:15:14+00:00","description":"Politique d'h\u00e9bergement Conditions g\u00e9n\u00e9rales pour les \u00e9tudiants de l'EC","breadcrumb":{"@id":"https:\/\/ecenglish.com\/fr\/privacy-policy\/politique-hebergement\/#breadcrumb"},"inLanguage":"en-US","potentialAction":[{"@type":"ReadAction","target":["https:\/\/ecenglish.com\/fr\/privacy-policy\/politique-hebergement\/"]}]},{"@type":"BreadcrumbList","@id":"https:\/\/ecenglish.com\/fr\/privacy-policy\/politique-hebergement\/#breadcrumb","itemListElement":[{"@type":"ListItem","position":1,"name":"Home","item":"https:\/\/ecenglish.com\/fr\/"},{"@type":"ListItem","position":2,"name":"Policy Documents","item":"https:\/\/ecenglish.com\/fr\/privacy-policy\/"},{"@type":"ListItem","position":3,"name":"Politique d&#8217;h\u00e9bergement"}]},{"@type":"WebSite","@id":"https:\/\/ec.itmonks.dev\/fr\/#website","url":"https:\/\/ec.itmonks.dev\/fr\/","name":"EC English ( FR )","description":"","potentialAction":[{"@type":"SearchAction","target":{"@type":"EntryPoint","urlTemplate":"https:\/\/ec.itmonks.dev\/fr\/?s={search_term_string}"},"query-input":{"@type":"PropertyValueSpecification","valueRequired":true,"valueName":"search_term_string"}}],"inLanguage":"en-US"}]}},"_links":{"self":[{"href":"https:\/\/ec.itmonks.dev\/fr\/wp-json\/wp\/v2\/pages\/4632","targetHints":{"allow":["GET"]}}],"collection":[{"href":"https:\/\/ec.itmonks.dev\/fr\/wp-json\/wp\/v2\/pages"}],"about":[{"href":"https:\/\/ec.itmonks.dev\/fr\/wp-json\/wp\/v2\/types\/page"}],"author":[{"embeddable":true,"href":"https:\/\/ec.itmonks.dev\/fr\/wp-json\/wp\/v2\/users\/9"}],"replies":[{"embeddable":true,"href":"https:\/\/ec.itmonks.dev\/fr\/wp-json\/wp\/v2\/comments?post=4632"}],"version-history":[{"count":5,"href":"https:\/\/ec.itmonks.dev\/fr\/wp-json\/wp\/v2\/pages\/4632\/revisions"}],"predecessor-version":[{"id":15921,"href":"https:\/\/ec.itmonks.dev\/fr\/wp-json\/wp\/v2\/pages\/4632\/revisions\/15921"}],"up":[{"embeddable":true,"href":"https:\/\/ec.itmonks.dev\/fr\/wp-json\/wp\/v2\/pages\/4215"}],"wp:attachment":[{"href":"https:\/\/ec.itmonks.dev\/fr\/wp-json\/wp\/v2\/media?parent=4632"}],"wp:term":[{"taxonomy":"page_category","embeddable":true,"href":"https:\/\/ec.itmonks.dev\/fr\/wp-json\/wp\/v2\/page_category?post=4632"},{"taxonomy":"activity_category","embeddable":true,"href":"https:\/\/ec.itmonks.dev\/fr\/wp-json\/wp\/v2\/activity_category?post=4632"},{"taxonomy":"activity_location","embeddable":true,"href":"https:\/\/ec.itmonks.dev\/fr\/wp-json\/wp\/v2\/activity_location?post=4632"},{"taxonomy":"course_category","embeddable":true,"href":"https:\/\/ec.itmonks.dev\/fr\/wp-json\/wp\/v2\/course_category?post=4632"},{"taxonomy":"destination_age_group","embeddable":true,"href":"https:\/\/ec.itmonks.dev\/fr\/wp-json\/wp\/v2\/destination_age_group?post=4632"},{"taxonomy":"destination_category","embeddable":true,"href":"https:\/\/ec.itmonks.dev\/fr\/wp-json\/wp\/v2\/destination_category?post=4632"},{"taxonomy":"lesson_category","embeddable":true,"href":"https:\/\/ec.itmonks.dev\/fr\/wp-json\/wp\/v2\/lesson_category?post=4632"}],"curies":[{"name":"wp","href":"https:\/\/api.w.org\/{rel}","templated":true}]}}