{"id":4630,"date":"2025-01-23T11:31:14","date_gmt":"2025-01-23T11:31:14","guid":{"rendered":"https:\/\/ec.itmonks.dev\/fr\/?page_id=4630"},"modified":"2025-05-14T10:13:09","modified_gmt":"2025-05-14T10:13:09","slug":"code-de-conduite","status":"publish","type":"page","link":"https:\/\/ec.itmonks.dev\/fr\/privacy-policy\/code-de-conduite\/","title":{"rendered":"Code de conduite"},"content":{"rendered":"\n<div class=\"wp-block-group alignwide has-global-padding is-layout-constrained wp-block-group-is-layout-constrained\" style=\"padding-top:var(--wp--preset--spacing--xs);padding-bottom:var(--wp--preset--spacing--xs)\">\n<div class=\"wp-block-group alignwide has-global-padding is-content-justification-left is-layout-constrained wp-container-core-group-is-layout-12dd3699 wp-block-group-is-layout-constrained\"><div class=\"yoast-breadcrumbs\"><span><span><a href=\"https:\/\/ecenglish.com\/fr\/\">Home<\/a><\/span> <svg viewBox=\"0 0 4 6\" xmlns=\"http:\/\/www.w3.org\/2000\/svg\"><path d=\"M.863 1.78a.659.659 0 0 1 0-.937.673.673 0 0 1 .946 0l1.976 1.96a.727.727 0 0 1 0 1.032l-1.97 1.953a.673.673 0 0 1-1.091-.215.659.659 0 0 1 .145-.723l1.545-1.531L.863 1.78Z\"\/><\/svg> <span><a href=\"https:\/\/ecenglish.com\/fr\/privacy-policy\/\">Policy Documents<\/a><\/span> <svg viewBox=\"0 0 4 6\" xmlns=\"http:\/\/www.w3.org\/2000\/svg\"><path d=\"M.863 1.78a.659.659 0 0 1 0-.937.673.673 0 0 1 .946 0l1.976 1.96a.727.727 0 0 1 0 1.032l-1.97 1.953a.673.673 0 0 1-1.091-.215.659.659 0 0 1 .145-.723l1.545-1.531L.863 1.78Z\"\/><\/svg> <span class=\"breadcrumb_last\" aria-current=\"page\">Code de conduite<\/span><\/span><\/div><\/div>\n<\/div>\n\n\n\n<div class=\"wp-block-group alignwide has-global-padding is-layout-constrained wp-block-group-is-layout-constrained\" style=\"margin-top:var(--wp--preset--spacing--xxl);margin-bottom:var(--wp--preset--spacing--xxl)\">\n<div class=\"wp-block-group alignwide is-layout-flow wp-container-core-group-is-layout-07b55995 wp-block-group-is-layout-flow\" style=\"margin-top:0;margin-bottom:0\">\n<h1 class=\"wp-block-heading\"><strong><strong>Code de conduite des \u00e9tudiants de l&#8217;EC<\/strong><\/strong><\/h1>\n\n\n\n<p class=\"\">EC s&#8217;engage \u00e0 promouvoir un environnement d&#8217;apprentissage qui refl\u00e8te les valeurs de respect, de dignit\u00e9, d&#8217;honn\u00eatet\u00e9, d&#8217;int\u00e9grit\u00e9, de tol\u00e9rance, d&#8217;\u00e9galit\u00e9 et de diversit\u00e9. Nous attendons des \u00e9tudiants inscrits \u00e0 EC qu&#8217;ils se comportent de mani\u00e8re mature, respectueuse et coop\u00e9rative \u00e0 tout moment. Les enseignants, le personnel administratif et les \u00e9tudiants contribuent tous \u00e0 cr\u00e9er un environnement d&#8217;apprentissage positif en classe et sur le campus.<\/p>\n\n\n\n<p class=\"\">Les \u00e9tudiants sont tenus de :<\/p>\n\n\n\n<ul class=\"wp-block-list\">\n<li>respecter le personnel d&#8217;EC, les enseignants, les autres \u00e9tudiants et leurs biens, et de se comporter de mani\u00e8re responsable<\/li>\n\n\n\n<li>\u00e9viter tout langage ou comportement susceptible de nuire \u00e0 une autre personne \u00e0 l&#8217;\u00e9cole<\/li>\n<\/ul>\n\n\n\n<ul class=\"wp-block-list\">\n<li>s&#8217;identifier lorsqu&#8217;un membre du personnel de l&#8217;EC le demande<\/li>\n<\/ul>\n\n\n\n<ul class=\"wp-block-list\">\n<li>assister r\u00e9guli\u00e8rement aux cours et arriver \u00e0 l&#8217;heure conform\u00e9ment \u00e0 la politique d&#8217;assiduit\u00e9 de l&#8217;EC<\/li>\n<\/ul>\n\n\n\n<ul class=\"wp-block-list\">\n<li>faire ses devoirs \u00e0 temps aider et cr\u00e9er un environnement d&#8217;apprentissage productif pendant les cours<\/li>\n<\/ul>\n\n\n\n<ul class=\"wp-block-list\">\n<li>ranger son t\u00e9l\u00e9phone portable en classe lorsque cela lui est demand\u00e9<\/li>\n<\/ul>\n\n\n\n<ul class=\"wp-block-list\">\n<li>\u00e9viter tout comportement susceptible de nuire \u00e0 l&#8217;environnement scolaire ou d&#8217;enfreindre les lois locales et\/ou nationales<\/li>\n\n\n\n<li>respecter les interdictions et les lois sur le tabagisme et ne fumer que dans les zones fumeurs d\u00e9sign\u00e9es<\/li>\n<\/ul>\n\n\n\n<ul class=\"wp-block-list\">\n<li>\u00e9viter de jeter des d\u00e9chets en mettant tous les m\u00e9gots de cigarettes dans des cendriers et tous les autres d\u00e9chets dans des poubelles, \u00e0 l&#8217;int\u00e9rieur comme \u00e0 l&#8217;ext\u00e9rieur du b\u00e2timent de l&#8217;\u00e9cole<\/li>\n<\/ul>\n\n\n\n<ul class=\"wp-block-list\">\n<li>\u00eatre respectueux envers les personnes qui entrent\/sortent du b\u00e2timent ou qui marchent sur les trottoirs \u00e0 l&#8217;ext\u00e9rieur du b\u00e2timent<\/li>\n\n\n\n<li>parler anglais uniquement \u00e0 l&#8217;\u00e9cole, y compris dans les salles de classe, les couloirs, les bureaux et les salons<\/li>\n<\/ul>\n<\/div>\n<\/div>\n","protected":false},"excerpt":{"rendered":"<p>Code de conduite des \u00e9tudiants de l&#8217;EC EC s&#8217;engage \u00e0 promouvoir un environnement d&#8217;apprentissage qui refl\u00e8te les valeurs de respect,<\/p>\n","protected":false},"author":9,"featured_media":0,"parent":4215,"menu_order":0,"comment_status":"closed","ping_status":"closed","template":"","meta":{"_acf_changed":false,"_trash_the_other_posts":false,"footnotes":""},"page_category":[],"activity_category":[],"activity_location":[],"course_category":[],"destination_age_group":[],"destination_category":[],"lesson_category":[],"class_list":["post-4630","page","type-page","status-publish","hentry"],"acf":[],"yoast_head":"<!-- This site is optimized with the Yoast SEO plugin v26.8 - https:\/\/yoast.com\/product\/yoast-seo-wordpress\/ -->\n<title>Code de conduite de l&#039;\u00e9l\u00e8ve - EC English Language Schools<\/title>\n<meta name=\"description\" content=\"Code de conduite pour les \u00e9tudiants des \u00e9coles de langues de la CE\" \/>\n<meta name=\"robots\" content=\"noindex, follow, max-snippet:-1, max-image-preview:large, max-video-preview:-1\" \/>\n<meta property=\"og:locale\" content=\"en_US\" \/>\n<meta property=\"og:type\" content=\"article\" \/>\n<meta property=\"og:title\" content=\"Code de conduite de l&#039;\u00e9l\u00e8ve - EC English Language Schools\" \/>\n<meta property=\"og:description\" content=\"Code de conduite pour les \u00e9tudiants des \u00e9coles de langues de la CE\" \/>\n<meta property=\"og:url\" content=\"https:\/\/ecenglish.com\/fr\/privacy-policy\/code-de-conduite\/\" \/>\n<meta property=\"og:site_name\" content=\"EC English ( FR )\" \/>\n<meta property=\"article:modified_time\" content=\"2025-05-14T10:13:09+00:00\" \/>\n<meta name=\"twitter:card\" content=\"summary_large_image\" \/>\n<meta name=\"twitter:label1\" content=\"Est. reading time\" \/>\n\t<meta name=\"twitter:data1\" content=\"3 minutes\" \/>\n<script type=\"application\/ld+json\" class=\"yoast-schema-graph\">{\"@context\":\"https:\/\/schema.org\",\"@graph\":[{\"@type\":\"WebPage\",\"@id\":\"https:\/\/ecenglish.com\/fr\/privacy-policy\/code-de-conduite\/\",\"url\":\"https:\/\/ecenglish.com\/fr\/privacy-policy\/code-de-conduite\/\",\"name\":\"Code de conduite de l'\u00e9l\u00e8ve - EC English Language Schools\",\"isPartOf\":{\"@id\":\"https:\/\/ec.itmonks.dev\/fr\/#website\"},\"datePublished\":\"2025-01-23T11:31:14+00:00\",\"dateModified\":\"2025-05-14T10:13:09+00:00\",\"description\":\"Code de conduite pour les \u00e9tudiants des \u00e9coles de langues de la CE\",\"breadcrumb\":{\"@id\":\"https:\/\/ecenglish.com\/fr\/privacy-policy\/code-de-conduite\/#breadcrumb\"},\"inLanguage\":\"en-US\",\"potentialAction\":[{\"@type\":\"ReadAction\",\"target\":[\"https:\/\/ecenglish.com\/fr\/privacy-policy\/code-de-conduite\/\"]}]},{\"@type\":\"BreadcrumbList\",\"@id\":\"https:\/\/ecenglish.com\/fr\/privacy-policy\/code-de-conduite\/#breadcrumb\",\"itemListElement\":[{\"@type\":\"ListItem\",\"position\":1,\"name\":\"Home\",\"item\":\"https:\/\/ecenglish.com\/fr\/\"},{\"@type\":\"ListItem\",\"position\":2,\"name\":\"Policy Documents\",\"item\":\"https:\/\/ecenglish.com\/fr\/privacy-policy\/\"},{\"@type\":\"ListItem\",\"position\":3,\"name\":\"Code de conduite\"}]},{\"@type\":\"WebSite\",\"@id\":\"https:\/\/ec.itmonks.dev\/fr\/#website\",\"url\":\"https:\/\/ec.itmonks.dev\/fr\/\",\"name\":\"EC English ( FR )\",\"description\":\"\",\"potentialAction\":[{\"@type\":\"SearchAction\",\"target\":{\"@type\":\"EntryPoint\",\"urlTemplate\":\"https:\/\/ec.itmonks.dev\/fr\/?s={search_term_string}\"},\"query-input\":{\"@type\":\"PropertyValueSpecification\",\"valueRequired\":true,\"valueName\":\"search_term_string\"}}],\"inLanguage\":\"en-US\"}]}<\/script>\n<!-- \/ Yoast SEO plugin. -->","yoast_head_json":{"title":"Code de conduite de l'\u00e9l\u00e8ve - EC English Language Schools","description":"Code de conduite pour les \u00e9tudiants des \u00e9coles de langues de la CE","robots":{"index":"noindex","follow":"follow","max-snippet":"max-snippet:-1","max-image-preview":"max-image-preview:large","max-video-preview":"max-video-preview:-1"},"og_locale":"en_US","og_type":"article","og_title":"Code de conduite de l'\u00e9l\u00e8ve - EC English Language Schools","og_description":"Code de conduite pour les \u00e9tudiants des \u00e9coles de langues de la CE","og_url":"https:\/\/ecenglish.com\/fr\/privacy-policy\/code-de-conduite\/","og_site_name":"EC English ( FR )","article_modified_time":"2025-05-14T10:13:09+00:00","twitter_card":"summary_large_image","twitter_misc":{"Est. reading time":"3 minutes"},"schema":{"@context":"https:\/\/schema.org","@graph":[{"@type":"WebPage","@id":"https:\/\/ecenglish.com\/fr\/privacy-policy\/code-de-conduite\/","url":"https:\/\/ecenglish.com\/fr\/privacy-policy\/code-de-conduite\/","name":"Code de conduite de l'\u00e9l\u00e8ve - EC English Language Schools","isPartOf":{"@id":"https:\/\/ec.itmonks.dev\/fr\/#website"},"datePublished":"2025-01-23T11:31:14+00:00","dateModified":"2025-05-14T10:13:09+00:00","description":"Code de conduite pour les \u00e9tudiants des \u00e9coles de langues de la CE","breadcrumb":{"@id":"https:\/\/ecenglish.com\/fr\/privacy-policy\/code-de-conduite\/#breadcrumb"},"inLanguage":"en-US","potentialAction":[{"@type":"ReadAction","target":["https:\/\/ecenglish.com\/fr\/privacy-policy\/code-de-conduite\/"]}]},{"@type":"BreadcrumbList","@id":"https:\/\/ecenglish.com\/fr\/privacy-policy\/code-de-conduite\/#breadcrumb","itemListElement":[{"@type":"ListItem","position":1,"name":"Home","item":"https:\/\/ecenglish.com\/fr\/"},{"@type":"ListItem","position":2,"name":"Policy Documents","item":"https:\/\/ecenglish.com\/fr\/privacy-policy\/"},{"@type":"ListItem","position":3,"name":"Code de conduite"}]},{"@type":"WebSite","@id":"https:\/\/ec.itmonks.dev\/fr\/#website","url":"https:\/\/ec.itmonks.dev\/fr\/","name":"EC English ( FR )","description":"","potentialAction":[{"@type":"SearchAction","target":{"@type":"EntryPoint","urlTemplate":"https:\/\/ec.itmonks.dev\/fr\/?s={search_term_string}"},"query-input":{"@type":"PropertyValueSpecification","valueRequired":true,"valueName":"search_term_string"}}],"inLanguage":"en-US"}]}},"_links":{"self":[{"href":"https:\/\/ec.itmonks.dev\/fr\/wp-json\/wp\/v2\/pages\/4630","targetHints":{"allow":["GET"]}}],"collection":[{"href":"https:\/\/ec.itmonks.dev\/fr\/wp-json\/wp\/v2\/pages"}],"about":[{"href":"https:\/\/ec.itmonks.dev\/fr\/wp-json\/wp\/v2\/types\/page"}],"author":[{"embeddable":true,"href":"https:\/\/ec.itmonks.dev\/fr\/wp-json\/wp\/v2\/users\/9"}],"replies":[{"embeddable":true,"href":"https:\/\/ec.itmonks.dev\/fr\/wp-json\/wp\/v2\/comments?post=4630"}],"version-history":[{"count":4,"href":"https:\/\/ec.itmonks.dev\/fr\/wp-json\/wp\/v2\/pages\/4630\/revisions"}],"predecessor-version":[{"id":14047,"href":"https:\/\/ec.itmonks.dev\/fr\/wp-json\/wp\/v2\/pages\/4630\/revisions\/14047"}],"up":[{"embeddable":true,"href":"https:\/\/ec.itmonks.dev\/fr\/wp-json\/wp\/v2\/pages\/4215"}],"wp:attachment":[{"href":"https:\/\/ec.itmonks.dev\/fr\/wp-json\/wp\/v2\/media?parent=4630"}],"wp:term":[{"taxonomy":"page_category","embeddable":true,"href":"https:\/\/ec.itmonks.dev\/fr\/wp-json\/wp\/v2\/page_category?post=4630"},{"taxonomy":"activity_category","embeddable":true,"href":"https:\/\/ec.itmonks.dev\/fr\/wp-json\/wp\/v2\/activity_category?post=4630"},{"taxonomy":"activity_location","embeddable":true,"href":"https:\/\/ec.itmonks.dev\/fr\/wp-json\/wp\/v2\/activity_location?post=4630"},{"taxonomy":"course_category","embeddable":true,"href":"https:\/\/ec.itmonks.dev\/fr\/wp-json\/wp\/v2\/course_category?post=4630"},{"taxonomy":"destination_age_group","embeddable":true,"href":"https:\/\/ec.itmonks.dev\/fr\/wp-json\/wp\/v2\/destination_age_group?post=4630"},{"taxonomy":"destination_category","embeddable":true,"href":"https:\/\/ec.itmonks.dev\/fr\/wp-json\/wp\/v2\/destination_category?post=4630"},{"taxonomy":"lesson_category","embeddable":true,"href":"https:\/\/ec.itmonks.dev\/fr\/wp-json\/wp\/v2\/lesson_category?post=4630"}],"curies":[{"name":"wp","href":"https:\/\/api.w.org\/{rel}","templated":true}]}}