{"id":4217,"date":"2025-01-21T16:01:02","date_gmt":"2025-01-21T16:01:02","guid":{"rendered":"https:\/\/ec.itmonks.dev\/fr\/?page_id=4217"},"modified":"2025-03-06T13:06:38","modified_gmt":"2025-03-06T13:06:38","slug":"moins-de-18-ans","status":"publish","type":"page","link":"https:\/\/ec.itmonks.dev\/fr\/privacy-policy\/moins-de-18-ans\/","title":{"rendered":"Les moins de 18 ans dans les \u00e9coles EC UK"},"content":{"rendered":"\n<div class=\"wp-block-group alignwide has-global-padding is-layout-constrained wp-block-group-is-layout-constrained\" style=\"padding-top:var(--wp--preset--spacing--xs);padding-bottom:var(--wp--preset--spacing--xs)\">\n<div class=\"wp-block-group alignwide has-global-padding is-content-justification-left is-layout-constrained wp-container-core-group-is-layout-12dd3699 wp-block-group-is-layout-constrained\"><div class=\"yoast-breadcrumbs\"><span><span><a href=\"https:\/\/ecenglish.com\/fr\/\">Home<\/a><\/span> <svg viewBox=\"0 0 4 6\" xmlns=\"http:\/\/www.w3.org\/2000\/svg\"><path d=\"M.863 1.78a.659.659 0 0 1 0-.937.673.673 0 0 1 .946 0l1.976 1.96a.727.727 0 0 1 0 1.032l-1.97 1.953a.673.673 0 0 1-1.091-.215.659.659 0 0 1 .145-.723l1.545-1.531L.863 1.78Z\"\/><\/svg> <span><a href=\"https:\/\/ecenglish.com\/fr\/privacy-policy\/\">Policy Documents<\/a><\/span> <svg viewBox=\"0 0 4 6\" xmlns=\"http:\/\/www.w3.org\/2000\/svg\"><path d=\"M.863 1.78a.659.659 0 0 1 0-.937.673.673 0 0 1 .946 0l1.976 1.96a.727.727 0 0 1 0 1.032l-1.97 1.953a.673.673 0 0 1-1.091-.215.659.659 0 0 1 .145-.723l1.545-1.531L.863 1.78Z\"\/><\/svg> <span class=\"breadcrumb_last\" aria-current=\"page\">Les moins de 18 ans dans les \u00e9coles EC UK<\/span><\/span><\/div><\/div>\n<\/div>\n\n\n\n<div class=\"wp-block-group alignwide has-global-padding is-layout-constrained wp-block-group-is-layout-constrained\" style=\"margin-top:var(--wp--preset--spacing--xxl);margin-bottom:var(--wp--preset--spacing--xxl)\">\n<div class=\"wp-block-group alignwide is-layout-flow wp-container-core-group-is-layout-07b55995 wp-block-group-is-layout-flow\" style=\"margin-top:0;margin-bottom:0\">\n<h1 class=\"wp-block-heading\"><strong><strong><strong>Les moins de 18 ans dans les \u00e9coles EC UK<\/strong><\/strong><\/strong><\/h1>\n\n\n\n<p style=\"padding-top:var(--wp--preset--spacing--s);padding-bottom:var(--wp--preset--spacing--s)\" class=\"\">Bien que les centres et les cours EC soient principalement con\u00e7us pour les \u00e9tudiants \u00e2g\u00e9s de 18 ans et plus, nous accueillons les \u00e9tudiants \u00e2g\u00e9s de 16 ans et plus dans tous nos centres au Royaume-Uni. Cependant, veuillez noter qu&#8217;EC n&#8217;assure pas de surveillance 24 heures sur 24. Les d\u00e9placements vers et depuis l&#8217;\u00e9cole ne sont pas supervis\u00e9s et sont \u00e0 la charge de l&#8217;\u00e9tudiant. Pour la s\u00e9curit\u00e9 de l&#8217;\u00e9tudiant, les familles d&#8217;accueil sont tenues de signaler les arriv\u00e9es apr\u00e8s le couvre-feu le soir, 7 jours sur 7, et les enseignants signaleront toute absence dans les 30 minutes pr\u00e9c\u00e9dant le d\u00e9but d&#8217;un cours afin de confirmer les all\u00e9es et venues de l&#8217;\u00e9tudiant. Les \u00e9tudiants de moins de 18 ans qui fr\u00e9quentent un centre de la CE et qui souhaitent r\u00e9server un logement aupr\u00e8s de la CE doivent s\u00e9journer en demi-pension dans une famille d&#8217;accueil (les \u00e9tudiants doivent acheter leur propre repas, qui co\u00fbte jusqu&#8217;\u00e0 6 \u00a3 par jour).&nbsp;<\/p>\n\n\n\n<p class=\"\">Les notes suivantes ont \u00e9t\u00e9 pr\u00e9par\u00e9es \u00e0 l&#8217;intention des parents et des tuteurs des \u00e9tudiants de moins de 18 ans afin de les aider \u00e0 comprendre \u00e0 quoi s&#8217;attendre lorsque leur enfant viendra \u00e9tudier \u00e0 l&#8217;EC. Les parents\/tuteurs sont pri\u00e9s de les lire avant d&#8217;inscrire leur enfant dans nos centres.&nbsp;<\/p>\n\n\n\n<p class=\"\">Initiation pour les \u00e9tudiants de moins de 18 ans&nbsp;<\/p>\n\n\n\n<p class=\"\">Lorsqu&#8217;ils viennent \u00e9tudier dans nos centres, les \u00e9tudiants de moins de 18 ans re\u00e7oivent une initiation par les membres du personnel du centre responsables des \u00e9tudiants de moins de 18 ans. Cette initiation comprend des informations importantes telles que les r\u00e8gles de l&#8217;\u00e9cole et du Royaume-Uni concernant les moins de 18 ans, les heures de couvre-feu, les num\u00e9ros d&#8217;urgence, ainsi que les services de soutien fournis par EC et les personnes \u00e0 qui les \u00e9tudiants peuvent s&#8217;adresser s&#8217;ils ont besoin d&#8217;aide.&nbsp;<\/p>\n\n\n\n<p class=\"\">Le couvre-feu pour les jeunes de 16 et 17 ans est fix\u00e9 \u00e0 23h00&nbsp;<\/p>\n\n\n\n<p class=\"\">Les \u00e9tudiants de moins de 18 ans recevront une brochure d&#8217;information lorsqu&#8217;ils viendront \u00e9tudier \u00e0 l&#8217;EC.&nbsp;<\/p>\n\n\n\n<p class=\"\">R\u00e9unions hebdomadaires pour les \u00e9tudiants de moins de 18 ans&nbsp;<\/p>\n\n\n\n<p class=\"\">Les \u00e9tudiants de moins de 18 ans qui fr\u00e9quentent un centre d&#8217;EC auront une r\u00e9union hebdomadaire avec les membres du personnel du centre responsables des \u00e9tudiants de moins de 18 ans afin de s&#8217;assurer de leur bien-\u00eatre. Cette r\u00e9union est \u00e9galement l&#8217;occasion de discuter de tout probl\u00e8me ou question que les \u00e9tudiants pourraient avoir.&nbsp;<\/p>\n\n\n\n<p class=\"\">Consentement parental pour les moins de 18 ans \u00e9tudiant au Royaume-Uni&nbsp;<\/p>\n\n\n\n<p class=\"\">Les parents\/tuteurs des \u00e9tudiants de moins de 18 ans qui \u00e9tudient dans les centres de la CE devront remplir un formulaire d&#8217;autorisation parentale et de consentement m\u00e9dical au moment de la r\u00e9servation.&nbsp;<\/p>\n\n\n\n<p class=\"\"><strong>Voyage des moins de 18 ans \u00e9tudiant au Royaume-Uni\u00a0<\/strong><\/p>\n\n\n\n<p class=\"\">L&#8217;EC exige que les \u00e9tudiants \u00e2g\u00e9s de 16 et 17 ans qui arrivent au Royaume-Uni entre 20 heures et 8 heures soient transf\u00e9r\u00e9s \u00e0 l&#8217;a\u00e9roport par l&#8217;\u00e9cole \u00e0 leur arriv\u00e9e. Nous recommandons aux \u00e9tudiants \u00e2g\u00e9s de 16 et 17 ans qui arrivent en dehors de cette p\u00e9riode de r\u00e9server un transfert a\u00e9roportuaire organis\u00e9 par l&#8217;\u00e9cole. Cependant, nous n&#8217;insistons pas, \u00e0 condition que l&#8217;\u00e9cole re\u00e7oive \u00e0 l&#8217;avance les d\u00e9tails du voyage de l&#8217;\u00e9tudiant (heures et num\u00e9ros de vol), le num\u00e9ro de t\u00e9l\u00e9phone de la personne \u00e0 contacter et la confirmation de la mani\u00e8re dont l&#8217;\u00e9tudiant se rendra de l&#8217;a\u00e9roport \u00e0 son lieu d&#8217;h\u00e9bergement, ainsi que l&#8217;heure d&#8217;arriv\u00e9e pr\u00e9vue \u00e0 son lieu de destination. La Commission europ\u00e9enne recommande \u00e9galement aux \u00e9tudiants \u00e2g\u00e9s de 16 et 17 ans de r\u00e9server leur transfert \u00e0 l&#8217;a\u00e9roport au moment de leur d\u00e9part.\u00a0<\/p>\n\n\n\n<p class=\"\"><strong>Sauvegarde et protection de l&#8217;enfance\u00a0<\/strong><\/p>\n\n\n\n<p class=\"\">EC UK a mis en place une politique de sauvegarde et de protection de l&#8217;enfance ainsi qu&#8217;une politique de s\u00e9curit\u00e9 \u00e9lectronique afin de prot\u00e9ger les \u00e9tudiants, y compris ceux \u00e2g\u00e9s de moins de 18 ans, qui \u00e9tudient dans nos centres.\u00a0<\/p>\n\n\n\n<p class=\"\"><a href=\"https:\/\/ec.itmonks.dev\/fr\/wp-content\/uploads\/sites\/9\/2025\/02\/ec-safety-and-child-protection-policy_v2.22.pdf\">Politique de sauvegarde et de protection de l&#8217;enfance &#8211; Royaume-Uni<\/a><\/p>\n\n\n\n<p class=\"\"><a href=\"https:\/\/ec.itmonks.dev\/fr\/wp-content\/uploads\/sites\/9\/2025\/02\/esafety_policy_uk.pdf\">Politique de s\u00e9curit\u00e9 en ligne au Royaume-Uni<\/a><\/p>\n\n\n\n<p class=\"\"><a href=\"https:\/\/ec.itmonks.dev\/fr\/wp-content\/uploads\/sites\/9\/2025\/02\/safeguarding_who_brighton.pdf\">Brighton &#8211; Protection et pr\u00e9vention &#8211; Qui est qui<\/a><\/p>\n\n\n\n<p class=\"\"><a href=\"https:\/\/ec.itmonks.dev\/fr\/wp-content\/uploads\/sites\/9\/2025\/02\/safeguarding_who_bristol.pdf\">Bristol &#8211; Protection et pr\u00e9vention &#8211; Qui est qui<\/a><\/p>\n\n\n\n<p class=\"\"><a href=\"https:\/\/ec.itmonks.dev\/fr\/wp-content\/uploads\/sites\/9\/2025\/02\/safeguarding_who_cambridge.pdf\">Cambridge &#8211; Protection et pr\u00e9vention &#8211; Qui est qui<\/a><\/p>\n\n\n\n<p class=\"\"><a href=\"https:\/\/ec.itmonks.dev\/fr\/wp-content\/uploads\/sites\/9\/2025\/02\/safeguarding_who_cambridge.pdf\">Londres &#8211; Protection et pr\u00e9vention &#8211; Qui est qui<\/a><\/p>\n\n\n\n<p class=\"\"><a href=\"https:\/\/ec.itmonks.dev\/fr\/wp-content\/uploads\/sites\/9\/2025\/02\/safeguarding_who_manchester.pdf\">Manchester &#8211; Protection et pr\u00e9vention &#8211; Qui est qui<\/a><\/p>\n\n\n\n<p class=\"\"><a href=\"https:\/\/ec.itmonks.dev\/fr\/wp-content\/uploads\/sites\/9\/2025\/02\/parentalconsentform.pdf\">Formulaire d&#8217;autorisation parentale<\/a><\/p>\n<\/div>\n<\/div>\n","protected":false},"excerpt":{"rendered":"<p>Les moins de 18 ans dans les \u00e9coles EC UK Bien que les centres et les cours EC soient principalement<\/p>\n","protected":false},"author":9,"featured_media":0,"parent":4215,"menu_order":0,"comment_status":"closed","ping_status":"closed","template":"","meta":{"_acf_changed":false,"_trash_the_other_posts":false,"footnotes":""},"page_category":[],"activity_category":[],"activity_location":[],"course_category":[],"destination_age_group":[],"destination_category":[],"lesson_category":[],"class_list":["post-4217","page","type-page","status-publish","hentry"],"acf":[],"yoast_head":"<!-- This site is optimized with the Yoast SEO plugin v26.8 - https:\/\/yoast.com\/product\/yoast-seo-wordpress\/ -->\n<title>Documents de politique g\u00e9n\u00e9rale Royaume-Uni<\/title>\n<meta name=\"description\" content=\"Documents de politique g\u00e9n\u00e9rale Royaume-Uni Moins de 18 ans - EC English\" \/>\n<meta name=\"robots\" content=\"noindex, follow, max-snippet:-1, max-image-preview:large, max-video-preview:-1\" \/>\n<meta property=\"og:locale\" content=\"en_US\" \/>\n<meta property=\"og:type\" content=\"article\" \/>\n<meta property=\"og:title\" content=\"Documents de politique g\u00e9n\u00e9rale Royaume-Uni\" \/>\n<meta property=\"og:description\" content=\"Documents de politique g\u00e9n\u00e9rale Royaume-Uni Moins de 18 ans - EC English\" \/>\n<meta property=\"og:url\" content=\"https:\/\/ecenglish.com\/fr\/privacy-policy\/moins-de-18-ans\/\" \/>\n<meta property=\"og:site_name\" content=\"EC English ( FR )\" \/>\n<meta property=\"article:modified_time\" content=\"2025-03-06T13:06:38+00:00\" \/>\n<meta name=\"twitter:card\" content=\"summary_large_image\" \/>\n<meta name=\"twitter:label1\" content=\"Est. reading time\" \/>\n\t<meta name=\"twitter:data1\" content=\"7 minutes\" \/>\n<script type=\"application\/ld+json\" class=\"yoast-schema-graph\">{\"@context\":\"https:\/\/schema.org\",\"@graph\":[{\"@type\":\"WebPage\",\"@id\":\"https:\/\/ecenglish.com\/fr\/privacy-policy\/moins-de-18-ans\/\",\"url\":\"https:\/\/ecenglish.com\/fr\/privacy-policy\/moins-de-18-ans\/\",\"name\":\"Documents de politique g\u00e9n\u00e9rale Royaume-Uni\",\"isPartOf\":{\"@id\":\"https:\/\/ec.itmonks.dev\/fr\/#website\"},\"datePublished\":\"2025-01-21T16:01:02+00:00\",\"dateModified\":\"2025-03-06T13:06:38+00:00\",\"description\":\"Documents de politique g\u00e9n\u00e9rale Royaume-Uni Moins de 18 ans - EC English\",\"breadcrumb\":{\"@id\":\"https:\/\/ecenglish.com\/fr\/privacy-policy\/moins-de-18-ans\/#breadcrumb\"},\"inLanguage\":\"en-US\",\"potentialAction\":[{\"@type\":\"ReadAction\",\"target\":[\"https:\/\/ecenglish.com\/fr\/privacy-policy\/moins-de-18-ans\/\"]}]},{\"@type\":\"BreadcrumbList\",\"@id\":\"https:\/\/ecenglish.com\/fr\/privacy-policy\/moins-de-18-ans\/#breadcrumb\",\"itemListElement\":[{\"@type\":\"ListItem\",\"position\":1,\"name\":\"Home\",\"item\":\"https:\/\/ecenglish.com\/fr\/\"},{\"@type\":\"ListItem\",\"position\":2,\"name\":\"Policy Documents\",\"item\":\"https:\/\/ecenglish.com\/fr\/privacy-policy\/\"},{\"@type\":\"ListItem\",\"position\":3,\"name\":\"Les moins de 18 ans dans les \u00e9coles EC UK\"}]},{\"@type\":\"WebSite\",\"@id\":\"https:\/\/ec.itmonks.dev\/fr\/#website\",\"url\":\"https:\/\/ec.itmonks.dev\/fr\/\",\"name\":\"EC English ( FR )\",\"description\":\"\",\"potentialAction\":[{\"@type\":\"SearchAction\",\"target\":{\"@type\":\"EntryPoint\",\"urlTemplate\":\"https:\/\/ec.itmonks.dev\/fr\/?s={search_term_string}\"},\"query-input\":{\"@type\":\"PropertyValueSpecification\",\"valueRequired\":true,\"valueName\":\"search_term_string\"}}],\"inLanguage\":\"en-US\"}]}<\/script>\n<!-- \/ Yoast SEO plugin. -->","yoast_head_json":{"title":"Documents de politique g\u00e9n\u00e9rale Royaume-Uni","description":"Documents de politique g\u00e9n\u00e9rale Royaume-Uni Moins de 18 ans - EC English","robots":{"index":"noindex","follow":"follow","max-snippet":"max-snippet:-1","max-image-preview":"max-image-preview:large","max-video-preview":"max-video-preview:-1"},"og_locale":"en_US","og_type":"article","og_title":"Documents de politique g\u00e9n\u00e9rale Royaume-Uni","og_description":"Documents de politique g\u00e9n\u00e9rale Royaume-Uni Moins de 18 ans - EC English","og_url":"https:\/\/ecenglish.com\/fr\/privacy-policy\/moins-de-18-ans\/","og_site_name":"EC English ( FR )","article_modified_time":"2025-03-06T13:06:38+00:00","twitter_card":"summary_large_image","twitter_misc":{"Est. reading time":"7 minutes"},"schema":{"@context":"https:\/\/schema.org","@graph":[{"@type":"WebPage","@id":"https:\/\/ecenglish.com\/fr\/privacy-policy\/moins-de-18-ans\/","url":"https:\/\/ecenglish.com\/fr\/privacy-policy\/moins-de-18-ans\/","name":"Documents de politique g\u00e9n\u00e9rale Royaume-Uni","isPartOf":{"@id":"https:\/\/ec.itmonks.dev\/fr\/#website"},"datePublished":"2025-01-21T16:01:02+00:00","dateModified":"2025-03-06T13:06:38+00:00","description":"Documents de politique g\u00e9n\u00e9rale Royaume-Uni Moins de 18 ans - EC English","breadcrumb":{"@id":"https:\/\/ecenglish.com\/fr\/privacy-policy\/moins-de-18-ans\/#breadcrumb"},"inLanguage":"en-US","potentialAction":[{"@type":"ReadAction","target":["https:\/\/ecenglish.com\/fr\/privacy-policy\/moins-de-18-ans\/"]}]},{"@type":"BreadcrumbList","@id":"https:\/\/ecenglish.com\/fr\/privacy-policy\/moins-de-18-ans\/#breadcrumb","itemListElement":[{"@type":"ListItem","position":1,"name":"Home","item":"https:\/\/ecenglish.com\/fr\/"},{"@type":"ListItem","position":2,"name":"Policy Documents","item":"https:\/\/ecenglish.com\/fr\/privacy-policy\/"},{"@type":"ListItem","position":3,"name":"Les moins de 18 ans dans les \u00e9coles EC UK"}]},{"@type":"WebSite","@id":"https:\/\/ec.itmonks.dev\/fr\/#website","url":"https:\/\/ec.itmonks.dev\/fr\/","name":"EC English ( FR )","description":"","potentialAction":[{"@type":"SearchAction","target":{"@type":"EntryPoint","urlTemplate":"https:\/\/ec.itmonks.dev\/fr\/?s={search_term_string}"},"query-input":{"@type":"PropertyValueSpecification","valueRequired":true,"valueName":"search_term_string"}}],"inLanguage":"en-US"}]}},"_links":{"self":[{"href":"https:\/\/ec.itmonks.dev\/fr\/wp-json\/wp\/v2\/pages\/4217","targetHints":{"allow":["GET"]}}],"collection":[{"href":"https:\/\/ec.itmonks.dev\/fr\/wp-json\/wp\/v2\/pages"}],"about":[{"href":"https:\/\/ec.itmonks.dev\/fr\/wp-json\/wp\/v2\/types\/page"}],"author":[{"embeddable":true,"href":"https:\/\/ec.itmonks.dev\/fr\/wp-json\/wp\/v2\/users\/9"}],"replies":[{"embeddable":true,"href":"https:\/\/ec.itmonks.dev\/fr\/wp-json\/wp\/v2\/comments?post=4217"}],"version-history":[{"count":8,"href":"https:\/\/ec.itmonks.dev\/fr\/wp-json\/wp\/v2\/pages\/4217\/revisions"}],"predecessor-version":[{"id":13491,"href":"https:\/\/ec.itmonks.dev\/fr\/wp-json\/wp\/v2\/pages\/4217\/revisions\/13491"}],"up":[{"embeddable":true,"href":"https:\/\/ec.itmonks.dev\/fr\/wp-json\/wp\/v2\/pages\/4215"}],"wp:attachment":[{"href":"https:\/\/ec.itmonks.dev\/fr\/wp-json\/wp\/v2\/media?parent=4217"}],"wp:term":[{"taxonomy":"page_category","embeddable":true,"href":"https:\/\/ec.itmonks.dev\/fr\/wp-json\/wp\/v2\/page_category?post=4217"},{"taxonomy":"activity_category","embeddable":true,"href":"https:\/\/ec.itmonks.dev\/fr\/wp-json\/wp\/v2\/activity_category?post=4217"},{"taxonomy":"activity_location","embeddable":true,"href":"https:\/\/ec.itmonks.dev\/fr\/wp-json\/wp\/v2\/activity_location?post=4217"},{"taxonomy":"course_category","embeddable":true,"href":"https:\/\/ec.itmonks.dev\/fr\/wp-json\/wp\/v2\/course_category?post=4217"},{"taxonomy":"destination_age_group","embeddable":true,"href":"https:\/\/ec.itmonks.dev\/fr\/wp-json\/wp\/v2\/destination_age_group?post=4217"},{"taxonomy":"destination_category","embeddable":true,"href":"https:\/\/ec.itmonks.dev\/fr\/wp-json\/wp\/v2\/destination_category?post=4217"},{"taxonomy":"lesson_category","embeddable":true,"href":"https:\/\/ec.itmonks.dev\/fr\/wp-json\/wp\/v2\/lesson_category?post=4217"}],"curies":[{"name":"wp","href":"https:\/\/api.w.org\/{rel}","templated":true}]}}