{"id":4170,"date":"2025-01-21T14:16:27","date_gmt":"2025-01-21T14:16:27","guid":{"rendered":"https:\/\/ec.itmonks.dev\/fr\/?page_id=4170"},"modified":"2025-03-02T12:40:47","modified_gmt":"2025-03-02T12:40:47","slug":"conditions-cookies","status":"publish","type":"page","link":"https:\/\/ec.itmonks.dev\/fr\/conditions-cookies\/","title":{"rendered":"Politique en mati\u00e8re de cookies"},"content":{"rendered":"\n<div class=\"wp-block-group alignwide has-global-padding is-layout-constrained wp-block-group-is-layout-constrained\" style=\"padding-top:var(--wp--preset--spacing--xs);padding-bottom:var(--wp--preset--spacing--xs)\">\n<div class=\"wp-block-group alignwide has-global-padding is-content-justification-left is-layout-constrained wp-container-core-group-is-layout-12dd3699 wp-block-group-is-layout-constrained\"><div class=\"yoast-breadcrumbs\"><span><span><a href=\"https:\/\/ecenglish.com\/fr\/\">Home<\/a><\/span> <svg viewBox=\"0 0 4 6\" xmlns=\"http:\/\/www.w3.org\/2000\/svg\"><path d=\"M.863 1.78a.659.659 0 0 1 0-.937.673.673 0 0 1 .946 0l1.976 1.96a.727.727 0 0 1 0 1.032l-1.97 1.953a.673.673 0 0 1-1.091-.215.659.659 0 0 1 .145-.723l1.545-1.531L.863 1.78Z\"\/><\/svg> <span class=\"breadcrumb_last\" aria-current=\"page\">Politique en mati\u00e8re de cookies<\/span><\/span><\/div><\/div>\n<\/div>\n\n\n\n<div class=\"wp-block-group alignwide has-global-padding is-layout-constrained wp-block-group-is-layout-constrained\" style=\"margin-top:var(--wp--preset--spacing--xxl);margin-bottom:var(--wp--preset--spacing--xxl)\">\n<div class=\"wp-block-group alignwide is-layout-flow wp-container-core-group-is-layout-07b55995 wp-block-group-is-layout-flow\" style=\"margin-top:0;margin-bottom:0\">\n<h1 class=\"wp-block-heading\"><strong>Politique en mati\u00e8re de cookies<\/strong><\/h1>\n\n\n\n<h2 class=\"wp-block-heading\"><strong>EC English Language Centres<\/strong><\/h2>\n\n\n\n<p class=\"\"><strong>Qu&#8217;est-ce qu&#8217;un cookie ?<\/strong><\/p>\n\n\n\n<p class=\"\">Les cookies sont de petits fichiers texte ou \u00e9l\u00e9ments d&#8217;information qui sont stock\u00e9s sur votre ordinateur ou appareil mobile lorsque vous visitez notre site web. Un cookie contient le nom du site web et une valeur, qui peuvent \u00eatre utilis\u00e9s \u00e0 diverses fins.<\/p>\n\n\n\n<p class=\"\">Les cookies de \u00ab session \u00bb sont conserv\u00e9s en m\u00e9moire et n&#8217;existent que pendant votre visite sur notre site Web. Les cookies \u00ab persistants \u00bb sont stock\u00e9s sur votre appareil jusqu&#8217;\u00e0 leur expiration et peuvent donc \u00eatre utilis\u00e9s par notre site Web lors de vos visites ult\u00e9rieures. Tous les cookies persistants ont une \u00ab dur\u00e9e de vie \u00bb qui d\u00e9termine combien de temps le cookie restera actif sur votre appareil.<\/p>\n\n\n\n<p class=\"\">Nos cookies ne contiennent aucune donn\u00e9e qui pourrait \u00eatre utilis\u00e9e pour vous identifier personnellement.<\/p>\n\n\n\n<p class=\"\">\u00c0 quoi servent les cookies ?<\/p>\n\n\n\n<p class=\"\">Nous utilisons des cookies pour faciliter l&#8217;utilisation de notre site Web et pour rendre le contenu que vous voyez plus pertinent. Les cookies nous permettent d&#8217;enregistrer des informations importantes sur votre visite et cela nous aide \u00e0 am\u00e9liorer le site Web pour vous et pour les autres visiteurs.<\/p>\n\n\n\n<p class=\"\">Nous utilisons \u00e9galement des cookies pour cr\u00e9er des statistiques qui nous aident \u00e0 am\u00e9liorer la structure et le contenu de notre site Web. Nous ne pouvons pas vous identifier personnellement \u00e0 partir de ces informations.<\/p>\n\n\n\n<p class=\"\">Cookies tiers<\/p>\n\n\n\n<p class=\"\">Nous utilisons un certain nombre de syst\u00e8mes fournis par des prestataires externes. Dans certains cas, ils peuvent \u00e9galement installer des cookies sur votre appareil en notre nom lorsque vous visitez notre site Web.<\/p>\n\n\n\n<p class=\"\">Gestion des cookies<\/p>\n\n\n\n<p class=\"\">Tous les navigateurs Web modernes vous permettent de contr\u00f4ler l&#8217;utilisation des cookies sur votre appareil. Vous pouvez \u00e9galement supprimer les cookies existants et autres donn\u00e9es stock\u00e9es sur votre appareil si vous le souhaitez.<\/p>\n\n\n\n<p class=\"\"><a href=\"https:\/\/support.google.com\/accounts\/answer\/61416?hl=en\">Instructions pour Google Chrome<\/a><\/p>\n\n\n\n<p class=\"\"><a href=\"https:\/\/support.mozilla.org\/en-US\/kb\/cookies-information-websites-store-on-your-computer\">Instructions pour Firefox<\/a><\/p>\n\n\n\n<p class=\"\"><a href=\"http:\/\/windows.microsoft.com\/en-gb\/internet-explorer\/delete-manage-cookies\">Instructions pour Internet Explorer<\/a><\/p>\n\n\n\n<p class=\"\"><a href=\"http:\/\/windows.microsoft.com\/en-us\/windows-10\/edge-privacy-faq\">Instructions pour Microsoft Edge<\/a><\/p>\n\n\n\n<p class=\"\">Les cookies am\u00e9liorent votre exp\u00e9rience sur notre site web et nous vous encourageons \u00e0 les laisser activ\u00e9s.<\/p>\n\n\n\n<p class=\"\">Nos cookies<\/p>\n\n\n\n<p class=\"\"><strong>Cookies essentiels<\/strong><\/p>\n\n\n\n<p class=\"\">Ils sont n\u00e9cessaires au fonctionnement de notre site web. Si vous choisissez de d\u00e9sactiver les cookies de notre site web, vous ne pourrez pas utiliser un grand nombre de ses fonctionnalit\u00e9s.<\/p>\n\n\n\n<p class=\"\">En voici quelques exemples :<\/p>\n\n\n\n<ul class=\"wp-block-list\">\n<li>Les cookies de session qui m\u00e9morisent vos actions lorsque vous naviguez sur nos sites web.<\/li>\n\n\n\n<li>Les cookies de s\u00e9curit\u00e9 qui v\u00e9rifient la validit\u00e9 de vos actions pendant votre visite contribuent \u00e0 assurer la s\u00e9curit\u00e9 de nos sites Web et de nos services.<\/li>\n<\/ul>\n\n\n\n<p class=\"\"><strong>Cookies d&#8217;analyse et de performance<\/strong><\/p>\n\n\n\n<p class=\"\">Ces cookies nous aident \u00e0 recueillir des informations sur la fa\u00e7on dont vous utilisez nos sites Web au fil du temps ; les zones que vous visitez, le temps pass\u00e9 sur nos sites Web et les probl\u00e8mes et erreurs que vous pouvez rencontrer. Ces informations nous aident \u00e0 am\u00e9liorer continuellement les informations que nous fournissons et les performances de nos sites Web et de nos services.<\/p>\n\n\n\n<p class=\"\"><strong>Cookies de fonctionnalit\u00e9s et de services<\/strong><\/p>\n\n\n\n<p class=\"\">Nous utilisons des fonctionnalit\u00e9s et des services fournis par des tiers qui peuvent installer des cookies en notre nom. G\u00e9n\u00e9ralement, ces services sont int\u00e9gr\u00e9s \u00e0 nos pages Web pour fournir des fonctionnalit\u00e9s telles que des lecteurs vid\u00e9o et des outils de partage sur les r\u00e9seaux sociaux. Ces services tiers peuvent installer leurs propres cookies que nous ne pouvons ni contr\u00f4ler ni consulter.<\/p>\n\n\n\n<p class=\"\">Par exemple, ces services nous permettent de vous offrir une exp\u00e9rience personnalis\u00e9e en fonction de vos visites pr\u00e9c\u00e9dentes ou de votre localisation, de vous permettre de commenter facilement nos articles de blog \u00e0 l&#8217;aide de votre compte Facebook, d&#8217;utiliser des outils sociaux ou de pr\u00e9-remplir facilement les champs de nos formulaires en ligne.<\/p>\n\n\n\n<p class=\"\"><strong>Cookies publicitaires et marketing<\/strong><\/p>\n\n\n\n<p class=\"\">Ces cookies sont utilis\u00e9s pour mesurer l&#8217;efficacit\u00e9 de la publicit\u00e9 et pour fournir un contenu pertinent par rapport \u00e0 vos centres d&#8217;int\u00e9r\u00eat. Ils peuvent \u00eatre utilis\u00e9s pour diffuser des publicit\u00e9s comportementales\/cibl\u00e9es sur d&#8217;autres sites web que vous visitez ou pour mettre en avant des contenus et des services qui, selon nous, sont susceptibles de vous int\u00e9resser en fonction de votre activit\u00e9 sur nos sites web et\/ou d&#8217;autres sites web au sein de nos r\u00e9seaux publicitaires.<\/p>\n\n\n\n<p class=\"\">Pixels invisibles<\/p>\n\n\n\n<p class=\"\">Nous utilisons des pixels invisibles (gifs invisibles) qui sont partag\u00e9s avec des tiers afin de permettre certaines activit\u00e9s de marketing. Les informations que nous recueillons nous aident \u00e0 cibler les publicit\u00e9s et les promotions qui apparaissent sur notre site Web.<\/p>\n\n\n\n<p class=\"\">Comme pour les cookies, les informations que nous capturons par le biais des pixels invisibles ne peuvent pas \u00eatre utilis\u00e9es pour vous identifier personnellement.<\/p>\n\n\n\n<p class=\"\">Si vous avez des questions, veuillez contacter\u00a0<\/p>\n\n\n\n<p class=\"\"><em>Nous utilisons AdRoll pour diffuser des annonces \u00e0 des fins de reciblage et de publicit\u00e9. Pour en savoir plus sur la mani\u00e8re dont vos donn\u00e9es personnelles sont utilis\u00e9es, cliquez sur le lien suivant : https:\/\/www.adrollgroup.com\/privacy<\/em><\/p>\n<\/div>\n<\/div>\n","protected":false},"excerpt":{"rendered":"<p>Politique en mati\u00e8re de cookies EC English Language Centres Qu&#8217;est-ce qu&#8217;un cookie ? Les cookies sont de petits fichiers texte<\/p>\n","protected":false},"author":12,"featured_media":0,"parent":0,"menu_order":0,"comment_status":"closed","ping_status":"closed","template":"","meta":{"_acf_changed":false,"_trash_the_other_posts":false,"footnotes":""},"page_category":[],"activity_category":[],"activity_location":[],"course_category":[],"destination_age_group":[],"destination_category":[],"lesson_category":[],"class_list":["post-4170","page","type-page","status-publish","hentry"],"acf":[],"yoast_head":"<!-- This site is optimized with the Yoast SEO plugin v26.8 - https:\/\/yoast.com\/product\/yoast-seo-wordpress\/ -->\n<title>Politique en mati\u00e8re de cookies - EC English<\/title>\n<meta name=\"description\" content=\"EC English School Politique en mati\u00e8re de cookies : nous utilisons des cookies pour am\u00e9liorer votre exp\u00e9rience et personnaliser le contenu de notre site.\" \/>\n<meta name=\"robots\" content=\"noindex, follow, max-snippet:-1, max-image-preview:large, max-video-preview:-1\" \/>\n<meta property=\"og:locale\" content=\"en_US\" \/>\n<meta property=\"og:type\" content=\"article\" \/>\n<meta property=\"og:title\" content=\"Politique en mati\u00e8re de cookies - EC English\" \/>\n<meta property=\"og:description\" content=\"EC English School Politique en mati\u00e8re de cookies : nous utilisons des cookies pour am\u00e9liorer votre exp\u00e9rience et personnaliser le contenu de notre site.\" \/>\n<meta property=\"og:url\" content=\"https:\/\/ecenglish.com\/fr\/conditions-cookies\/\" \/>\n<meta property=\"og:site_name\" content=\"EC English ( FR )\" \/>\n<meta property=\"article:modified_time\" content=\"2025-03-02T12:40:47+00:00\" \/>\n<meta name=\"twitter:card\" content=\"summary_large_image\" \/>\n<meta name=\"twitter:label1\" content=\"Est. reading time\" \/>\n\t<meta name=\"twitter:data1\" content=\"7 minutes\" \/>\n<script type=\"application\/ld+json\" class=\"yoast-schema-graph\">{\"@context\":\"https:\/\/schema.org\",\"@graph\":[{\"@type\":\"WebPage\",\"@id\":\"https:\/\/ecenglish.com\/fr\/conditions-cookies\/\",\"url\":\"https:\/\/ecenglish.com\/fr\/conditions-cookies\/\",\"name\":\"Politique en mati\u00e8re de cookies - EC English\",\"isPartOf\":{\"@id\":\"https:\/\/ec.itmonks.dev\/fr\/#website\"},\"datePublished\":\"2025-01-21T14:16:27+00:00\",\"dateModified\":\"2025-03-02T12:40:47+00:00\",\"description\":\"EC English School Politique en mati\u00e8re de cookies : nous utilisons des cookies pour am\u00e9liorer votre exp\u00e9rience et personnaliser le contenu de notre site.\",\"breadcrumb\":{\"@id\":\"https:\/\/ecenglish.com\/fr\/conditions-cookies\/#breadcrumb\"},\"inLanguage\":\"en-US\",\"potentialAction\":[{\"@type\":\"ReadAction\",\"target\":[\"https:\/\/ecenglish.com\/fr\/conditions-cookies\/\"]}]},{\"@type\":\"BreadcrumbList\",\"@id\":\"https:\/\/ecenglish.com\/fr\/conditions-cookies\/#breadcrumb\",\"itemListElement\":[{\"@type\":\"ListItem\",\"position\":1,\"name\":\"Home\",\"item\":\"https:\/\/ecenglish.com\/fr\/\"},{\"@type\":\"ListItem\",\"position\":2,\"name\":\"Politique en mati\u00e8re de cookies\"}]},{\"@type\":\"WebSite\",\"@id\":\"https:\/\/ec.itmonks.dev\/fr\/#website\",\"url\":\"https:\/\/ec.itmonks.dev\/fr\/\",\"name\":\"EC English ( FR )\",\"description\":\"\",\"potentialAction\":[{\"@type\":\"SearchAction\",\"target\":{\"@type\":\"EntryPoint\",\"urlTemplate\":\"https:\/\/ec.itmonks.dev\/fr\/?s={search_term_string}\"},\"query-input\":{\"@type\":\"PropertyValueSpecification\",\"valueRequired\":true,\"valueName\":\"search_term_string\"}}],\"inLanguage\":\"en-US\"}]}<\/script>\n<!-- \/ Yoast SEO plugin. -->","yoast_head_json":{"title":"Politique en mati\u00e8re de cookies - EC English","description":"EC English School Politique en mati\u00e8re de cookies : nous utilisons des cookies pour am\u00e9liorer votre exp\u00e9rience et personnaliser le contenu de notre site.","robots":{"index":"noindex","follow":"follow","max-snippet":"max-snippet:-1","max-image-preview":"max-image-preview:large","max-video-preview":"max-video-preview:-1"},"og_locale":"en_US","og_type":"article","og_title":"Politique en mati\u00e8re de cookies - EC English","og_description":"EC English School Politique en mati\u00e8re de cookies : nous utilisons des cookies pour am\u00e9liorer votre exp\u00e9rience et personnaliser le contenu de notre site.","og_url":"https:\/\/ecenglish.com\/fr\/conditions-cookies\/","og_site_name":"EC English ( FR )","article_modified_time":"2025-03-02T12:40:47+00:00","twitter_card":"summary_large_image","twitter_misc":{"Est. reading time":"7 minutes"},"schema":{"@context":"https:\/\/schema.org","@graph":[{"@type":"WebPage","@id":"https:\/\/ecenglish.com\/fr\/conditions-cookies\/","url":"https:\/\/ecenglish.com\/fr\/conditions-cookies\/","name":"Politique en mati\u00e8re de cookies - EC English","isPartOf":{"@id":"https:\/\/ec.itmonks.dev\/fr\/#website"},"datePublished":"2025-01-21T14:16:27+00:00","dateModified":"2025-03-02T12:40:47+00:00","description":"EC English School Politique en mati\u00e8re de cookies : nous utilisons des cookies pour am\u00e9liorer votre exp\u00e9rience et personnaliser le contenu de notre site.","breadcrumb":{"@id":"https:\/\/ecenglish.com\/fr\/conditions-cookies\/#breadcrumb"},"inLanguage":"en-US","potentialAction":[{"@type":"ReadAction","target":["https:\/\/ecenglish.com\/fr\/conditions-cookies\/"]}]},{"@type":"BreadcrumbList","@id":"https:\/\/ecenglish.com\/fr\/conditions-cookies\/#breadcrumb","itemListElement":[{"@type":"ListItem","position":1,"name":"Home","item":"https:\/\/ecenglish.com\/fr\/"},{"@type":"ListItem","position":2,"name":"Politique en mati\u00e8re de cookies"}]},{"@type":"WebSite","@id":"https:\/\/ec.itmonks.dev\/fr\/#website","url":"https:\/\/ec.itmonks.dev\/fr\/","name":"EC English ( FR )","description":"","potentialAction":[{"@type":"SearchAction","target":{"@type":"EntryPoint","urlTemplate":"https:\/\/ec.itmonks.dev\/fr\/?s={search_term_string}"},"query-input":{"@type":"PropertyValueSpecification","valueRequired":true,"valueName":"search_term_string"}}],"inLanguage":"en-US"}]}},"_links":{"self":[{"href":"https:\/\/ec.itmonks.dev\/fr\/wp-json\/wp\/v2\/pages\/4170","targetHints":{"allow":["GET"]}}],"collection":[{"href":"https:\/\/ec.itmonks.dev\/fr\/wp-json\/wp\/v2\/pages"}],"about":[{"href":"https:\/\/ec.itmonks.dev\/fr\/wp-json\/wp\/v2\/types\/page"}],"author":[{"embeddable":true,"href":"https:\/\/ec.itmonks.dev\/fr\/wp-json\/wp\/v2\/users\/12"}],"replies":[{"embeddable":true,"href":"https:\/\/ec.itmonks.dev\/fr\/wp-json\/wp\/v2\/comments?post=4170"}],"version-history":[{"count":10,"href":"https:\/\/ec.itmonks.dev\/fr\/wp-json\/wp\/v2\/pages\/4170\/revisions"}],"predecessor-version":[{"id":14045,"href":"https:\/\/ec.itmonks.dev\/fr\/wp-json\/wp\/v2\/pages\/4170\/revisions\/14045"}],"wp:attachment":[{"href":"https:\/\/ec.itmonks.dev\/fr\/wp-json\/wp\/v2\/media?parent=4170"}],"wp:term":[{"taxonomy":"page_category","embeddable":true,"href":"https:\/\/ec.itmonks.dev\/fr\/wp-json\/wp\/v2\/page_category?post=4170"},{"taxonomy":"activity_category","embeddable":true,"href":"https:\/\/ec.itmonks.dev\/fr\/wp-json\/wp\/v2\/activity_category?post=4170"},{"taxonomy":"activity_location","embeddable":true,"href":"https:\/\/ec.itmonks.dev\/fr\/wp-json\/wp\/v2\/activity_location?post=4170"},{"taxonomy":"course_category","embeddable":true,"href":"https:\/\/ec.itmonks.dev\/fr\/wp-json\/wp\/v2\/course_category?post=4170"},{"taxonomy":"destination_age_group","embeddable":true,"href":"https:\/\/ec.itmonks.dev\/fr\/wp-json\/wp\/v2\/destination_age_group?post=4170"},{"taxonomy":"destination_category","embeddable":true,"href":"https:\/\/ec.itmonks.dev\/fr\/wp-json\/wp\/v2\/destination_category?post=4170"},{"taxonomy":"lesson_category","embeddable":true,"href":"https:\/\/ec.itmonks.dev\/fr\/wp-json\/wp\/v2\/lesson_category?post=4170"}],"curies":[{"name":"wp","href":"https:\/\/api.w.org\/{rel}","templated":true}]}}