{"id":4632,"date":"2025-01-23T11:32:38","date_gmt":"2025-01-23T11:32:38","guid":{"rendered":"https:\/\/ec.itmonks.dev\/es\/?page_id=4632"},"modified":"2025-03-20T10:19:38","modified_gmt":"2025-03-20T10:19:38","slug":"politica-de-alojamiento","status":"publish","type":"page","link":"https:\/\/ec.itmonks.dev\/es\/terminos-condiciones-policy\/politica-de-alojamiento\/","title":{"rendered":"Condiciones de alojamiento"},"content":{"rendered":"\n<div class=\"wp-block-group alignwide has-global-padding is-layout-constrained wp-block-group-is-layout-constrained\" style=\"padding-top:var(--wp--preset--spacing--xs);padding-bottom:var(--wp--preset--spacing--xs)\">\n<div class=\"wp-block-group alignwide has-global-padding is-content-justification-left is-layout-constrained wp-container-core-group-is-layout-12dd3699 wp-block-group-is-layout-constrained\"><div class=\"yoast-breadcrumbs\"><span><span><a href=\"https:\/\/ecenglish.com\/es\/\">Home<\/a><\/span> <svg viewBox=\"0 0 4 6\" xmlns=\"http:\/\/www.w3.org\/2000\/svg\"><path d=\"M.863 1.78a.659.659 0 0 1 0-.937.673.673 0 0 1 .946 0l1.976 1.96a.727.727 0 0 1 0 1.032l-1.97 1.953a.673.673 0 0 1-1.091-.215.659.659 0 0 1 .145-.723l1.545-1.531L.863 1.78Z\"\/><\/svg> <span><a href=\"https:\/\/ecenglish.com\/es\/terminos-condiciones-policy\/\">Policy Documents<\/a><\/span> <svg viewBox=\"0 0 4 6\" xmlns=\"http:\/\/www.w3.org\/2000\/svg\"><path d=\"M.863 1.78a.659.659 0 0 1 0-.937.673.673 0 0 1 .946 0l1.976 1.96a.727.727 0 0 1 0 1.032l-1.97 1.953a.673.673 0 0 1-1.091-.215.659.659 0 0 1 .145-.723l1.545-1.531L.863 1.78Z\"\/><\/svg> <span class=\"breadcrumb_last\" aria-current=\"page\">Condiciones de alojamiento<\/span><\/span><\/div><\/div>\n<\/div>\n\n\n\n<div class=\"wp-block-group alignwide has-global-padding is-layout-constrained wp-block-group-is-layout-constrained\" style=\"margin-top:var(--wp--preset--spacing--xxl);margin-bottom:var(--wp--preset--spacing--xxl)\">\n<div class=\"wp-block-group alignwide is-layout-flow wp-container-core-group-is-layout-07b55995 wp-block-group-is-layout-flow\" style=\"margin-top:0;margin-bottom:0\">\n<h1 class=\"wp-block-heading\"><strong><strong>Condiciones de alojamiento<\/strong><\/strong><\/h1>\n\n\n\n<h2 class=\"wp-block-heading\"><strong><strong>T\u00e9rminos y Condiciones para estudiantes EC<\/strong><\/strong><\/h2>\n\n\n\n<p style=\"padding-top:var(--wp--preset--spacing--s);padding-bottom:var(--wp--preset--spacing--s)\" class=\"\">POL\u00cdTICAS DE ALOJAMIENTO&nbsp;<\/p>\n\n\n\n<ul class=\"wp-block-list\">\n<li>A los estudiantes que lleguen a una familia o residencia entre las 22:00 y las 8:00 h se les podr\u00eda solicitar que reserven un alojamiento alternativo en un hotel la primera noche debido a la llegada tard\u00eda o anticipada. Algunos alojamientos pueden cobrar recargos por llegada tard\u00eda. Esta informaci\u00f3n est\u00e1 disponible al realizar la reserva.<\/li>\n\n\n\n<li>A la llegada, se podr\u00e1 cobrar un dep\u00f3sito reembolsable de alojamiento a los estudiantes que se alojen en una residencia. Tenga en cuenta que el coste del dep\u00f3sito var\u00eda seg\u00fan la ubicaci\u00f3n de la escuela; la tarifa y el procedimiento se detallan en la ficha de la residencia.<\/li>\n\n\n\n<li>Una semana parcial de entre 3 y 6 noches se cobrar\u00e1 como una semana de alojamiento. Las estancias de 1 o 2 noches est\u00e1n sujetas a disponibilidad y se aplicar\u00e1 el precio por noche.<\/li>\n\n\n\n<li>Siempre que sea posible, se atender\u00e1n necesidades diet\u00e9ticas especiales. La disponibilidad y las tarifas aplicables se confirmar\u00e1n previa solicitud.<\/li>\n\n\n\n<li>EC puede utilizar socios cuidadosamente seleccionados para alojar a los estudiantes con proveedores de alojamiento familiar adecuados.<\/li>\n\n\n\n<li>Si EC recibe resultados positivos de su solicitud de visa menos de 7 d\u00edas h\u00e1biles antes de la llegada, EC se reserva el derecho de ofrecer alojamiento alternativo, que puede generar cargos adicionales.<\/li>\n\n\n\n<li>Si el d\u00eda de llegada se pospone debido a retrasos en las solicitudes de visa, EC no puede garantizar la asignaci\u00f3n de alojamiento original.<\/li>\n\n\n\n<li>Si EC ha incurrido en alg\u00fan cargo al reservar el alojamiento para el estudiante debido a cambios en el estado de la visa, EC se reserva el derecho de trasladar estos cargos.<\/li>\n\n\n\n<li>Las extensiones de alojamiento despu\u00e9s de la llegada est\u00e1n sujetas a disponibilidad y no se pueden garantizar. Tenga en cuenta que las extensiones de \u00faltima hora pueden estar sujetas a un aumento de precio.<\/li>\n\n\n\n<li>Las solicitudes de alojamiento para el pr\u00f3ximo a\u00f1o calendario se cotizar\u00e1n seg\u00fan las tarifas del a\u00f1o siguiente. Si EC deja de ofrecer el alojamiento confirmado, las escuelas ofrecer\u00e1n una alternativa comparable.<\/li>\n\n\n\n<li>Las solicitudes de alojamiento con 2 o m\u00e1s a\u00f1os de anticipaci\u00f3n solo se pueden confirmar para la estad\u00eda en casa de familia y se confirmar\u00e1n con las tarifas del a\u00f1o siguiente.<\/li>\n\n\n\n<li>La tarifa anual de reserva para aplazamientos solo se puede garantizar hasta 12 meses a partir de la fecha de inicio de la reserva original. En caso de que EC deje de ofrecer el producto de alojamiento confirmado, las escuelas ofrecer\u00e1n una alternativa comparable. Si la reserva se aplaza a\u00fan m\u00e1s, se aplicar\u00e1n las nuevas tarifas y los estudiantes deber\u00e1n abonar la diferencia para cualquier mejora.<\/li>\n\n\n\n<li>No garantizamos alojamiento compartido entre personas del mismo g\u00e9nero. Sin embargo, los estudiantes que compartan habitaci\u00f3n ser\u00e1n de un solo g\u00e9nero. Se pueden hacer excepciones para parejas adultas o hermanos que viajen a una casa de familia\/residencia y soliciten alojamiento en la misma habitaci\u00f3n. Se permite la solicitud de compartir la misma casa de familia entre hermanos de ambos g\u00e9neros, si uno o ambos son menores de edad, seg\u00fan el caso.<\/li>\n\n\n\n<li>Las escuelas har\u00e1n todo lo posible para garantizar que los estudiantes no compartan habitaci\u00f3n\/apartamento con personas que hablan el mismo idioma. Sin embargo, esto est\u00e1 sujeto a disponibilidad y podr\u00eda no ser viable. Hay planes de pago disponibles para estudiantes de larga duraci\u00f3n.<\/li>\n<\/ul>\n\n\n\n<p class=\"\"><strong>POL\u00cdTICAS DE ALOJAMIENTO PARA MENORES DE 18 A\u00d1OS<\/strong>&nbsp;<\/p>\n\n\n\n<ul class=\"wp-block-list\">\n<li>Al alojarse en un alojamiento de EC, el menor de 18 a\u00f1os (U18) debe residir en la misma habitaci\u00f3n que el padre o tutor.<\/li>\n\n\n\n<li>Se puede permitir, caso por caso, la solicitud de que hermanos de ambos sexos compartan la misma casa de familia cuando uno o ambos sean menores de edad.<\/li>\n\n\n\n<li>Los menores de edad deben reservar alojamiento con media pensi\u00f3n en EC durante su estancia hasta que cumplan 18 a\u00f1os. Se ofrece habitaci\u00f3n doble si dos estudiantes del mismo sexo viajan juntos. Solo se har\u00e1n excepciones si los menores se alojan con sus padres o tutores legales mayores de 25 a\u00f1os (seg\u00fan lo designado y confirmado mediante el formulario de consentimiento parental proporcionado). Los estudiantes que reserven un curso para adultos y no viajen con sus padres o tutores, y cuya llegada o salida sea entre las 20:00 y las 8:00, deber\u00e1n contratar el traslado a trav\u00e9s de EC.<\/li>\n<\/ul>\n\n\n\n<p class=\"\"><strong>EXPULSI\u00d3N<\/strong>&nbsp;<\/p>\n\n\n\n<p class=\"\">EC se reserva el derecho de expulsar a estudiantes de un curso o alojamiento de EC por comportamiento inaceptable o ilegal, o por inasistencia. No se realizar\u00e1n reembolsos y cualquier cuota pendiente deber\u00e1 abonarse de inmediato (excepto en EE. UU. y Vancouver). La repatriaci\u00f3n correr\u00e1 a cargo del estudiante. Los estudiantes expulsados \u200b\u200bde un curso de EC ya no podr\u00e1n acceder al alojamiento de EC. Se aplicar\u00e1n las pol\u00edticas de reembolso de alojamiento. EC tiene una pol\u00edtica de tolerancia cero ante la discriminaci\u00f3n, el acoso y el hostigamiento en el lugar de trabajo, el aula y el alojamiento. EC espera que los estudiantes se comporten de forma considerada con quienes los rodean. La conducta inapropiada incluye, entre otras:<\/p>\n\n\n\n<ol class=\"wp-block-list\">\n<li>interrupciones en el entorno de aprendizaje o en el entorno de vida proporcionado por EC (es decir, uso de malas palabras, acoso, etc.)<\/li>\n<\/ol>\n\n\n\n<p class=\"\">2. Destrucci\u00f3n deliberada, mal uso o robo de la propiedad de EC, del alojamiento de EC o de la propiedad de compa\u00f1eros de clase, familias anfitrionas o compa\u00f1eros de casa.<\/p>\n\n\n\n<p class=\"\">3. violencia o amenazas de violencia hacia personas o propiedades de estudiantes o personal escolar.<\/p>\n\n\n\n<p class=\"\">4. acoso sexual, incluidos avances no deseados o cualquier otro comportamiento inapropiado de naturaleza sexual.<\/p>\n\n\n\n<p class=\"\">5. uso indebido del correo electr\u00f3nico o del acceso a Internet.<\/p>\n\n\n\n<p class=\"\">6. incumplimiento de las leyes de derechos de autor.<\/p>\n\n\n\n<p class=\"\">7. uso de drogas (incluida la marihuana donde sea legal) o alcohol en las instalaciones de EC, incluidas las viviendas de EC y\/o cuando sea menor de edad<\/p>\n\n\n\n<p class=\"\"><strong>DA\u00d1OS A LA PROPIEDAD<\/strong>&nbsp;<\/p>\n\n\n\n<p class=\"\">Los estudiantes deben pagar el costo total de cualquier da\u00f1o que causen a la propiedad. Se pueden aplicar dep\u00f3sitos por da\u00f1os a ciertas opciones de alojamiento. Estos se pagan al momento del check-in o el primer d\u00eda de clases.<\/p>\n\n\n\n<p class=\"\"><strong>RESPONSABILIDAD<\/strong>&nbsp;<\/p>\n\n\n\n<p class=\"\">EC, su personal y sus representantes no ser\u00e1n responsables de p\u00e9rdidas, da\u00f1os ni lesiones a personas o bienes, independientemente de su causa, salvo que la ley lo establezca expresamente. EC no ser\u00e1 responsable en caso de que cualquier servicio contratado por EC resulte imposible de prestar por cualquier motivo o causa ajena a su control.<\/p>\n\n\n\n<p class=\"\"><strong>CANCELACI\u00d3N DE ALOJAMIENTO ANTES DE LA LLEGADA<\/strong>&nbsp;<\/p>\n\n\n\n<p class=\"\">A los estudiantes que cancelen o pospongan su alojamiento con 14 d\u00edas o menos de antelaci\u00f3n, por motivos distintos a la denegaci\u00f3n de visa, se les cobrar\u00e1 una tarifa de alojamiento de dos semanas, seg\u00fan la tarifa indicada en la lista de precios del alojamiento reservado y la tarifa de b\u00fasqueda de alojamiento. Los alojamientos reservados a trav\u00e9s de EC que no est\u00e9n sujetos a las condiciones de cancelaci\u00f3n est\u00e1ndar deben cancelarse o posponerse seg\u00fan las condiciones de cancelaci\u00f3n indicadas al momento de la reserva para evitar un cargo por cancelaci\u00f3n, que puede ascender al costo total de la estancia. Consulte tambi\u00e9n los T\u00e9rminos y Condiciones de cada residencia, disponibles en las hojas informativas correspondientes en ecenglish.com, o consulte con su representante de EC.<\/p>\n\n\n\n<p class=\"\"><strong>CANCELACI\u00d3N DE ALOJAMIENTO, REDUCCI\u00d3N DESPU\u00c9S DE LA LLEGADA O \u201cNO SHOWS\u201d<\/strong>&nbsp;<\/p>\n\n\n\n<p class=\"\">Los estudiantes que dejen su alojamiento deben notificarlo por escrito con 4 semanas de antelaci\u00f3n. Si no se proporciona dicho preaviso, se aplicar\u00e1 un cargo por cancelaci\u00f3n equivalente a 4 semanas del coste del alojamiento. Tras deducir el precio del alojamiento utilizado seg\u00fan la tarifa indicada en la lista de precios, incluyendo el preaviso requerido, se reembolsar\u00e1 el importe restante del alojamiento. Nota: Algunas opciones de alojamiento pueden estar sujetas a cargos por cancelaci\u00f3n alternativos. Si estos difieren de los mencionados anteriormente, se notificar\u00e1 a los estudiantes al realizar la reserva. Consulte tambi\u00e9n los T\u00e9rminos y Condiciones de cada residencia, disponibles en las fichas informativas correspondientes en la p\u00e1gina web de nuestros socios, o bien, cons\u00faltelos con su representante de EC.<\/p>\n\n\n\n<p class=\"\"><strong>CAMBIOS EN EL ALOJAMIENTO<\/strong>&nbsp;<\/p>\n\n\n\n<p style=\"padding-top:var(--wp--preset--spacing--s);padding-bottom:var(--wp--preset--spacing--s)\" class=\"\">EC se reserva el derecho de cobrar una tarifa administrativa de $150\/50 GBP\/80 EUR cada vez que se cambie o posponga el alojamiento despu\u00e9s de que EC haya confirmado el alojamiento solicitado.&nbsp;<\/p>\n<\/div>\n<\/div>\n","protected":false},"excerpt":{"rendered":"<p>Condiciones de alojamiento T\u00e9rminos y Condiciones para estudiantes EC POL\u00cdTICAS DE ALOJAMIENTO&nbsp; POL\u00cdTICAS DE ALOJAMIENTO PARA MENORES DE 18 A\u00d1OS&nbsp;<\/p>\n","protected":false},"author":9,"featured_media":0,"parent":4215,"menu_order":0,"comment_status":"closed","ping_status":"closed","template":"","meta":{"_acf_changed":false,"_trash_the_other_posts":false,"footnotes":""},"page_category":[],"activity_category":[],"activity_location":[],"course_category":[],"destination_age_group":[],"destination_category":[],"lesson_category":[],"class_list":["post-4632","page","type-page","status-publish","hentry"],"acf":[],"yoast_head":"<!-- This site is optimized with the Yoast SEO plugin v26.8 - https:\/\/yoast.com\/product\/yoast-seo-wordpress\/ -->\n<title>Pol\u00edtica de Alojamiento de EC English - Reglas y Normas<\/title>\n<meta name=\"description\" content=\"Consulta la Pol\u00edtica de Alojamiento de EC English: t\u00e9rminos, condiciones y normativas para estudiantes.\" \/>\n<meta name=\"robots\" content=\"noindex, follow, max-snippet:-1, max-image-preview:large, max-video-preview:-1\" \/>\n<meta property=\"og:locale\" content=\"en_US\" \/>\n<meta property=\"og:type\" content=\"article\" \/>\n<meta property=\"og:title\" content=\"Pol\u00edtica de Alojamiento de EC English - Reglas y Normas\" \/>\n<meta property=\"og:description\" content=\"Consulta la Pol\u00edtica de Alojamiento de EC English: t\u00e9rminos, condiciones y normativas para estudiantes.\" \/>\n<meta property=\"og:url\" content=\"https:\/\/ecenglish.com\/es\/terminos-condiciones-policy\/politica-de-alojamiento\/\" \/>\n<meta property=\"og:site_name\" content=\"EC English ( ES )\" \/>\n<meta property=\"article:modified_time\" content=\"2025-03-20T10:19:38+00:00\" \/>\n<meta name=\"twitter:card\" content=\"summary_large_image\" \/>\n<meta name=\"twitter:label1\" content=\"Est. reading time\" \/>\n\t<meta name=\"twitter:data1\" content=\"6 minutes\" \/>\n<script type=\"application\/ld+json\" class=\"yoast-schema-graph\">{\"@context\":\"https:\/\/schema.org\",\"@graph\":[{\"@type\":\"WebPage\",\"@id\":\"https:\/\/ecenglish.com\/es\/terminos-condiciones-policy\/politica-de-alojamiento\/\",\"url\":\"https:\/\/ecenglish.com\/es\/terminos-condiciones-policy\/politica-de-alojamiento\/\",\"name\":\"Pol\u00edtica de Alojamiento de EC English - Reglas y Normas\",\"isPartOf\":{\"@id\":\"https:\/\/ec.itmonks.dev\/es\/#website\"},\"datePublished\":\"2025-01-23T11:32:38+00:00\",\"dateModified\":\"2025-03-20T10:19:38+00:00\",\"description\":\"Consulta la Pol\u00edtica de Alojamiento de EC English: t\u00e9rminos, condiciones y normativas para estudiantes.\",\"breadcrumb\":{\"@id\":\"https:\/\/ecenglish.com\/es\/terminos-condiciones-policy\/politica-de-alojamiento\/#breadcrumb\"},\"inLanguage\":\"en-US\",\"potentialAction\":[{\"@type\":\"ReadAction\",\"target\":[\"https:\/\/ecenglish.com\/es\/terminos-condiciones-policy\/politica-de-alojamiento\/\"]}]},{\"@type\":\"BreadcrumbList\",\"@id\":\"https:\/\/ecenglish.com\/es\/terminos-condiciones-policy\/politica-de-alojamiento\/#breadcrumb\",\"itemListElement\":[{\"@type\":\"ListItem\",\"position\":1,\"name\":\"Home\",\"item\":\"https:\/\/ecenglish.com\/es\/\"},{\"@type\":\"ListItem\",\"position\":2,\"name\":\"Policy Documents\",\"item\":\"https:\/\/ecenglish.com\/es\/terminos-condiciones-policy\/\"},{\"@type\":\"ListItem\",\"position\":3,\"name\":\"Condiciones de alojamiento\"}]},{\"@type\":\"WebSite\",\"@id\":\"https:\/\/ec.itmonks.dev\/es\/#website\",\"url\":\"https:\/\/ec.itmonks.dev\/es\/\",\"name\":\"EC English ( ES )\",\"description\":\"\",\"potentialAction\":[{\"@type\":\"SearchAction\",\"target\":{\"@type\":\"EntryPoint\",\"urlTemplate\":\"https:\/\/ec.itmonks.dev\/es\/?s={search_term_string}\"},\"query-input\":{\"@type\":\"PropertyValueSpecification\",\"valueRequired\":true,\"valueName\":\"search_term_string\"}}],\"inLanguage\":\"en-US\"}]}<\/script>\n<!-- \/ Yoast SEO plugin. -->","yoast_head_json":{"title":"Pol\u00edtica de Alojamiento de EC English - Reglas y Normas","description":"Consulta la Pol\u00edtica de Alojamiento de EC English: t\u00e9rminos, condiciones y normativas para estudiantes.","robots":{"index":"noindex","follow":"follow","max-snippet":"max-snippet:-1","max-image-preview":"max-image-preview:large","max-video-preview":"max-video-preview:-1"},"og_locale":"en_US","og_type":"article","og_title":"Pol\u00edtica de Alojamiento de EC English - Reglas y Normas","og_description":"Consulta la Pol\u00edtica de Alojamiento de EC English: t\u00e9rminos, condiciones y normativas para estudiantes.","og_url":"https:\/\/ecenglish.com\/es\/terminos-condiciones-policy\/politica-de-alojamiento\/","og_site_name":"EC English ( ES )","article_modified_time":"2025-03-20T10:19:38+00:00","twitter_card":"summary_large_image","twitter_misc":{"Est. reading time":"6 minutes"},"schema":{"@context":"https:\/\/schema.org","@graph":[{"@type":"WebPage","@id":"https:\/\/ecenglish.com\/es\/terminos-condiciones-policy\/politica-de-alojamiento\/","url":"https:\/\/ecenglish.com\/es\/terminos-condiciones-policy\/politica-de-alojamiento\/","name":"Pol\u00edtica de Alojamiento de EC English - Reglas y Normas","isPartOf":{"@id":"https:\/\/ec.itmonks.dev\/es\/#website"},"datePublished":"2025-01-23T11:32:38+00:00","dateModified":"2025-03-20T10:19:38+00:00","description":"Consulta la Pol\u00edtica de Alojamiento de EC English: t\u00e9rminos, condiciones y normativas para estudiantes.","breadcrumb":{"@id":"https:\/\/ecenglish.com\/es\/terminos-condiciones-policy\/politica-de-alojamiento\/#breadcrumb"},"inLanguage":"en-US","potentialAction":[{"@type":"ReadAction","target":["https:\/\/ecenglish.com\/es\/terminos-condiciones-policy\/politica-de-alojamiento\/"]}]},{"@type":"BreadcrumbList","@id":"https:\/\/ecenglish.com\/es\/terminos-condiciones-policy\/politica-de-alojamiento\/#breadcrumb","itemListElement":[{"@type":"ListItem","position":1,"name":"Home","item":"https:\/\/ecenglish.com\/es\/"},{"@type":"ListItem","position":2,"name":"Policy Documents","item":"https:\/\/ecenglish.com\/es\/terminos-condiciones-policy\/"},{"@type":"ListItem","position":3,"name":"Condiciones de alojamiento"}]},{"@type":"WebSite","@id":"https:\/\/ec.itmonks.dev\/es\/#website","url":"https:\/\/ec.itmonks.dev\/es\/","name":"EC English ( ES )","description":"","potentialAction":[{"@type":"SearchAction","target":{"@type":"EntryPoint","urlTemplate":"https:\/\/ec.itmonks.dev\/es\/?s={search_term_string}"},"query-input":{"@type":"PropertyValueSpecification","valueRequired":true,"valueName":"search_term_string"}}],"inLanguage":"en-US"}]}},"_links":{"self":[{"href":"https:\/\/ec.itmonks.dev\/es\/wp-json\/wp\/v2\/pages\/4632","targetHints":{"allow":["GET"]}}],"collection":[{"href":"https:\/\/ec.itmonks.dev\/es\/wp-json\/wp\/v2\/pages"}],"about":[{"href":"https:\/\/ec.itmonks.dev\/es\/wp-json\/wp\/v2\/types\/page"}],"author":[{"embeddable":true,"href":"https:\/\/ec.itmonks.dev\/es\/wp-json\/wp\/v2\/users\/9"}],"replies":[{"embeddable":true,"href":"https:\/\/ec.itmonks.dev\/es\/wp-json\/wp\/v2\/comments?post=4632"}],"version-history":[{"count":5,"href":"https:\/\/ec.itmonks.dev\/es\/wp-json\/wp\/v2\/pages\/4632\/revisions"}],"predecessor-version":[{"id":16308,"href":"https:\/\/ec.itmonks.dev\/es\/wp-json\/wp\/v2\/pages\/4632\/revisions\/16308"}],"up":[{"embeddable":true,"href":"https:\/\/ec.itmonks.dev\/es\/wp-json\/wp\/v2\/pages\/4215"}],"wp:attachment":[{"href":"https:\/\/ec.itmonks.dev\/es\/wp-json\/wp\/v2\/media?parent=4632"}],"wp:term":[{"taxonomy":"page_category","embeddable":true,"href":"https:\/\/ec.itmonks.dev\/es\/wp-json\/wp\/v2\/page_category?post=4632"},{"taxonomy":"activity_category","embeddable":true,"href":"https:\/\/ec.itmonks.dev\/es\/wp-json\/wp\/v2\/activity_category?post=4632"},{"taxonomy":"activity_location","embeddable":true,"href":"https:\/\/ec.itmonks.dev\/es\/wp-json\/wp\/v2\/activity_location?post=4632"},{"taxonomy":"course_category","embeddable":true,"href":"https:\/\/ec.itmonks.dev\/es\/wp-json\/wp\/v2\/course_category?post=4632"},{"taxonomy":"destination_age_group","embeddable":true,"href":"https:\/\/ec.itmonks.dev\/es\/wp-json\/wp\/v2\/destination_age_group?post=4632"},{"taxonomy":"destination_category","embeddable":true,"href":"https:\/\/ec.itmonks.dev\/es\/wp-json\/wp\/v2\/destination_category?post=4632"},{"taxonomy":"lesson_category","embeddable":true,"href":"https:\/\/ec.itmonks.dev\/es\/wp-json\/wp\/v2\/lesson_category?post=4632"}],"curies":[{"name":"wp","href":"https:\/\/api.w.org\/{rel}","templated":true}]}}