{"id":4217,"date":"2025-01-21T16:01:02","date_gmt":"2025-01-21T16:01:02","guid":{"rendered":"https:\/\/ec.itmonks.dev\/es\/?page_id=4217"},"modified":"2025-02-28T15:34:57","modified_gmt":"2025-02-28T15:34:57","slug":"menores-de-18-anos","status":"publish","type":"page","link":"https:\/\/ec.itmonks.dev\/es\/terminos-condiciones-policy\/menores-de-18-anos\/","title":{"rendered":"Menores de 18 a\u00f1os en los centros EC del Reino Unido"},"content":{"rendered":"\n<div class=\"wp-block-group alignwide has-global-padding is-layout-constrained wp-block-group-is-layout-constrained\" style=\"padding-top:var(--wp--preset--spacing--xs);padding-bottom:var(--wp--preset--spacing--xs)\">\n<div class=\"wp-block-group alignwide has-global-padding is-content-justification-left is-layout-constrained wp-container-core-group-is-layout-12dd3699 wp-block-group-is-layout-constrained\"><div class=\"yoast-breadcrumbs\"><span><span><a href=\"https:\/\/ecenglish.com\/es\/\">Home<\/a><\/span> <svg viewBox=\"0 0 4 6\" xmlns=\"http:\/\/www.w3.org\/2000\/svg\"><path d=\"M.863 1.78a.659.659 0 0 1 0-.937.673.673 0 0 1 .946 0l1.976 1.96a.727.727 0 0 1 0 1.032l-1.97 1.953a.673.673 0 0 1-1.091-.215.659.659 0 0 1 .145-.723l1.545-1.531L.863 1.78Z\"\/><\/svg> <span><a href=\"https:\/\/ecenglish.com\/es\/terminos-condiciones-policy\/\">Policy Documents<\/a><\/span> <svg viewBox=\"0 0 4 6\" xmlns=\"http:\/\/www.w3.org\/2000\/svg\"><path d=\"M.863 1.78a.659.659 0 0 1 0-.937.673.673 0 0 1 .946 0l1.976 1.96a.727.727 0 0 1 0 1.032l-1.97 1.953a.673.673 0 0 1-1.091-.215.659.659 0 0 1 .145-.723l1.545-1.531L.863 1.78Z\"\/><\/svg> <span class=\"breadcrumb_last\" aria-current=\"page\">Menores de 18 a\u00f1os en los centros EC del Reino Unido<\/span><\/span><\/div><\/div>\n<\/div>\n\n\n\n<div class=\"wp-block-group alignwide has-global-padding is-layout-constrained wp-block-group-is-layout-constrained\" style=\"margin-top:var(--wp--preset--spacing--xxl);margin-bottom:var(--wp--preset--spacing--xxl)\">\n<div class=\"wp-block-group alignwide is-layout-flow wp-container-core-group-is-layout-07b55995 wp-block-group-is-layout-flow\" style=\"margin-top:0;margin-bottom:0\">\n<h1 class=\"wp-block-heading\"><strong><strong><strong>Menores de 18 a\u00f1os en los centros EC del Reino Unido<\/strong><\/strong><\/strong><\/h1>\n\n\n\n<p style=\"padding-top:var(--wp--preset--spacing--s);padding-bottom:var(--wp--preset--spacing--s)\" class=\"\">Aunque los centros y cursos de EC est\u00e1n dise\u00f1ados principalmente para estudiantes de 18 a\u00f1os o m\u00e1s, en todos nuestros centros del Reino Unido damos la bienvenida a estudiantes de 16 a\u00f1os o m\u00e1s. Sin embargo, tenga en cuenta que EC no proporciona supervisi\u00f3n las 24 horas del d\u00eda. Los viajes de ida y vuelta a la escuela no estar\u00e1n supervisados y correr\u00e1n a cargo del estudiante. Por la seguridad del estudiante, las familias de acogida est\u00e1n obligadas a informar de las llegadas despu\u00e9s del toque de queda por la noche, los 7 d\u00edas de la semana, y los profesores se\u00f1alar\u00e1n las ausencias en los 30 minutos siguientes al inicio de la clase para confirmar el paradero del estudiante. Los estudiantes menores de 18 a\u00f1os que asistan a un centro de EC y deseen reservar alojamiento con EC deber\u00e1n alojarse en casa de familia en r\u00e9gimen de media pensi\u00f3n (los estudiantes deber\u00e1n comprar su propio almuerzo, que costar\u00e1 hasta 6,00 libras esterlinas al d\u00eda).&nbsp;<\/p>\n\n\n\n<p class=\"\">Las siguientes notas han sido preparadas para los padres y tutores de estudiantes menores de 18 a\u00f1os para ayudarles a entender qu\u00e9 esperar cuando su hijo venga a estudiar a EC. Se ruega a los padres\/tutores que las lean antes de reservar a sus hijos para estudiar en nuestros centros.&nbsp;<\/p>\n\n\n\n<p class=\"\">Inducci\u00f3n para estudiantes menores de 18 a\u00f1os&nbsp;<\/p>\n\n\n\n<p class=\"\">Cuando vengan a estudiar con nosotros, los estudiantes menores de 18 a\u00f1os recibir\u00e1n una orientaci\u00f3n por parte del personal del centro responsable de los menores de 18 a\u00f1os. Esta introducci\u00f3n incluye informaci\u00f3n importante, como las normas de la escuela y del Reino Unido relativas a los menores de 18 a\u00f1os, las horas de toque de queda, los n\u00fameros de emergencia, as\u00ed como los servicios de apoyo proporcionados por EC y con qui\u00e9n pueden hablar los estudiantes si necesitan ayuda.&nbsp;<\/p>\n\n\n\n<p class=\"\">El toque de queda para los alumnos de 16 a 17 a\u00f1os es a las 23.00 horas&nbsp;<\/p>\n\n\n\n<p class=\"\">Los estudiantes menores de 18 a\u00f1os recibir\u00e1n un folleto informativo cuando vengan a estudiar a EC.&nbsp;<\/p>\n\n\n\n<p class=\"\">Reuniones semanales para estudiantes menores de 18 a\u00f1os&nbsp;<\/p>\n\n\n\n<p class=\"\">Los estudiantes menores de 18 a\u00f1os que asistan a un centro de EC tendr\u00e1n una reuni\u00f3n semanal con el personal del centro responsable de los menores de 18 a\u00f1os para comprobar su bienestar. Esta reuni\u00f3n es tambi\u00e9n una oportunidad para discutir cualquier problema o pregunta que los estudiantes puedan tener.&nbsp;<\/p>\n\n\n\n<p class=\"\">Autorizaci\u00f3n paterna para menores de 18 a\u00f1os que estudian en el Reino Unido&nbsp;<\/p>\n\n\n\n<p class=\"\">Los padres o tutores de los estudiantes menores de 18 a\u00f1os que estudien en centros de EC deber\u00e1n rellenar un formulario de autorizaci\u00f3n paterna y consentimiento m\u00e9dico en el momento de efectuar la reserva.\u00a0<\/p>\n\n\n\n<p class=\"\"><strong>Viajes de los menores de 18 a\u00f1os que estudian en el Reino Unido<\/strong>&nbsp;<\/p>\n\n\n\n<p class=\"\">EC exige que los estudiantes de 16 y 17 a\u00f1os que lleguen al Reino Unido entre las 8 de la tarde y las 8 de la ma\u00f1ana dispongan de traslados al aeropuerto organizados por la escuela a su llegada. Recomendamos que los estudiantes de 16 y 17 a\u00f1os que lleguen fuera de esta franja horaria reserven traslados desde el aeropuerto organizados por la escuela. Sin embargo, no insistimos, siempre y cuando la escuela reciba por adelantado los detalles del viaje del estudiante (horas y n\u00fameros de vuelo), n\u00famero de tel\u00e9fono de contacto y confirmaci\u00f3n de c\u00f3mo el estudiante llegar\u00e1 del aeropuerto a su alojamiento y su hora prevista de llegada al lugar de destino. EC tambi\u00e9n recomienda que los estudiantes de 16 y 17 a\u00f1os reserven los traslados desde el aeropuerto a la salida.\u00a0<\/p>\n\n\n\n<p class=\"\"><strong>Salvaguardia y protecci\u00f3n de la infancia<\/strong>&nbsp;<\/p>\n\n\n\n<p class=\"\">EC UK cuenta con una Pol\u00edtica de Salvaguarda y Protecci\u00f3n de la Infancia y una Pol\u00edtica de Seguridad Electr\u00f3nica para la salvaguarda de los estudiantes, incluidos los menores de 18 a\u00f1os que estudian en nuestros centros.&nbsp;<\/p>\n\n\n\n<p class=\"\"><\/p>\n\n\n\n<p class=\"\"><strong>Pol\u00edtica de salvaguardia y protecci\u00f3n de la infancia &#8211; Reino Unido&nbsp;<\/strong><\/p>\n\n\n\n<p class=\"\"><a href=\"https:\/\/ec.itmonks.dev\/ru\/wp-content\/uploads\/sites\/8\/2025\/02\/ec-safety-and-child-protection-policy_v2.22.pdf\">Pol\u00edtica de seguridad electr\u00f3nica &#8211; UK&nbsp;<\/a><\/p>\n\n\n\n<p class=\"\"><a href=\"https:\/\/ec.itmonks.dev\/ru\/wp-content\/uploads\/sites\/8\/2025\/02\/esafety_policy_uk.pdf\" target=\"_blank\" rel=\"noreferrer noopener\">E-safety Policy UK&nbsp;<\/a><\/p>\n\n\n\n<p class=\"\"><a href=\"https:\/\/ec.itmonks.dev\/ru\/wp-content\/uploads\/sites\/8\/2025\/02\/safeguarding_who_brighton.pdf\" target=\"_blank\" rel=\"noreferrer noopener\">Brighton &#8211; Salvaguardia y prevenci\u00f3n &#8211; Who&#8217;s Who&nbsp;<\/a><\/p>\n\n\n\n<p class=\"\"><a href=\"https:\/\/ec.itmonks.dev\/ru\/wp-content\/uploads\/sites\/8\/2025\/02\/safeguarding_who_bristol.pdf\" target=\"_blank\" rel=\"noreferrer noopener\">Bristol &#8211; Salvaguardia y prevenci\u00f3n &#8211; Who&#8217;s Who&nbsp;<\/a><\/p>\n\n\n\n<p class=\"\"><a href=\"https:\/\/ec.itmonks.dev\/ru\/wp-content\/uploads\/sites\/8\/2025\/02\/safeguarding_who_cambridge.pdf\" target=\"_blank\" rel=\"noreferrer noopener\">Cambridge &#8211; Salvaguardia y prevenci\u00f3n &#8211; Who&#8217;s Who&nbsp;<\/a><\/p>\n\n\n\n<p class=\"\"><a href=\"https:\/\/ec.itmonks.dev\/ru\/wp-content\/uploads\/sites\/8\/2025\/02\/safeguarding_who_cambridge.pdf\">London &#8211; Salvaguardia y prevenci\u00f3n<\/a> <a href=\"https:\/\/ec.itmonks.dev\/ru\/wp-content\/uploads\/sites\/8\/2025\/02\/safeguarding_who_cambridge.pdf\">&#8211; Who&#8217;s Who&nbsp;<\/a><\/p>\n\n\n\n<p class=\"\"><a href=\"https:\/\/ec.itmonks.dev\/ru\/wp-content\/uploads\/sites\/8\/2025\/02\/safeguarding_who_manchester.pdf\">Manchester &#8211; Salvaguardia y prevenci\u00f3n &#8211; Who&#8217;s Who&nbsp;<\/a><\/p>\n\n\n\n<p class=\"\"><a href=\"https:\/\/ec.itmonks.dev\/ru\/wp-content\/uploads\/sites\/8\/2025\/02\/parentalconsentform.pdf\">Formulario de autorizaci\u00f3n parental&nbsp;<\/a><\/p>\n<\/div>\n<\/div>\n\n\n\n<p class=\"\"><\/p>\n","protected":false},"excerpt":{"rendered":"<p>Menores de 18 a\u00f1os en los centros EC del Reino Unido Aunque los centros y cursos de EC est\u00e1n dise\u00f1ados<\/p>\n","protected":false},"author":9,"featured_media":5116,"parent":4215,"menu_order":0,"comment_status":"closed","ping_status":"closed","template":"","meta":{"_acf_changed":false,"_trash_the_other_posts":false,"footnotes":""},"page_category":[],"activity_category":[],"activity_location":[],"course_category":[],"destination_age_group":[],"destination_category":[],"lesson_category":[],"class_list":["post-4217","page","type-page","status-publish","has-post-thumbnail","hentry"],"acf":[],"yoast_head":"<!-- This site is optimized with the Yoast SEO plugin v26.8 - https:\/\/yoast.com\/product\/yoast-seo-wordpress\/ -->\n<title>EC English \u2013Documentos de pol\u00edtica para menores de 18 a\u00f1os<\/title>\n<meta name=\"description\" content=\"Consulta los documentos normativos del Reino Unido para estudiantes menores de 18 a\u00f1os en EC English UK y conoce los requisitos y regulaciones clave\" \/>\n<meta name=\"robots\" content=\"noindex, follow, max-snippet:-1, max-image-preview:large, max-video-preview:-1\" \/>\n<meta property=\"og:locale\" content=\"en_US\" \/>\n<meta property=\"og:type\" content=\"article\" \/>\n<meta property=\"og:title\" content=\"EC English \u2013Documentos de pol\u00edtica para menores de 18 a\u00f1os\" \/>\n<meta property=\"og:description\" content=\"Consulta los documentos normativos del Reino Unido para estudiantes menores de 18 a\u00f1os en EC English UK y conoce los requisitos y regulaciones clave\" \/>\n<meta property=\"og:url\" content=\"https:\/\/ecenglish.com\/es\/terminos-condiciones-policy\/menores-de-18-anos\/\" \/>\n<meta property=\"og:site_name\" content=\"EC English ( ES )\" \/>\n<meta property=\"article:modified_time\" content=\"2025-02-28T15:34:57+00:00\" \/>\n<meta property=\"og:image\" content=\"https:\/\/ecenglish.com\/es\/wp-content\/uploads\/sites\/8\/2025\/01\/Interested-Student-Listening-Classroom-EC.jpg\" \/>\n\t<meta property=\"og:image:width\" content=\"1620\" \/>\n\t<meta property=\"og:image:height\" content=\"1080\" \/>\n\t<meta property=\"og:image:type\" content=\"image\/jpeg\" \/>\n<meta name=\"twitter:card\" content=\"summary_large_image\" \/>\n<meta name=\"twitter:label1\" content=\"Est. reading time\" \/>\n\t<meta name=\"twitter:data1\" content=\"7 minutes\" \/>\n<script type=\"application\/ld+json\" class=\"yoast-schema-graph\">{\"@context\":\"https:\/\/schema.org\",\"@graph\":[{\"@type\":\"WebPage\",\"@id\":\"https:\/\/ecenglish.com\/es\/terminos-condiciones-policy\/menores-de-18-anos\/\",\"url\":\"https:\/\/ecenglish.com\/es\/terminos-condiciones-policy\/menores-de-18-anos\/\",\"name\":\"EC English \u2013Documentos de pol\u00edtica para menores de 18 a\u00f1os\",\"isPartOf\":{\"@id\":\"https:\/\/ec.itmonks.dev\/es\/#website\"},\"primaryImageOfPage\":{\"@id\":\"https:\/\/ecenglish.com\/es\/terminos-condiciones-policy\/menores-de-18-anos\/#primaryimage\"},\"image\":{\"@id\":\"https:\/\/ecenglish.com\/es\/terminos-condiciones-policy\/menores-de-18-anos\/#primaryimage\"},\"thumbnailUrl\":\"https:\/\/ec.itmonks.dev\/es\/wp-content\/uploads\/sites\/8\/2025\/01\/Interested-Student-Listening-Classroom-EC.jpg\",\"datePublished\":\"2025-01-21T16:01:02+00:00\",\"dateModified\":\"2025-02-28T15:34:57+00:00\",\"description\":\"Consulta los documentos normativos del Reino Unido para estudiantes menores de 18 a\u00f1os en EC English UK y conoce los requisitos y regulaciones clave\",\"breadcrumb\":{\"@id\":\"https:\/\/ecenglish.com\/es\/terminos-condiciones-policy\/menores-de-18-anos\/#breadcrumb\"},\"inLanguage\":\"en-US\",\"potentialAction\":[{\"@type\":\"ReadAction\",\"target\":[\"https:\/\/ecenglish.com\/es\/terminos-condiciones-policy\/menores-de-18-anos\/\"]}]},{\"@type\":\"ImageObject\",\"inLanguage\":\"en-US\",\"@id\":\"https:\/\/ecenglish.com\/es\/terminos-condiciones-policy\/menores-de-18-anos\/#primaryimage\",\"url\":\"https:\/\/ec.itmonks.dev\/es\/wp-content\/uploads\/sites\/8\/2025\/01\/Interested-Student-Listening-Classroom-EC.jpg\",\"contentUrl\":\"https:\/\/ec.itmonks.dev\/es\/wp-content\/uploads\/sites\/8\/2025\/01\/Interested-Student-Listening-Classroom-EC.jpg\",\"width\":1620,\"height\":1080,\"caption\":\"EC Gold Coast School\"},{\"@type\":\"BreadcrumbList\",\"@id\":\"https:\/\/ecenglish.com\/es\/terminos-condiciones-policy\/menores-de-18-anos\/#breadcrumb\",\"itemListElement\":[{\"@type\":\"ListItem\",\"position\":1,\"name\":\"Home\",\"item\":\"https:\/\/ecenglish.com\/es\/\"},{\"@type\":\"ListItem\",\"position\":2,\"name\":\"Policy Documents\",\"item\":\"https:\/\/ecenglish.com\/es\/terminos-condiciones-policy\/\"},{\"@type\":\"ListItem\",\"position\":3,\"name\":\"Menores de 18 a\u00f1os en los centros EC del Reino Unido\"}]},{\"@type\":\"WebSite\",\"@id\":\"https:\/\/ec.itmonks.dev\/es\/#website\",\"url\":\"https:\/\/ec.itmonks.dev\/es\/\",\"name\":\"EC English ( ES )\",\"description\":\"\",\"potentialAction\":[{\"@type\":\"SearchAction\",\"target\":{\"@type\":\"EntryPoint\",\"urlTemplate\":\"https:\/\/ec.itmonks.dev\/es\/?s={search_term_string}\"},\"query-input\":{\"@type\":\"PropertyValueSpecification\",\"valueRequired\":true,\"valueName\":\"search_term_string\"}}],\"inLanguage\":\"en-US\"}]}<\/script>\n<!-- \/ Yoast SEO plugin. -->","yoast_head_json":{"title":"EC English \u2013Documentos de pol\u00edtica para menores de 18 a\u00f1os","description":"Consulta los documentos normativos del Reino Unido para estudiantes menores de 18 a\u00f1os en EC English UK y conoce los requisitos y regulaciones clave","robots":{"index":"noindex","follow":"follow","max-snippet":"max-snippet:-1","max-image-preview":"max-image-preview:large","max-video-preview":"max-video-preview:-1"},"og_locale":"en_US","og_type":"article","og_title":"EC English \u2013Documentos de pol\u00edtica para menores de 18 a\u00f1os","og_description":"Consulta los documentos normativos del Reino Unido para estudiantes menores de 18 a\u00f1os en EC English UK y conoce los requisitos y regulaciones clave","og_url":"https:\/\/ecenglish.com\/es\/terminos-condiciones-policy\/menores-de-18-anos\/","og_site_name":"EC English ( ES )","article_modified_time":"2025-02-28T15:34:57+00:00","og_image":[{"width":1620,"height":1080,"url":"https:\/\/ecenglish.com\/es\/wp-content\/uploads\/sites\/8\/2025\/01\/Interested-Student-Listening-Classroom-EC.jpg","type":"image\/jpeg"}],"twitter_card":"summary_large_image","twitter_misc":{"Est. reading time":"7 minutes"},"schema":{"@context":"https:\/\/schema.org","@graph":[{"@type":"WebPage","@id":"https:\/\/ecenglish.com\/es\/terminos-condiciones-policy\/menores-de-18-anos\/","url":"https:\/\/ecenglish.com\/es\/terminos-condiciones-policy\/menores-de-18-anos\/","name":"EC English \u2013Documentos de pol\u00edtica para menores de 18 a\u00f1os","isPartOf":{"@id":"https:\/\/ec.itmonks.dev\/es\/#website"},"primaryImageOfPage":{"@id":"https:\/\/ecenglish.com\/es\/terminos-condiciones-policy\/menores-de-18-anos\/#primaryimage"},"image":{"@id":"https:\/\/ecenglish.com\/es\/terminos-condiciones-policy\/menores-de-18-anos\/#primaryimage"},"thumbnailUrl":"https:\/\/ec.itmonks.dev\/es\/wp-content\/uploads\/sites\/8\/2025\/01\/Interested-Student-Listening-Classroom-EC.jpg","datePublished":"2025-01-21T16:01:02+00:00","dateModified":"2025-02-28T15:34:57+00:00","description":"Consulta los documentos normativos del Reino Unido para estudiantes menores de 18 a\u00f1os en EC English UK y conoce los requisitos y regulaciones clave","breadcrumb":{"@id":"https:\/\/ecenglish.com\/es\/terminos-condiciones-policy\/menores-de-18-anos\/#breadcrumb"},"inLanguage":"en-US","potentialAction":[{"@type":"ReadAction","target":["https:\/\/ecenglish.com\/es\/terminos-condiciones-policy\/menores-de-18-anos\/"]}]},{"@type":"ImageObject","inLanguage":"en-US","@id":"https:\/\/ecenglish.com\/es\/terminos-condiciones-policy\/menores-de-18-anos\/#primaryimage","url":"https:\/\/ec.itmonks.dev\/es\/wp-content\/uploads\/sites\/8\/2025\/01\/Interested-Student-Listening-Classroom-EC.jpg","contentUrl":"https:\/\/ec.itmonks.dev\/es\/wp-content\/uploads\/sites\/8\/2025\/01\/Interested-Student-Listening-Classroom-EC.jpg","width":1620,"height":1080,"caption":"EC Gold Coast School"},{"@type":"BreadcrumbList","@id":"https:\/\/ecenglish.com\/es\/terminos-condiciones-policy\/menores-de-18-anos\/#breadcrumb","itemListElement":[{"@type":"ListItem","position":1,"name":"Home","item":"https:\/\/ecenglish.com\/es\/"},{"@type":"ListItem","position":2,"name":"Policy Documents","item":"https:\/\/ecenglish.com\/es\/terminos-condiciones-policy\/"},{"@type":"ListItem","position":3,"name":"Menores de 18 a\u00f1os en los centros EC del Reino Unido"}]},{"@type":"WebSite","@id":"https:\/\/ec.itmonks.dev\/es\/#website","url":"https:\/\/ec.itmonks.dev\/es\/","name":"EC English ( ES )","description":"","potentialAction":[{"@type":"SearchAction","target":{"@type":"EntryPoint","urlTemplate":"https:\/\/ec.itmonks.dev\/es\/?s={search_term_string}"},"query-input":{"@type":"PropertyValueSpecification","valueRequired":true,"valueName":"search_term_string"}}],"inLanguage":"en-US"}]}},"_links":{"self":[{"href":"https:\/\/ec.itmonks.dev\/es\/wp-json\/wp\/v2\/pages\/4217","targetHints":{"allow":["GET"]}}],"collection":[{"href":"https:\/\/ec.itmonks.dev\/es\/wp-json\/wp\/v2\/pages"}],"about":[{"href":"https:\/\/ec.itmonks.dev\/es\/wp-json\/wp\/v2\/types\/page"}],"author":[{"embeddable":true,"href":"https:\/\/ec.itmonks.dev\/es\/wp-json\/wp\/v2\/users\/9"}],"replies":[{"embeddable":true,"href":"https:\/\/ec.itmonks.dev\/es\/wp-json\/wp\/v2\/comments?post=4217"}],"version-history":[{"count":11,"href":"https:\/\/ec.itmonks.dev\/es\/wp-json\/wp\/v2\/pages\/4217\/revisions"}],"predecessor-version":[{"id":15497,"href":"https:\/\/ec.itmonks.dev\/es\/wp-json\/wp\/v2\/pages\/4217\/revisions\/15497"}],"up":[{"embeddable":true,"href":"https:\/\/ec.itmonks.dev\/es\/wp-json\/wp\/v2\/pages\/4215"}],"wp:featuredmedia":[{"embeddable":true,"href":"https:\/\/ec.itmonks.dev\/es\/wp-json\/wp\/v2\/media\/5116"}],"wp:attachment":[{"href":"https:\/\/ec.itmonks.dev\/es\/wp-json\/wp\/v2\/media?parent=4217"}],"wp:term":[{"taxonomy":"page_category","embeddable":true,"href":"https:\/\/ec.itmonks.dev\/es\/wp-json\/wp\/v2\/page_category?post=4217"},{"taxonomy":"activity_category","embeddable":true,"href":"https:\/\/ec.itmonks.dev\/es\/wp-json\/wp\/v2\/activity_category?post=4217"},{"taxonomy":"activity_location","embeddable":true,"href":"https:\/\/ec.itmonks.dev\/es\/wp-json\/wp\/v2\/activity_location?post=4217"},{"taxonomy":"course_category","embeddable":true,"href":"https:\/\/ec.itmonks.dev\/es\/wp-json\/wp\/v2\/course_category?post=4217"},{"taxonomy":"destination_age_group","embeddable":true,"href":"https:\/\/ec.itmonks.dev\/es\/wp-json\/wp\/v2\/destination_age_group?post=4217"},{"taxonomy":"destination_category","embeddable":true,"href":"https:\/\/ec.itmonks.dev\/es\/wp-json\/wp\/v2\/destination_category?post=4217"},{"taxonomy":"lesson_category","embeddable":true,"href":"https:\/\/ec.itmonks.dev\/es\/wp-json\/wp\/v2\/lesson_category?post=4217"}],"curies":[{"name":"wp","href":"https:\/\/api.w.org\/{rel}","templated":true}]}}