{"id":4630,"date":"2025-01-23T11:31:14","date_gmt":"2025-01-23T11:31:14","guid":{"rendered":"https:\/\/ec.itmonks.dev\/de\/?page_id=4630"},"modified":"2025-02-25T22:35:33","modified_gmt":"2025-02-25T22:35:33","slug":"verhaltenskodex","status":"publish","type":"page","link":"https:\/\/ec.itmonks.dev\/de\/richtlinien\/verhaltenskodex\/","title":{"rendered":"Verhaltenskodex"},"content":{"rendered":"\n<div class=\"wp-block-group alignwide has-global-padding is-layout-constrained wp-block-group-is-layout-constrained\" style=\"padding-top:var(--wp--preset--spacing--xs);padding-bottom:var(--wp--preset--spacing--xs)\">\n<div class=\"wp-block-group alignwide has-global-padding is-content-justification-left is-layout-constrained wp-container-core-group-is-layout-12dd3699 wp-block-group-is-layout-constrained\"><div class=\"yoast-breadcrumbs\"><span><span><a href=\"https:\/\/ecenglish.com\/de\/\">Home<\/a><\/span> <svg viewBox=\"0 0 4 6\" xmlns=\"http:\/\/www.w3.org\/2000\/svg\"><path d=\"M.863 1.78a.659.659 0 0 1 0-.937.673.673 0 0 1 .946 0l1.976 1.96a.727.727 0 0 1 0 1.032l-1.97 1.953a.673.673 0 0 1-1.091-.215.659.659 0 0 1 .145-.723l1.545-1.531L.863 1.78Z\"\/><\/svg> <span><a href=\"https:\/\/ecenglish.com\/de\/richtlinien\/\">Policy Documents<\/a><\/span> <svg viewBox=\"0 0 4 6\" xmlns=\"http:\/\/www.w3.org\/2000\/svg\"><path d=\"M.863 1.78a.659.659 0 0 1 0-.937.673.673 0 0 1 .946 0l1.976 1.96a.727.727 0 0 1 0 1.032l-1.97 1.953a.673.673 0 0 1-1.091-.215.659.659 0 0 1 .145-.723l1.545-1.531L.863 1.78Z\"\/><\/svg> <span class=\"breadcrumb_last\" aria-current=\"page\">Verhaltenskodex<\/span><\/span><\/div><\/div>\n<\/div>\n\n\n\n<div class=\"wp-block-group alignwide has-global-padding is-layout-constrained wp-block-group-is-layout-constrained\" style=\"margin-top:var(--wp--preset--spacing--xxl);margin-bottom:var(--wp--preset--spacing--xxl)\">\n<div class=\"wp-block-group alignwide is-layout-flow wp-container-core-group-is-layout-07b55995 wp-block-group-is-layout-flow\" style=\"margin-top:0;margin-bottom:0\">\n<h1 class=\"wp-block-heading\"><strong><strong><strong>EC-Verhaltenskodex f\u00fcr Sch\u00fcler<\/strong><\/strong><\/strong>:innen<\/h1>\n\n\n\n<p style=\"padding-top:var(--wp--preset--spacing--s);padding-bottom:var(--wp--preset--spacing--s)\" class=\"\">EC ist bestrebt, ein Lernumfeld zu f\u00f6rdern, das die Werte Respekt, W\u00fcrde, Ehrlichkeit, Integrit\u00e4t, Toleranz, Gleichheit und Vielfalt widerspiegelt. Wir erwarten von den an der EC eingeschriebenen Sch\u00fcler:innen, dass sie sich jederzeit reif, respektvoll und kooperativ verhalten. Lehrer, Verwaltungspersonal und Sch\u00fcler:innen tragen alle dazu bei, ein positives Lernumfeld im Klassenzimmer und auf dem Campus zu schaffen.<\/p>\n\n\n\n<p class=\"\">Von den Sch\u00fcler:innen wird erwartet, dass sie:\u00a0<\/p>\n\n\n\n<ul class=\"wp-block-list\">\n<li>das EC-Personal, die Lehrer:innen, die Mitsch\u00fcler:innen und ihr Eigentum respektieren und sich verantwortungsbewusst verhalten\u00a0\u00a0<\/li>\n<\/ul>\n\n\n\n<ul class=\"wp-block-list\">\n<li>sprache oder Handlungen vermeiden, die eine andere Person in der Schule verletzen oder sch\u00e4digen k\u00f6nnten\u00a0<\/li>\n<\/ul>\n\n\n\n<ul class=\"wp-block-list\">\n<li>sich ausweisen, wenn sie von einem EC-Mitarbeiter dazu aufgefordert werden\u00a0\u00a0<\/li>\n<\/ul>\n\n\n\n<ul class=\"wp-block-list\">\n<li>regelm\u00e4\u00dfig am Unterricht teilnehmen und gem\u00e4\u00df den EC-Anwesenheitsregeln p\u00fcnktlich erscheinen\u00a0<\/li>\n<\/ul>\n\n\n\n<ul class=\"wp-block-list\">\n<li>die Hausaufgaben p\u00fcnktlich erledigen, im Unterricht mithelfen und ein produktives Lernumfeld schaffen\u00a0<\/li>\n<\/ul>\n\n\n\n<ul class=\"wp-block-list\">\n<li>Handys im Unterricht weglegen, wenn sie dazu aufgefordert werden\u00a0<\/li>\n<\/ul>\n\n\n\n<ul class=\"wp-block-list\">\n<li>Handlungen vermeiden, die das Schulumfeld sch\u00e4digen oder gegen lokale und\/oder nationale Gesetze versto\u00dfen k\u00f6nnten\u00a0<\/li>\n<\/ul>\n\n\n\n<ul class=\"wp-block-list\">\n<li>die Rauchverbotsschilder und -gesetze befolgen und nur in den ausgewiesenen Raucherbereichen rauchen\u00a0\u00a0<\/li>\n<\/ul>\n\n\n\n<ul class=\"wp-block-list\">\n<li>Abfall vermeiden, indem alle Zigarettenstummel in Aschenbecher und alle anderen Abf\u00e4lle in M\u00fclleimer werfen &#8211; sowohl innerhalb als auch au\u00dferhalb des Schulgeb\u00e4udes\u00a0\u00a0<\/li>\n<\/ul>\n\n\n\n<ul class=\"wp-block-list\">\n<li>R\u00fccksicht auf Personen nehmen, die das Geb\u00e4ude betreten\/verlassen oder auf den Gehwegen au\u00dferhalb des Geb\u00e4udes gehen\u00a0<\/li>\n\n\n\n<li>in der Schule, einschlie\u00dflich der Klassenr\u00e4ume, Flure, B\u00fcros und Aufenthaltsr\u00e4ume, nur Englisch sprechen\u00a0<\/li>\n<\/ul>\n<\/div>\n<\/div>\n","protected":false},"excerpt":{"rendered":"<p>EC-Verhaltenskodex f\u00fcr Sch\u00fcler:innen EC ist bestrebt, ein Lernumfeld zu f\u00f6rdern, das die Werte Respekt, W\u00fcrde, Ehrlichkeit, Integrit\u00e4t, Toleranz, Gleichheit und<\/p>\n","protected":false},"author":9,"featured_media":0,"parent":4215,"menu_order":0,"comment_status":"closed","ping_status":"closed","template":"","meta":{"_acf_changed":false,"_trash_the_other_posts":false,"footnotes":""},"page_category":[],"activity_category":[],"activity_location":[],"course_category":[],"destination_age_group":[],"destination_category":[],"lesson_category":[],"class_list":["post-4630","page","type-page","status-publish","hentry"],"acf":[],"yoast_head":"<!-- This site is optimized with the Yoast SEO plugin v26.8 - https:\/\/yoast.com\/product\/yoast-seo-wordpress\/ -->\n<title>\u202fVerhaltenskodex f\u00fcr Sch\u00fcler - EC-Sprachschulen f\u00fcr Englisch<\/title>\n<meta name=\"description\" content=\"Verhaltenskodex f\u00fcr Sch\u00fcler, die EC-Sprachschulen besuchen\u202f\" \/>\n<meta name=\"robots\" content=\"noindex, follow, max-snippet:-1, max-image-preview:large, max-video-preview:-1\" \/>\n<meta property=\"og:locale\" content=\"en_US\" \/>\n<meta property=\"og:type\" content=\"article\" \/>\n<meta property=\"og:title\" content=\"\u202fVerhaltenskodex f\u00fcr Sch\u00fcler - EC-Sprachschulen f\u00fcr Englisch\" \/>\n<meta property=\"og:description\" content=\"Verhaltenskodex f\u00fcr Sch\u00fcler, die EC-Sprachschulen besuchen\u202f\" \/>\n<meta property=\"og:url\" content=\"https:\/\/ecenglish.com\/de\/richtlinien\/verhaltenskodex\/\" \/>\n<meta property=\"og:site_name\" content=\"EC English ( DE )\" \/>\n<meta property=\"article:modified_time\" content=\"2025-02-25T22:35:33+00:00\" \/>\n<meta name=\"twitter:card\" content=\"summary_large_image\" \/>\n<meta name=\"twitter:label1\" content=\"Est. reading time\" \/>\n\t<meta name=\"twitter:data1\" content=\"1 minute\" \/>\n<script type=\"application\/ld+json\" class=\"yoast-schema-graph\">{\"@context\":\"https:\/\/schema.org\",\"@graph\":[{\"@type\":\"WebPage\",\"@id\":\"https:\/\/ecenglish.com\/de\/richtlinien\/verhaltenskodex\/\",\"url\":\"https:\/\/ecenglish.com\/de\/richtlinien\/verhaltenskodex\/\",\"name\":\"\u202fVerhaltenskodex f\u00fcr Sch\u00fcler - EC-Sprachschulen f\u00fcr Englisch\",\"isPartOf\":{\"@id\":\"https:\/\/ec.itmonks.dev\/de\/#website\"},\"datePublished\":\"2025-01-23T11:31:14+00:00\",\"dateModified\":\"2025-02-25T22:35:33+00:00\",\"description\":\"Verhaltenskodex f\u00fcr Sch\u00fcler, die EC-Sprachschulen besuchen\u202f\",\"breadcrumb\":{\"@id\":\"https:\/\/ecenglish.com\/de\/richtlinien\/verhaltenskodex\/#breadcrumb\"},\"inLanguage\":\"en-US\",\"potentialAction\":[{\"@type\":\"ReadAction\",\"target\":[\"https:\/\/ecenglish.com\/de\/richtlinien\/verhaltenskodex\/\"]}]},{\"@type\":\"BreadcrumbList\",\"@id\":\"https:\/\/ecenglish.com\/de\/richtlinien\/verhaltenskodex\/#breadcrumb\",\"itemListElement\":[{\"@type\":\"ListItem\",\"position\":1,\"name\":\"Home\",\"item\":\"https:\/\/ecenglish.com\/de\/\"},{\"@type\":\"ListItem\",\"position\":2,\"name\":\"Policy Documents\",\"item\":\"https:\/\/ecenglish.com\/de\/richtlinien\/\"},{\"@type\":\"ListItem\",\"position\":3,\"name\":\"Verhaltenskodex\"}]},{\"@type\":\"WebSite\",\"@id\":\"https:\/\/ec.itmonks.dev\/de\/#website\",\"url\":\"https:\/\/ec.itmonks.dev\/de\/\",\"name\":\"EC English ( DE )\",\"description\":\"\",\"potentialAction\":[{\"@type\":\"SearchAction\",\"target\":{\"@type\":\"EntryPoint\",\"urlTemplate\":\"https:\/\/ec.itmonks.dev\/de\/?s={search_term_string}\"},\"query-input\":{\"@type\":\"PropertyValueSpecification\",\"valueRequired\":true,\"valueName\":\"search_term_string\"}}],\"inLanguage\":\"en-US\"}]}<\/script>\n<!-- \/ Yoast SEO plugin. -->","yoast_head_json":{"title":"\u202fVerhaltenskodex f\u00fcr Sch\u00fcler - EC-Sprachschulen f\u00fcr Englisch","description":"Verhaltenskodex f\u00fcr Sch\u00fcler, die EC-Sprachschulen besuchen\u202f","robots":{"index":"noindex","follow":"follow","max-snippet":"max-snippet:-1","max-image-preview":"max-image-preview:large","max-video-preview":"max-video-preview:-1"},"og_locale":"en_US","og_type":"article","og_title":"\u202fVerhaltenskodex f\u00fcr Sch\u00fcler - EC-Sprachschulen f\u00fcr Englisch","og_description":"Verhaltenskodex f\u00fcr Sch\u00fcler, die EC-Sprachschulen besuchen\u202f","og_url":"https:\/\/ecenglish.com\/de\/richtlinien\/verhaltenskodex\/","og_site_name":"EC English ( DE )","article_modified_time":"2025-02-25T22:35:33+00:00","twitter_card":"summary_large_image","twitter_misc":{"Est. reading time":"1 minute"},"schema":{"@context":"https:\/\/schema.org","@graph":[{"@type":"WebPage","@id":"https:\/\/ecenglish.com\/de\/richtlinien\/verhaltenskodex\/","url":"https:\/\/ecenglish.com\/de\/richtlinien\/verhaltenskodex\/","name":"\u202fVerhaltenskodex f\u00fcr Sch\u00fcler - EC-Sprachschulen f\u00fcr Englisch","isPartOf":{"@id":"https:\/\/ec.itmonks.dev\/de\/#website"},"datePublished":"2025-01-23T11:31:14+00:00","dateModified":"2025-02-25T22:35:33+00:00","description":"Verhaltenskodex f\u00fcr Sch\u00fcler, die EC-Sprachschulen besuchen\u202f","breadcrumb":{"@id":"https:\/\/ecenglish.com\/de\/richtlinien\/verhaltenskodex\/#breadcrumb"},"inLanguage":"en-US","potentialAction":[{"@type":"ReadAction","target":["https:\/\/ecenglish.com\/de\/richtlinien\/verhaltenskodex\/"]}]},{"@type":"BreadcrumbList","@id":"https:\/\/ecenglish.com\/de\/richtlinien\/verhaltenskodex\/#breadcrumb","itemListElement":[{"@type":"ListItem","position":1,"name":"Home","item":"https:\/\/ecenglish.com\/de\/"},{"@type":"ListItem","position":2,"name":"Policy Documents","item":"https:\/\/ecenglish.com\/de\/richtlinien\/"},{"@type":"ListItem","position":3,"name":"Verhaltenskodex"}]},{"@type":"WebSite","@id":"https:\/\/ec.itmonks.dev\/de\/#website","url":"https:\/\/ec.itmonks.dev\/de\/","name":"EC English ( DE )","description":"","potentialAction":[{"@type":"SearchAction","target":{"@type":"EntryPoint","urlTemplate":"https:\/\/ec.itmonks.dev\/de\/?s={search_term_string}"},"query-input":{"@type":"PropertyValueSpecification","valueRequired":true,"valueName":"search_term_string"}}],"inLanguage":"en-US"}]}},"_links":{"self":[{"href":"https:\/\/ec.itmonks.dev\/de\/wp-json\/wp\/v2\/pages\/4630","targetHints":{"allow":["GET"]}}],"collection":[{"href":"https:\/\/ec.itmonks.dev\/de\/wp-json\/wp\/v2\/pages"}],"about":[{"href":"https:\/\/ec.itmonks.dev\/de\/wp-json\/wp\/v2\/types\/page"}],"author":[{"embeddable":true,"href":"https:\/\/ec.itmonks.dev\/de\/wp-json\/wp\/v2\/users\/9"}],"replies":[{"embeddable":true,"href":"https:\/\/ec.itmonks.dev\/de\/wp-json\/wp\/v2\/comments?post=4630"}],"version-history":[{"count":8,"href":"https:\/\/ec.itmonks.dev\/de\/wp-json\/wp\/v2\/pages\/4630\/revisions"}],"predecessor-version":[{"id":16404,"href":"https:\/\/ec.itmonks.dev\/de\/wp-json\/wp\/v2\/pages\/4630\/revisions\/16404"}],"up":[{"embeddable":true,"href":"https:\/\/ec.itmonks.dev\/de\/wp-json\/wp\/v2\/pages\/4215"}],"wp:attachment":[{"href":"https:\/\/ec.itmonks.dev\/de\/wp-json\/wp\/v2\/media?parent=4630"}],"wp:term":[{"taxonomy":"page_category","embeddable":true,"href":"https:\/\/ec.itmonks.dev\/de\/wp-json\/wp\/v2\/page_category?post=4630"},{"taxonomy":"activity_category","embeddable":true,"href":"https:\/\/ec.itmonks.dev\/de\/wp-json\/wp\/v2\/activity_category?post=4630"},{"taxonomy":"activity_location","embeddable":true,"href":"https:\/\/ec.itmonks.dev\/de\/wp-json\/wp\/v2\/activity_location?post=4630"},{"taxonomy":"course_category","embeddable":true,"href":"https:\/\/ec.itmonks.dev\/de\/wp-json\/wp\/v2\/course_category?post=4630"},{"taxonomy":"destination_age_group","embeddable":true,"href":"https:\/\/ec.itmonks.dev\/de\/wp-json\/wp\/v2\/destination_age_group?post=4630"},{"taxonomy":"destination_category","embeddable":true,"href":"https:\/\/ec.itmonks.dev\/de\/wp-json\/wp\/v2\/destination_category?post=4630"},{"taxonomy":"lesson_category","embeddable":true,"href":"https:\/\/ec.itmonks.dev\/de\/wp-json\/wp\/v2\/lesson_category?post=4630"}],"curies":[{"name":"wp","href":"https:\/\/api.w.org\/{rel}","templated":true}]}}